{"id":26187,"date":"2023-10-27T00:25:17","date_gmt":"2023-10-27T00:25:17","guid":{"rendered":"https:\/\/store.handsomecake.com\/product\/dragon-ball-majin-vegeta-11-resin-statue-bust-von-clouds-studio\/"},"modified":"2024-06-12T16:11:27","modified_gmt":"2024-06-12T16:11:27","slug":"dragon-ball-majin-vegeta-11-resin-statue-bust-von-clouds-studio","status":"publish","type":"product","link":"https:\/\/store.handsomecake.com\/en\/product\/dragon-ball-majin-vegeta-11-resin-statue-bust-von-clouds-studio\/","title":{"rendered":"Dragon Ball &#8211; Majin Vegeta | 1:1 Resin Statue\/Bust | von Clouds Studio"},"content":{"rendered":"<p><strong>Dragon Ball &#8211; Majin Vegeta | 1:1 Resin Statue\/Bust | von Clouds Studio<\/strong><\/p>\n<p>I do ship EU-wide, please contact me, should questions arise.<\/p>\n<p>Tolle Statue von einem von Vegeta&#8217;s Transformationen<br \/>\nWunderbar verarbeitete und sehr detaillierte Majin Vegeta Statue und B\u00fcste aus Polystone &#8211; k\u00fcnstlichem Stein-Harz-Gemisch.<\/p>\n<p><strong>Besonderheiten:<\/strong><\/p>\n<ul>\n<li>zwei Varianten sind verf\u00fcgbar : Statue und B\u00fcste<\/li>\n<li>Statue mit LED<\/li>\n<\/ul>\n<p><strong>Release-Status:<\/strong><\/p>\n<ul>\n<li>Vorbestellung, Release erwartet Ende Q3 2024, Collectible bei uns im Lager sch\u00e4tzungsweise Ende Oktober 2024<\/li>\n<\/ul>\n<p>Wie immer bei meinen Aktionen &#8211; s\u00e4mtliche Geb\u00fchren sind, im Gegensatz zu anderen Angeboten, bereits inkludiert. Versand erfolgt ausschlie\u00dflich aus Deutschland, es fallen keine Zoll- und Importgeb\u00fchren an. Ihr kauft keine Katze im Sack \ud83d\ude42<\/p>\n<p><strong>Ma\u00dfe der Statue:<\/strong><\/p>\n<ul>\n<li>Gr\u00f6\u00dfe( B\u00fcste ): ca. H133cm x W82cm x D68cm<\/li>\n<li>Gr\u00f6\u00dfe( Statue ): ca. H221cm x W119cm x D90cm<\/li>\n<li>Gewicht: TBA, gesch\u00e4tzt ca.35kg<\/li>\n<\/ul>\n<p>You are not prepared! \ud83d\ude42<\/p>","protected":false},"excerpt":{"rendered":"<p>Dragon Ball &#8211; Majin Vegeta | 1:1 Resin Statue\/Bust | von Clouds Studio I do ship EU-wide, please contact me, should questions arise. Tolle Statue von einem von Vegeta&#8217;s Transformationen Wunderbar verarbeitete und sehr detaillierte Majin Vegeta Statue und B\u00fcste aus Polystone &#8211; k\u00fcnstlichem Stein-Harz-Gemisch. Besonderheiten: zwei Varianten sind verf\u00fcgbar : Statue und B\u00fcste Statue [&hellip;]<\/p>\n","protected":false},"featured_media":26191,"comment_status":"closed","ping_status":"closed","template":"","meta":[],"product_brand":[],"product_cat":[24,87,568,84],"product_tag":[147,251,738,190,1976,1977,191,97,1978,1975,1980,1981,154,136,137,379,381,1979,380,382],"class_list":{"0":"post-26187","1":"product","2":"type-product","3":"status-publish","4":"has-post-thumbnail","6":"product_cat-action-figuren","7":"product_cat-dragon-ball","8":"product_cat-preorder","9":"product_cat-statuen-anime-comic-universum","10":"product_tag-collectibles","11":"product_tag-collectibles-kaufen","12":"product_tag-dragon-ball","13":"product_tag-dragon-ball-collectibles","14":"product_tag-dragon-ball-majin-vegeta","15":"product_tag-dragon-ball-majin-vegeta-collectible","16":"product_tag-dragon-ball-resin","17":"product_tag-dragon-ball-statue","18":"product_tag-dragon-ball-z-majin-vegeta","19":"product_tag-majin-vegeta","20":"product_tag-majin-vegeta-collectible","21":"product_tag-majin-vegeta-statue","22":"product_tag-resin-collectibles","23":"product_tag-resin-statuen","24":"product_tag-resin-statuen-kaufen","25":"product_tag-statue-collectible","26":"product_tag-statue-collectibles","27":"product_tag-statuen","28":"product_tag-statues-collectible","29":"product_tag-statues-collectibles","30":"pa_brand-clouds-studio","31":"pa_scale-1_to_1","33":"first","34":"instock","35":"taxable","36":"shipping-taxable","37":"product-type-variable"},"_links":{"self":[{"href":"https:\/\/store.handsomecake.com\/en\/wp-json\/wp\/v2\/product\/26187","targetHints":{"allow":["GET"]}}],"collection":[{"href":"https:\/\/store.handsomecake.com\/en\/wp-json\/wp\/v2\/product"}],"about":[{"href":"https:\/\/store.handsomecake.com\/en\/wp-json\/wp\/v2\/types\/product"}],"replies":[{"embeddable":true,"href":"https:\/\/store.handsomecake.com\/en\/wp-json\/wp\/v2\/comments?post=26187"}],"wp:featuredmedia":[{"embeddable":true,"href":"https:\/\/store.handsomecake.com\/en\/wp-json\/wp\/v2\/media\/26191"}],"wp:attachment":[{"href":"https:\/\/store.handsomecake.com\/en\/wp-json\/wp\/v2\/media?parent=26187"}],"wp:term":[{"taxonomy":"product_brand","embeddable":true,"href":"https:\/\/store.handsomecake.com\/en\/wp-json\/wp\/v2\/product_brand?post=26187"},{"taxonomy":"product_cat","embeddable":true,"href":"https:\/\/store.handsomecake.com\/en\/wp-json\/wp\/v2\/product_cat?post=26187"},{"taxonomy":"product_tag","embeddable":true,"href":"https:\/\/store.handsomecake.com\/en\/wp-json\/wp\/v2\/product_tag?post=26187"}],"curies":[{"name":"wp","href":"https:\/\/api.w.org\/{rel}","templated":true}]}}