{"id":26174,"date":"2023-10-27T00:21:16","date_gmt":"2023-10-27T00:21:16","guid":{"rendered":"https:\/\/store.handsomecake.com\/product\/dc-comics-harley-quinn-16-resin-statue-von-tsume-studio\/"},"modified":"2024-06-12T16:11:01","modified_gmt":"2024-06-12T16:11:01","slug":"dc-comics-harley-quinn-16-resin-statue-von-tsume-studio","status":"publish","type":"product","link":"https:\/\/store.handsomecake.com\/en\/product\/dc-comics-harley-quinn-16-resin-statue-von-tsume-studio\/","title":{"rendered":"DC Comics &#8211; Harley Quinn | 1:6 Resin Statue | von Tsume Studio"},"content":{"rendered":"<p><strong>DC Comics &#8211; Harley Quinn | 1:6 Resin Statue | von Tsume Studio<\/strong><\/p>\n<p>I do ship EU-wide, please contact me, should questions arise.<\/p>\n<p><span style=\"color: #ffffff;\"><em><span style=\"background-color: #2c3e50;\">\u00a0&#8220; I&#8217;m Rubber, You&#8217;re Glue, Whatever You Say Bounces Off Me And Makes A Six-Inch-Diameter Exit Wound In You.&#8220;\u00a0 <\/span><\/em><\/span><\/p>\n<p>Tolle Statue von Jokers treuer Begleiterin<br \/>\nWunderbar verarbeitete und sehr detaillierte Harley Quinn Statue aus Polystone &#8211; k\u00fcnstlichem Stein-Harz-Gemisch.<\/p>\n<p><strong>Besonderheiten:<\/strong><\/p>\n<ul>\n<li>mit LED<\/li>\n<li>mit extra austauschbarer Figur von Harley<\/li>\n<li>weltweit 600 St\u00fcck<\/li>\n<\/ul>\n<p><strong>Release-Status:<\/strong><\/p>\n<ul>\n<li>Preorder. Release sch\u00e4tzungsweise Q4 2025, bei uns im Lager voraussichtlich Ende Februar 2026.<\/li>\n<\/ul>\n<p>Wie immer bei meinen Aktionen &#8211; s\u00e4mtliche Geb\u00fchren sind, im Gegensatz zu anderen Angeboten, bereits inkludiert. Versand erfolgt ausschlie\u00dflich aus Deutschland, es fallen keine Zoll- und Importgeb\u00fchren an. Ihr kauft keine Katze im Sack \ud83d\ude42<\/p>\n<p><strong>Ma\u00dfe der Statue:<\/strong><\/p>\n<ul>\n<li>Gr\u00f6\u00dfe: ca. H71cm x D58cm x W72cm<\/li>\n<li>Gewicht: TBA, gesch\u00e4tzt ca.16kg<\/li>\n<\/ul>\n<p>You are not prepared! \ud83d\ude42<\/p>","protected":false},"excerpt":{"rendered":"<p>DC Comics &#8211; Harley Quinn | 1:6 Resin Statue | von Tsume Studio I do ship EU-wide, please contact me, should questions arise. \u00a0&#8220; I&#8217;m Rubber, You&#8217;re Glue, Whatever You Say Bounces Off Me And Makes A Six-Inch-Diameter Exit Wound In You.&#8220;\u00a0 Tolle Statue von Jokers treuer Begleiterin Wunderbar verarbeitete und sehr detaillierte Harley Quinn [&hellip;]<\/p>\n","protected":false},"featured_media":26175,"comment_status":"closed","ping_status":"closed","template":"","meta":[],"product_brand":[],"product_cat":[24,268,568,84],"product_tag":[612,640,29,796,797,798,799,801,1224,147,251,383,551,282,284,557,281,283,553,795,154,136,137,554,379,381,552,547,1247],"class_list":{"0":"post-26174","1":"product","2":"type-product","3":"status-publish","4":"has-post-thumbnail","6":"product_cat-action-figuren","7":"product_cat-dc","8":"product_cat-preorder","9":"product_cat-statuen-anime-comic-universum","10":"product_tag-anime","11":"product_tag-anime-statuen","12":"product_tag-batman","13":"product_tag-batman-bust","14":"product_tag-batman-bueste","15":"product_tag-batman-collectible","16":"product_tag-batman-collectibles","17":"product_tag-batman-statue","18":"product_tag-catwoman-collector","19":"product_tag-collectibles","20":"product_tag-collectibles-kaufen","21":"product_tag-collector","22":"product_tag-dc","23":"product_tag-dc-collectibles","24":"product_tag-dc-collectibles-kaufen","25":"product_tag-dc-collector","26":"product_tag-dc-comics","27":"product_tag-dc-comics-collectibles","28":"product_tag-figure-collector","29":"product_tag-handsomecake","30":"product_tag-resin-collectibles","31":"product_tag-resin-statuen","32":"product_tag-resin-statuen-kaufen","33":"product_tag-resin-statues","34":"product_tag-statue-collectible","35":"product_tag-statue-collectibles","36":"product_tag-statue-collector","37":"product_tag-statues-collector","38":"product_tag-the-batman","39":"pa_brand-tsume-studio","40":"pa_scale-1_to_6","42":"first","43":"instock","44":"taxable","45":"shipping-taxable","46":"product-type-simple"},"_links":{"self":[{"href":"https:\/\/store.handsomecake.com\/en\/wp-json\/wp\/v2\/product\/26174","targetHints":{"allow":["GET"]}}],"collection":[{"href":"https:\/\/store.handsomecake.com\/en\/wp-json\/wp\/v2\/product"}],"about":[{"href":"https:\/\/store.handsomecake.com\/en\/wp-json\/wp\/v2\/types\/product"}],"replies":[{"embeddable":true,"href":"https:\/\/store.handsomecake.com\/en\/wp-json\/wp\/v2\/comments?post=26174"}],"wp:featuredmedia":[{"embeddable":true,"href":"https:\/\/store.handsomecake.com\/en\/wp-json\/wp\/v2\/media\/26175"}],"wp:attachment":[{"href":"https:\/\/store.handsomecake.com\/en\/wp-json\/wp\/v2\/media?parent=26174"}],"wp:term":[{"taxonomy":"product_brand","embeddable":true,"href":"https:\/\/store.handsomecake.com\/en\/wp-json\/wp\/v2\/product_brand?post=26174"},{"taxonomy":"product_cat","embeddable":true,"href":"https:\/\/store.handsomecake.com\/en\/wp-json\/wp\/v2\/product_cat?post=26174"},{"taxonomy":"product_tag","embeddable":true,"href":"https:\/\/store.handsomecake.com\/en\/wp-json\/wp\/v2\/product_tag?post=26174"}],"curies":[{"name":"wp","href":"https:\/\/api.w.org\/{rel}","templated":true}]}}