{"id":26156,"date":"2023-10-27T00:16:29","date_gmt":"2023-10-27T00:16:29","guid":{"rendered":"https:\/\/store.handsomecake.com\/product\/my-dress-up-darling-kitagawa-marin-14-resin-statue-von-sc-studio\/"},"modified":"2024-06-12T16:10:55","modified_gmt":"2024-06-12T16:10:55","slug":"my-dress-up-darling-kitagawa-marin-14-resin-statue-von-sc-studio","status":"publish","type":"product","link":"https:\/\/store.handsomecake.com\/en\/product\/my-dress-up-darling-kitagawa-marin-14-resin-statue-von-sc-studio\/","title":{"rendered":"My Dress-Up Darling &#8211; Kitagawa Marin | 1:4 Resin Statue | von SC Studio"},"content":{"rendered":"<p><strong>My Dress-Up Darling &#8211; Kitagawa Marin | 1:4 Resin Statue | von SC Studio<\/strong><\/p>\n<p>EU Taxfree! I do ship EU-wide, please contact me, should questions arise.<\/p>\n<p><span style=\"color: #ffffff;\"><em><span style=\"background-color: #2c3e50;\">\u00a0&#8220; Does being a girl or a boy matter when you really like something? &#8220;\u00a0 <\/span><\/em><\/span><\/p>\n<p>Tolle Statue von Sono Bisque Doll wa Koi wo suru<br \/>\nWunderbar verarbeitete und sehr detaillierte Statue von Marin Kitagawa aus Polystone &#8211; k\u00fcnstlichem Stein-Harz-Gemisch.<\/p>\n<p><strong>Besonderheiten:<\/strong><\/p>\n<ul>\n<li>Kleidung abnehmbar<\/li>\n<\/ul>\n<p><strong>Release-Status:<\/strong><\/p>\n<ul>\n<li>Pre order. Release am Ende Q3 2024 erwartet, bei uns im Lager voraussichtlich Ende Oktober 2024.<\/li>\n<\/ul>\n<p>Wie immer bei meinen Artikeln &#8211; s\u00e4mtliche Geb\u00fchren sind, im Gegensatz zu anderen Angeboten, bereits inkludiert. Versand erfolgt ausschlie\u00dflich aus Deutschland, es fallen keine Zoll- und Importgeb\u00fchren an. Ihr kauft keine Katze im Sack \ud83d\ude42<\/p>\n<p><strong>Ma\u00dfe der Statue:<\/strong><\/p>\n<ul>\n<li>Gr\u00f6\u00dfe: ca. H43cm x W20cm x D17cm<\/li>\n<li>Gewicht: TBA, ca. 10kg (gesch\u00e4tzt)<\/li>\n<\/ul>\n<p>You are not prepared! \ud83d\ude42<\/p>","protected":false},"excerpt":{"rendered":"<p>My Dress-Up Darling &#8211; Kitagawa Marin | 1:4 Resin Statue | von SC Studio EU Taxfree! I do ship EU-wide, please contact me, should questions arise. \u00a0&#8220; Does being a girl or a boy matter when you really like something? &#8220;\u00a0 Tolle Statue von Sono Bisque Doll wa Koi wo suru Wunderbar verarbeitete und sehr [&hellip;]<\/p>\n","protected":false},"featured_media":26157,"comment_status":"closed","ping_status":"closed","template":"","meta":[],"product_brand":[],"product_cat":[24,568,84],"product_tag":[612,656,659,1344,657,640,658,147,251,1348,795,1346,1345,1349,1347,154,136,137,1350],"class_list":{"0":"post-26156","1":"product","2":"type-product","3":"status-publish","4":"has-post-thumbnail","6":"product_cat-action-figuren","7":"product_cat-preorder","8":"product_cat-statuen-anime-comic-universum","9":"product_tag-anime","10":"product_tag-anime-collectibles","11":"product_tag-anime-figuren","12":"product_tag-anime-figuren-kitagawa","13":"product_tag-anime-figures","14":"product_tag-anime-statuen","15":"product_tag-anime-toys","16":"product_tag-collectibles","17":"product_tag-collectibles-kaufen","18":"product_tag-dress-up-darling-collectibles","19":"product_tag-handsomecake","20":"product_tag-kitagawa","21":"product_tag-marin-kitagawa","22":"product_tag-marin-kitagawa-kaufen","23":"product_tag-my-dress-up-darling-anime","24":"product_tag-resin-collectibles","25":"product_tag-resin-statuen","26":"product_tag-resin-statuen-kaufen","27":"product_tag-sono-bisque-doll-wa-koi-wo-suru","28":"pa_brand-sc-studio","29":"pa_scale-1_to_4","31":"first","32":"instock","33":"taxable","34":"shipping-taxable","35":"product-type-simple"},"_links":{"self":[{"href":"https:\/\/store.handsomecake.com\/en\/wp-json\/wp\/v2\/product\/26156","targetHints":{"allow":["GET"]}}],"collection":[{"href":"https:\/\/store.handsomecake.com\/en\/wp-json\/wp\/v2\/product"}],"about":[{"href":"https:\/\/store.handsomecake.com\/en\/wp-json\/wp\/v2\/types\/product"}],"replies":[{"embeddable":true,"href":"https:\/\/store.handsomecake.com\/en\/wp-json\/wp\/v2\/comments?post=26156"}],"wp:featuredmedia":[{"embeddable":true,"href":"https:\/\/store.handsomecake.com\/en\/wp-json\/wp\/v2\/media\/26157"}],"wp:attachment":[{"href":"https:\/\/store.handsomecake.com\/en\/wp-json\/wp\/v2\/media?parent=26156"}],"wp:term":[{"taxonomy":"product_brand","embeddable":true,"href":"https:\/\/store.handsomecake.com\/en\/wp-json\/wp\/v2\/product_brand?post=26156"},{"taxonomy":"product_cat","embeddable":true,"href":"https:\/\/store.handsomecake.com\/en\/wp-json\/wp\/v2\/product_cat?post=26156"},{"taxonomy":"product_tag","embeddable":true,"href":"https:\/\/store.handsomecake.com\/en\/wp-json\/wp\/v2\/product_tag?post=26156"}],"curies":[{"name":"wp","href":"https:\/\/api.w.org\/{rel}","templated":true}]}}