{"id":26099,"date":"2023-10-24T23:12:50","date_gmt":"2023-10-24T23:12:50","guid":{"rendered":"https:\/\/store.handsomecake.com\/product\/street-fighter-cammy-white-16-resin-statue-von-sixth-star-studio\/"},"modified":"2024-07-18T13:46:48","modified_gmt":"2024-07-18T13:46:48","slug":"street-fighter-cammy-white-16-resin-statue-von-sixth-star-studio","status":"publish","type":"product","link":"https:\/\/store.handsomecake.com\/en\/product\/street-fighter-cammy-white-16-resin-statue-von-sixth-star-studio\/","title":{"rendered":"Street Fighter &#8211; Cammy White | 1:6 Resin Statue | von Sixth Star Studio"},"content":{"rendered":"<p><strong>Street Fighter &#8211; Cammy White | 1:6 Resin Statue | von Sixth Star Studio<\/strong><\/p>\n<p>I do ship EU-wide, please contact me, should questions arise.<\/p>\n<p><span style=\"color: #ffffff;\"><em><span style=\"background-color: #2c3e50;\">&#8220; Were my killer combos too much for you, huh?! &#8220;\u00a0 <\/span><\/em><\/span><\/p>\n<p>Tolle Statue unserer geliebten MI6 Agentin &#8211; Killer Bee<br \/>\nWunderbar verarbeitete und sehr detaillierte Cammy White Statue aus Polystone &#8211; k\u00fcnstlichem Stein-Harz-Gemisch.<\/p>\n<p><strong>Besonderheiten:<\/strong><\/p>\n<ul>\n<li>keine<\/li>\n<\/ul>\n<p>Release-Status:<br \/>\nPreorder. Statue wird voraussichtlich Q3 2024 released. Wir erwarten sie im Warenlager sch\u00e4tzungsweise Ende Oktober 2024.<\/p>\n<p>Wie immer bei meinen Aktionen &#8211; s\u00e4mtliche Geb\u00fchren sind, im Gegensatz zu anderen Angeboten, bereits inkludiert. Versand erfolgt ausschlie\u00dflich aus Deutschland, es fallen keine Zoll- und Importgeb\u00fchren an. Ihr kauft keine Katze im Sack \ud83d\ude42<\/p>\n<p><strong>Ma\u00dfe der Statue:<\/strong><\/p>\n<ul>\n<li>Gr\u00f6\u00dfe: ca. 32cm x 25cm x 19cm<\/li>\n<li>Gewicht: ca. 8kg (gesch\u00e4tzt)<\/li>\n<\/ul>\n<p>You are not prepared! \ud83d\ude42<\/p>","protected":false},"excerpt":{"rendered":"<p>Street Fighter &#8211; Cammy White | 1:6 Resin Statue | von Sixth Star Studio I do ship EU-wide, please contact me, should questions arise. &#8220; Were my killer combos too much for you, huh?! &#8220;\u00a0 Tolle Statue unserer geliebten MI6 Agentin &#8211; Killer Bee Wunderbar verarbeitete und sehr detaillierte Cammy White Statue aus Polystone &#8211; [&hellip;]<\/p>\n","protected":false},"featured_media":26100,"comment_status":"closed","ping_status":"closed","template":"","meta":[],"product_brand":[],"product_cat":[24,568,81,430],"product_tag":[612,717,640,658,1159,1156,1158,1157,479,147,251,383,553,795,154,255,136,137,554,379,381,552,380,382,547,432,1160,433,434],"class_list":{"0":"post-26099","1":"product","2":"type-product","3":"status-publish","4":"has-post-thumbnail","6":"product_cat-action-figuren","7":"product_cat-preorder","8":"product_cat-statuen-computerspieluniversum","9":"product_cat-street-fighter","10":"product_tag-anime","11":"product_tag-anime-shop","12":"product_tag-anime-statuen","13":"product_tag-anime-toys","14":"product_tag-cammy-collectible","15":"product_tag-cammy-figurine","16":"product_tag-cammy-statue","17":"product_tag-cammy-toy","18":"product_tag-collectible","19":"product_tag-collectibles","20":"product_tag-collectibles-kaufen","21":"product_tag-collector","22":"product_tag-figure-collector","23":"product_tag-handsomecake","24":"product_tag-resin-collectibles","25":"product_tag-resin-collectibles-kaufen","26":"product_tag-resin-statuen","27":"product_tag-resin-statuen-kaufen","28":"product_tag-resin-statues","29":"product_tag-statue-collectible","30":"product_tag-statue-collectibles","31":"product_tag-statue-collector","32":"product_tag-statues-collectible","33":"product_tag-statues-collectibles","34":"product_tag-statues-collector","35":"product_tag-street-fighter","36":"product_tag-street-fighter-cammy","37":"product_tag-street-fighter-collectibles","38":"product_tag-street-fighter-statuen","39":"pa_brand-sixth-star-studio","40":"pa_scale-1_to_6","42":"first","43":"instock","44":"taxable","45":"shipping-taxable","46":"product-type-simple"},"_links":{"self":[{"href":"https:\/\/store.handsomecake.com\/en\/wp-json\/wp\/v2\/product\/26099","targetHints":{"allow":["GET"]}}],"collection":[{"href":"https:\/\/store.handsomecake.com\/en\/wp-json\/wp\/v2\/product"}],"about":[{"href":"https:\/\/store.handsomecake.com\/en\/wp-json\/wp\/v2\/types\/product"}],"replies":[{"embeddable":true,"href":"https:\/\/store.handsomecake.com\/en\/wp-json\/wp\/v2\/comments?post=26099"}],"wp:featuredmedia":[{"embeddable":true,"href":"https:\/\/store.handsomecake.com\/en\/wp-json\/wp\/v2\/media\/26100"}],"wp:attachment":[{"href":"https:\/\/store.handsomecake.com\/en\/wp-json\/wp\/v2\/media?parent=26099"}],"wp:term":[{"taxonomy":"product_brand","embeddable":true,"href":"https:\/\/store.handsomecake.com\/en\/wp-json\/wp\/v2\/product_brand?post=26099"},{"taxonomy":"product_cat","embeddable":true,"href":"https:\/\/store.handsomecake.com\/en\/wp-json\/wp\/v2\/product_cat?post=26099"},{"taxonomy":"product_tag","embeddable":true,"href":"https:\/\/store.handsomecake.com\/en\/wp-json\/wp\/v2\/product_tag?post=26099"}],"curies":[{"name":"wp","href":"https:\/\/api.w.org\/{rel}","templated":true}]}}