{"id":26051,"date":"2023-10-18T22:18:27","date_gmt":"2023-10-18T22:18:27","guid":{"rendered":"https:\/\/store.handsomecake.com\/product\/pokemon-desert-scene-14-resin-statue-von-gene-studio\/"},"modified":"2024-06-12T16:10:23","modified_gmt":"2024-06-12T16:10:23","slug":"pokemon-desert-scene-14-resin-statue-von-gene-studio","status":"publish","type":"product","link":"https:\/\/store.handsomecake.com\/en\/product\/pokemon-desert-scene-14-resin-statue-von-gene-studio\/","title":{"rendered":"Pok\u00e9mon &#8211; Desert Scene | 1:4 Resin Statue | von Gene Studio"},"content":{"rendered":"<p><strong>Pok\u00e9mon &#8211; Desert Scene | 1:4 Resin Statue | von Gene Studio<\/strong><\/p>\n<p>I do ship EU-wide, please contact me, should questions arise.<\/p>\n<p>Tolle Pok\u00e9mon Statue<br \/>\nWunderbar verarbeitete und sehr detaillierte Desert Scene Statue aus Polystone &#8211; k\u00fcnstlichem Stein-Harz-Gemisch.<\/p>\n<p><strong>Besonderheiten:<\/strong><\/p>\n<ul>\n<li>128 St\u00fcck weltweit<\/li>\n<\/ul>\n<p><strong>Release-Status:<\/strong><\/p>\n<ul>\n<li>Preorder. Statue wird sch\u00e4tzungsweise am Ende Q3 2024 fertiggestellt und wir erwarten sie bei uns im Lager gegen Ende Oktober 2024.<\/li>\n<\/ul>\n<p>Wie immer bei meinen Aktionen &#8211; s\u00e4mtliche Geb\u00fchren sind, im Gegensatz zu anderen Angeboten, bereits inkludiert. Versand erfolgt ausschlie\u00dflich aus Deutschland, es fallen keine Zoll- und Importgeb\u00fchren an. Ihr kauft keine Katze im Sack \ud83d\ude42<\/p>\n<p><strong>Ma\u00dfe der Statue:<\/strong><\/p>\n<ul>\n<li>Gr\u00f6\u00dfe: ca. 60cm x 43cm x 32cm<\/li>\n<li>Gewicht: TBA, gesch\u00e4tzt: ca. 12kg<\/li>\n<\/ul>\n<p>You are not prepared! \ud83d\ude42<\/p>","protected":false},"excerpt":{"rendered":"<p>Pok\u00e9mon &#8211; Desert Scene | 1:4 Resin Statue | von Gene Studio I do ship EU-wide, please contact me, should questions arise. Tolle Pok\u00e9mon Statue Wunderbar verarbeitete und sehr detaillierte Desert Scene Statue aus Polystone &#8211; k\u00fcnstlichem Stein-Harz-Gemisch. Besonderheiten: 128 St\u00fcck weltweit Release-Status: Preorder. Statue wird sch\u00e4tzungsweise am Ende Q3 2024 fertiggestellt und wir erwarten [&hellip;]<\/p>\n","protected":false},"featured_media":26052,"comment_status":"closed","ping_status":"closed","template":"","meta":[],"product_brand":[],"product_cat":[24,125,568,84],"product_tag":[147,251,211,213,212,154,136,137],"class_list":{"0":"post-26051","1":"product","2":"type-product","3":"status-publish","4":"has-post-thumbnail","6":"product_cat-action-figuren","7":"product_cat-pokemon","8":"product_cat-preorder","9":"product_cat-statuen-anime-comic-universum","10":"product_tag-collectibles","11":"product_tag-collectibles-kaufen","12":"product_tag-pokemon","13":"product_tag-pokemon-collectibles","14":"product_tag-pokemon-statuen","15":"product_tag-resin-collectibles","16":"product_tag-resin-statuen","17":"product_tag-resin-statuen-kaufen","18":"pa_brand-gene-studio","19":"pa_scale-1_to_4","21":"first","22":"instock","23":"taxable","24":"shipping-taxable","25":"product-type-simple"},"_links":{"self":[{"href":"https:\/\/store.handsomecake.com\/en\/wp-json\/wp\/v2\/product\/26051","targetHints":{"allow":["GET"]}}],"collection":[{"href":"https:\/\/store.handsomecake.com\/en\/wp-json\/wp\/v2\/product"}],"about":[{"href":"https:\/\/store.handsomecake.com\/en\/wp-json\/wp\/v2\/types\/product"}],"replies":[{"embeddable":true,"href":"https:\/\/store.handsomecake.com\/en\/wp-json\/wp\/v2\/comments?post=26051"}],"wp:featuredmedia":[{"embeddable":true,"href":"https:\/\/store.handsomecake.com\/en\/wp-json\/wp\/v2\/media\/26052"}],"wp:attachment":[{"href":"https:\/\/store.handsomecake.com\/en\/wp-json\/wp\/v2\/media?parent=26051"}],"wp:term":[{"taxonomy":"product_brand","embeddable":true,"href":"https:\/\/store.handsomecake.com\/en\/wp-json\/wp\/v2\/product_brand?post=26051"},{"taxonomy":"product_cat","embeddable":true,"href":"https:\/\/store.handsomecake.com\/en\/wp-json\/wp\/v2\/product_cat?post=26051"},{"taxonomy":"product_tag","embeddable":true,"href":"https:\/\/store.handsomecake.com\/en\/wp-json\/wp\/v2\/product_tag?post=26051"}],"curies":[{"name":"wp","href":"https:\/\/api.w.org\/{rel}","templated":true}]}}