{"id":26013,"date":"2023-10-18T17:52:59","date_gmt":"2023-10-18T17:52:59","guid":{"rendered":"https:\/\/store.handsomecake.com\/product\/final-fantasy-rikku-14-resin-statue-von-joy-station\/"},"modified":"2025-07-07T15:51:16","modified_gmt":"2025-07-07T15:51:16","slug":"final-fantasy-rikku-14-resin-statue-von-joy-station","status":"publish","type":"product","link":"https:\/\/store.handsomecake.com\/en\/product\/final-fantasy-rikku-14-resin-statue-von-joy-station\/","title":{"rendered":"Final Fantasy &#8211; Rikku | 1:4 Resin Statue | von JOY Station"},"content":{"rendered":"<p><strong>Final Fantasy &#8211; Rikku | 1:4 Resin Statue | von JOY Station<\/strong><\/p>\n<p>EU Taxfree! I do ship EU-wide, please contact me, should questions arise.<\/p>\n<p><span style=\"color: #ffffff;\"><em><span style=\"background-color: #2c3e50;\">&#8220; I&#8217;m gonna whack you good! &#8222;<\/span><\/em><\/span><\/p>\n<p>Tolle Statue der Tochter von Cid und Yunas Cousine.<br \/>\nWunderbar verarbeitete und sehr detaillierte Rikku Statue aus Polystone &#8211; k\u00fcnstlichem Stein-Harz-Gemisch.<\/p>\n<p><strong>Besonderheiten:<\/strong><\/p>\n<ul>\n<li>weltweit 150 St\u00fcck<\/li>\n<\/ul>\n<p><strong>Release-Status:<\/strong><\/p>\n<ul>\n<li>\n<p class=\"p1\">Lagernd vor Ort \/ In Stock in Germany. Versandfertig in ca. 5 Werktagen.<\/p>\n<\/li>\n<\/ul>\n<p>Wie immer bei meinen Aktionen &#8211; s\u00e4mtliche Geb\u00fchren sind, im Gegensatz zu anderen Angeboten, bereits inkludiert. Versand erfolgt ausschlie\u00dflich aus Deutschland, es fallen keine Zoll- und Importgeb\u00fchren an. Ihr kauft keine Katze im Sack \ud83d\ude42<\/p>\n<p><strong>Ma\u00dfe der Statue:<\/strong><\/p>\n<ul>\n<li>Gr\u00f6\u00dfe: H60cm x L24cm x W22cm<\/li>\n<li>Gewicht : TBA, gesch\u00e4tzt: ca. 12kg<\/li>\n<\/ul>\n<p>You are not prepared! \ud83d\ude42<\/p>","protected":false},"excerpt":{"rendered":"<p>Final Fantasy &#8211; Rikku | 1:4 Resin Statue | von JOY Station EU Taxfree! I do ship EU-wide, please contact me, should questions arise. &#8220; I&#8217;m gonna whack you good! &#8222; Tolle Statue der Tochter von Cid und Yunas Cousine. Wunderbar verarbeitete und sehr detaillierte Rikku Statue aus Polystone &#8211; k\u00fcnstlichem Stein-Harz-Gemisch. Besonderheiten: weltweit 150 [&hellip;]<\/p>\n","protected":false},"featured_media":26014,"comment_status":"closed","ping_status":"closed","template":"","meta":[],"product_brand":[],"product_cat":[24,197,826,81],"product_tag":[612,666,717,794,662,640,658,147,251,198,199,822,2935,2936,200,795,154,255,136,137,2938,2937,2939,379,381,552,665,380,382,547],"class_list":{"0":"post-26013","1":"product","2":"type-product","3":"status-publish","4":"has-post-thumbnail","6":"product_cat-action-figuren","7":"product_cat-final-fantasy","8":"product_cat-lagernd-vor-ort","9":"product_cat-statuen-computerspieluniversum","10":"product_tag-anime","11":"product_tag-anime-figuren-shop","12":"product_tag-anime-shop","13":"product_tag-anime-statue","14":"product_tag-anime-statue-shop","15":"product_tag-anime-statuen","16":"product_tag-anime-toys","17":"product_tag-collectibles","18":"product_tag-collectibles-kaufen","19":"product_tag-final-fantasy","20":"product_tag-final-fantasy-collectibles","21":"product_tag-final-fantasy-resin","22":"product_tag-final-fantasy-rikku","23":"product_tag-final-fantasy-rikku-toy","24":"product_tag-final-fantasy-statuen","25":"product_tag-handsomecake","26":"product_tag-resin-collectibles","27":"product_tag-resin-collectibles-kaufen","28":"product_tag-resin-statuen","29":"product_tag-resin-statuen-kaufen","30":"product_tag-rikku","31":"product_tag-rikku-collectible","32":"product_tag-rikku-statue","33":"product_tag-statue-collectible","34":"product_tag-statue-collectibles","35":"product_tag-statue-collector","36":"product_tag-statuen-shop","37":"product_tag-statues-collectible","38":"product_tag-statues-collectibles","39":"product_tag-statues-collector","40":"pa_brand-joy-station-collectibles","41":"pa_scale-1_to_4","43":"first","44":"instock","45":"taxable","46":"shipping-taxable","47":"product-type-simple"},"_links":{"self":[{"href":"https:\/\/store.handsomecake.com\/en\/wp-json\/wp\/v2\/product\/26013","targetHints":{"allow":["GET"]}}],"collection":[{"href":"https:\/\/store.handsomecake.com\/en\/wp-json\/wp\/v2\/product"}],"about":[{"href":"https:\/\/store.handsomecake.com\/en\/wp-json\/wp\/v2\/types\/product"}],"replies":[{"embeddable":true,"href":"https:\/\/store.handsomecake.com\/en\/wp-json\/wp\/v2\/comments?post=26013"}],"wp:featuredmedia":[{"embeddable":true,"href":"https:\/\/store.handsomecake.com\/en\/wp-json\/wp\/v2\/media\/26014"}],"wp:attachment":[{"href":"https:\/\/store.handsomecake.com\/en\/wp-json\/wp\/v2\/media?parent=26013"}],"wp:term":[{"taxonomy":"product_brand","embeddable":true,"href":"https:\/\/store.handsomecake.com\/en\/wp-json\/wp\/v2\/product_brand?post=26013"},{"taxonomy":"product_cat","embeddable":true,"href":"https:\/\/store.handsomecake.com\/en\/wp-json\/wp\/v2\/product_cat?post=26013"},{"taxonomy":"product_tag","embeddable":true,"href":"https:\/\/store.handsomecake.com\/en\/wp-json\/wp\/v2\/product_tag?post=26013"}],"curies":[{"name":"wp","href":"https:\/\/api.w.org\/{rel}","templated":true}]}}