{"id":25988,"date":"2023-10-18T13:48:05","date_gmt":"2023-10-18T13:48:05","guid":{"rendered":"https:\/\/store.handsomecake.com\/product\/naruto-sasuke-uchiha-12-resin-statue-von-ditaishe-x-temple-studio-2\/"},"modified":"2024-06-12T16:10:05","modified_gmt":"2024-06-12T16:10:05","slug":"naruto-sasuke-uchiha-12-resin-statue-von-ditaishe-x-temple-studio-2","status":"publish","type":"product","link":"https:\/\/store.handsomecake.com\/en\/product\/naruto-sasuke-uchiha-12-resin-statue-von-ditaishe-x-temple-studio-2\/","title":{"rendered":"Naruto &#8211; Sasuke Uchiha | 1:2 Resin Statue | von DiTaiShe x Temple Studio"},"content":{"rendered":"<div id=\"tab-description\" class=\"woocommerce-Tabs-panel woocommerce-Tabs-panel--description panel entry-content wc-tab\" role=\"tabpanel\" aria-labelledby=\"tab-title-description\">\n<p><strong>Naruto \u2013 Sasuke Uchiha | 1:2 Resin Statue | von DiTaiShe x Temple Studio<\/strong><\/p>\n<p>EU Taxfree! I do ship EU-wide, please contact me, should questions arise.<\/p>\n<p><span style=\"color: #ffffff;\"><em><span style=\"background-color: #2c3e50;\">\u201cThose who do not understand true pain can never understand true peace.\u201d<\/span><\/em><\/span><\/p>\n<p>Tolle Statue eines der letzten noch lebenden Mitglieder des Uchiha-Clans<br \/>\nWunderbar verarbeitete und sehr detaillierte Statue von Sasuke aus Polystone \u2013 k\u00fcnstlichem Stein-Harz-Gemisch.<\/p>\n<p><strong>Besonderheiten:<\/strong><\/p>\n<ul>\n<li>188 St\u00fcck weltweit<\/li>\n<li>in Gr\u00f6sse 1:2 und 1:4 verf\u00fcgbar<\/li>\n<li>A Version (mit Tattoo) und B Version verf\u00fcgbar<\/li>\n<\/ul>\n<p><strong>Release-Status:<\/strong><\/p>\n<ul>\n<li>Preorder. Statue wird voraussichtlich Q2 2024 erscheinen und wir erwarten sie voraussichtlich August 2024 im Warenlager.<\/li>\n<\/ul>\n<p>Wie immer bei meinen Artikeln \u2013 s\u00e4mtliche Geb\u00fchren sind, im Gegensatz zu anderen Angeboten, bereits inkludiert. Versand erfolgt ausschlie\u00dflich aus Deutschland, es fallen keine Zoll- und Importgeb\u00fchren an. Ihr kauft keine Katze im Sack \ud83d\ude42<\/p>\n<p><strong>Ma\u00dfe der Statue:<\/strong><\/p>\n<ul>\n<li>Gr\u00f6\u00dfe (1\/4 ): ca. H60cm x W35cm x D32cm<\/li>\n<li>Gr\u00f6\u00dfe (1\/2 ): ca. H105cm x W58cm x D53cm<\/li>\n<li>Gewicht: ca. 16kg (gesch\u00e4tzt)<\/li>\n<\/ul>\n<p>You are not prepared! \ud83d\ude42<\/p>\n<\/div>\n<p>&nbsp;<\/p>","protected":false},"excerpt":{"rendered":"<p>Naruto \u2013 Sasuke Uchiha | 1:2 Resin Statue | von DiTaiShe x Temple Studio EU Taxfree! I do ship EU-wide, please contact me, should questions arise. \u201cThose who do not understand true pain can never understand true peace.\u201d Tolle Statue eines der letzten noch lebenden Mitglieder des Uchiha-Clans Wunderbar verarbeitete und sehr detaillierte Statue von [&hellip;]<\/p>\n","protected":false},"featured_media":25993,"comment_status":"closed","ping_status":"closed","template":"","meta":[],"product_brand":[],"product_cat":[24,88,568,84],"product_tag":[656,659,660,657,640,658,147,251,168,296,1304,169,170,154,136,137,1303,2634,2635,2636],"class_list":{"0":"post-25988","1":"product","2":"type-product","3":"status-publish","4":"has-post-thumbnail","6":"product_cat-action-figuren","7":"product_cat-naruto","8":"product_cat-preorder","9":"product_cat-statuen-anime-comic-universum","10":"product_tag-anime-collectibles","11":"product_tag-anime-figuren","12":"product_tag-anime-figuren-naruto","13":"product_tag-anime-figures","14":"product_tag-anime-statuen","15":"product_tag-anime-toys","16":"product_tag-collectibles","17":"product_tag-collectibles-kaufen","18":"product_tag-naruto-collectibles","19":"product_tag-naruto-collectibles-kaufen","20":"product_tag-naruto-sasuke","21":"product_tag-naruto-statuen","22":"product_tag-naruto-statuen-kaufen","23":"product_tag-resin-collectibles","24":"product_tag-resin-statuen","25":"product_tag-resin-statuen-kaufen","26":"product_tag-sasuke","27":"product_tag-sasuke-uchiha","28":"product_tag-uchiha","29":"product_tag-uchiha-statue","30":"pa_brand-di-tai-she-studio","32":"first","33":"instock","34":"taxable","35":"shipping-taxable","36":"product-type-variable"},"_links":{"self":[{"href":"https:\/\/store.handsomecake.com\/en\/wp-json\/wp\/v2\/product\/25988","targetHints":{"allow":["GET"]}}],"collection":[{"href":"https:\/\/store.handsomecake.com\/en\/wp-json\/wp\/v2\/product"}],"about":[{"href":"https:\/\/store.handsomecake.com\/en\/wp-json\/wp\/v2\/types\/product"}],"replies":[{"embeddable":true,"href":"https:\/\/store.handsomecake.com\/en\/wp-json\/wp\/v2\/comments?post=25988"}],"wp:featuredmedia":[{"embeddable":true,"href":"https:\/\/store.handsomecake.com\/en\/wp-json\/wp\/v2\/media\/25993"}],"wp:attachment":[{"href":"https:\/\/store.handsomecake.com\/en\/wp-json\/wp\/v2\/media?parent=25988"}],"wp:term":[{"taxonomy":"product_brand","embeddable":true,"href":"https:\/\/store.handsomecake.com\/en\/wp-json\/wp\/v2\/product_brand?post=25988"},{"taxonomy":"product_cat","embeddable":true,"href":"https:\/\/store.handsomecake.com\/en\/wp-json\/wp\/v2\/product_cat?post=25988"},{"taxonomy":"product_tag","embeddable":true,"href":"https:\/\/store.handsomecake.com\/en\/wp-json\/wp\/v2\/product_tag?post=25988"}],"curies":[{"name":"wp","href":"https:\/\/api.w.org\/{rel}","templated":true}]}}