{"id":25894,"date":"2023-10-13T10:19:47","date_gmt":"2023-10-13T10:19:47","guid":{"rendered":"https:\/\/store.handsomecake.com\/product\/jujutsu-kaisen-satoru-gojo-vs-fushiguro-toji-16-resin-statue-von-niren-studio\/"},"modified":"2024-09-29T06:11:16","modified_gmt":"2024-09-29T06:11:16","slug":"jujutsu-kaisen-satoru-gojo-vs-fushiguro-toji-16-resin-statue-von-niren-studio","status":"publish","type":"product","link":"https:\/\/store.handsomecake.com\/en\/product\/jujutsu-kaisen-satoru-gojo-vs-fushiguro-toji-16-resin-statue-von-niren-studio\/","title":{"rendered":"Jujutsu Kaisen &#8211; Satoru Gojo vs. Fushiguro Toji | 1:6 Resin Statue | von Niren Studio"},"content":{"rendered":"<p><strong>Jujutsu Kaisen &#8211; Satoru Gojo vs. Fushiguro Toji | 1:6 Resin Statue | von Niren Studio<\/strong><\/p>\n<p>I do ship EU-wide, please contact me, should questions arise.<\/p>\n<p>Tolle Statue der Kampfszene von Goju und Toji.<br \/>\nWunderbar verarbeitete und sehr detaillierte Satoru Gojo vs. Fushiguro Toji Statue aus Polystone &#8211; k\u00fcnstlichem Stein-Harz-Gemisch.<\/p>\n<p><strong>Besonderheiten:<\/strong><\/p>\n<ul>\n<li>weltweit 288 St\u00fcck<\/li>\n<\/ul>\n<p><strong>Release-Status:<\/strong><\/p>\n<ul>\n<li>Lagern im Warenlager in China. Ab Bestellzeitpunkt in ca. 3-4 Monaten bei euch.<\/li>\n<\/ul>\n<p>Wie immer bei meinen Aktionen &#8211; s\u00e4mtliche Geb\u00fchren sind, im Gegensatz zu anderen Angeboten, bereits inkludiert. Versand erfolgt ausschlie\u00dflich aus Deutschland, es fallen keine Zoll- und Importgeb\u00fchren an. Ihr kauft keine Katze im Sack \ud83d\ude42<\/p>\n<p><strong>Ma\u00dfe der Statue:<\/strong><\/p>\n<ul>\n<li>Gr\u00f6\u00dfe: ca. H60cm x L57cm x D50cm<\/li>\n<li>Gewicht: TBA, ca. 14kg (gesch\u00e4tzt)<\/li>\n<\/ul>\n<p>You are not prepared! \ud83d\ude42<\/p>","protected":false},"excerpt":{"rendered":"<p>Jujutsu Kaisen &#8211; Satoru Gojo vs. Fushiguro Toji | 1:6 Resin Statue | von Niren Studio I do ship EU-wide, please contact me, should questions arise. Tolle Statue der Kampfszene von Goju und Toji. Wunderbar verarbeitete und sehr detaillierte Satoru Gojo vs. Fushiguro Toji Statue aus Polystone &#8211; k\u00fcnstlichem Stein-Harz-Gemisch. Besonderheiten: weltweit 288 St\u00fcck Release-Status: [&hellip;]<\/p>\n","protected":false},"featured_media":25895,"comment_status":"closed","ping_status":"closed","template":"","meta":[],"product_brand":[],"product_cat":[24,1237,84,567],"product_tag":[612,659,666,658,147,251,383,553,2762,2760,1371,2759,2761,2928,795,1369,1372,1374,154,136,554,2927,379,381,552,547,2763,2764,2765],"class_list":{"0":"post-25894","1":"product","2":"type-product","3":"status-publish","4":"has-post-thumbnail","6":"product_cat-action-figuren","7":"product_cat-jujutsu-kaisen","8":"product_cat-statuen-anime-comic-universum","9":"product_cat-in_stock_warehouse_china","10":"product_tag-anime","11":"product_tag-anime-figuren","12":"product_tag-anime-figuren-shop","13":"product_tag-anime-toys","14":"product_tag-collectibles","15":"product_tag-collectibles-kaufen","16":"product_tag-collector","17":"product_tag-figure-collector","18":"product_tag-fushiguro","19":"product_tag-fushiguro-collectibles","20":"product_tag-fushiguro-resin","21":"product_tag-fushiguro-toji","22":"product_tag-fushiguro-toys","23":"product_tag-gojo","24":"product_tag-handsomecake","25":"product_tag-jujutsu-kaisen","26":"product_tag-jujutsu-kaisen-statue","27":"product_tag-jujutsu-kaisen-toys","28":"product_tag-resin-collectibles","29":"product_tag-resin-statuen","30":"product_tag-resin-statues","31":"product_tag-satoru-gojo","32":"product_tag-statue-collectible","33":"product_tag-statue-collectibles","34":"product_tag-statue-collector","35":"product_tag-statues-collector","36":"product_tag-toji-collectibles","37":"product_tag-toji-resin","38":"product_tag-toji-statues","39":"pa_brand-niren-studio","40":"pa_scale-1_to_6","42":"first","43":"instock","44":"taxable","45":"shipping-taxable","46":"product-type-simple"},"_links":{"self":[{"href":"https:\/\/store.handsomecake.com\/en\/wp-json\/wp\/v2\/product\/25894","targetHints":{"allow":["GET"]}}],"collection":[{"href":"https:\/\/store.handsomecake.com\/en\/wp-json\/wp\/v2\/product"}],"about":[{"href":"https:\/\/store.handsomecake.com\/en\/wp-json\/wp\/v2\/types\/product"}],"replies":[{"embeddable":true,"href":"https:\/\/store.handsomecake.com\/en\/wp-json\/wp\/v2\/comments?post=25894"}],"wp:featuredmedia":[{"embeddable":true,"href":"https:\/\/store.handsomecake.com\/en\/wp-json\/wp\/v2\/media\/25895"}],"wp:attachment":[{"href":"https:\/\/store.handsomecake.com\/en\/wp-json\/wp\/v2\/media?parent=25894"}],"wp:term":[{"taxonomy":"product_brand","embeddable":true,"href":"https:\/\/store.handsomecake.com\/en\/wp-json\/wp\/v2\/product_brand?post=25894"},{"taxonomy":"product_cat","embeddable":true,"href":"https:\/\/store.handsomecake.com\/en\/wp-json\/wp\/v2\/product_cat?post=25894"},{"taxonomy":"product_tag","embeddable":true,"href":"https:\/\/store.handsomecake.com\/en\/wp-json\/wp\/v2\/product_tag?post=25894"}],"curies":[{"name":"wp","href":"https:\/\/api.w.org\/{rel}","templated":true}]}}