{"id":25877,"date":"2023-10-13T10:15:15","date_gmt":"2023-10-13T10:15:15","guid":{"rendered":"https:\/\/store.handsomecake.com\/product\/one-punch-man-saitama-14-resin-statue-von-jimei-palace\/"},"modified":"2024-06-12T16:09:19","modified_gmt":"2024-06-12T16:09:19","slug":"one-punch-man-saitama-14-resin-statue-von-jimei-palace","status":"publish","type":"product","link":"https:\/\/store.handsomecake.com\/en\/product\/one-punch-man-saitama-14-resin-statue-von-jimei-palace\/","title":{"rendered":"One Punch Man &#8211; Saitama vs. Boros | 1:4 Resin Statue | von Jimei Palace"},"content":{"rendered":"<p><strong>One Punch Man &#8211; Saitama vs. Boros | 1:4 Resin Statue | von Jimei Palace<\/strong><\/p>\n<p>I do ship EU-wide, please contact me, should questions arise.<\/p>\n<p>Tolle Statue der Kampfszene von Saitama vs. Lord Boros.<br \/>\nWunderbar verarbeitete und sehr detaillierte Saitama vs. Boros Statue aus Polystone &#8211; k\u00fcnstlichem Stein-Harz-Gemisch.<\/p>\n<p><strong>Besonderheiten:<\/strong><\/p>\n<ul>\n<li>keine<\/li>\n<\/ul>\n<p><strong>Release-Status:<\/strong><\/p>\n<ul>\n<li>Preorder. Statue wird voraussichtlich Q1 2025 released und wir erwarten sie sch\u00e4tzungsweise Ende Mai 2025 im Warenlager<\/li>\n<\/ul>\n<p>Wie immer bei meinen Aktionen &#8211; s\u00e4mtliche Geb\u00fchren sind, im Gegensatz zu anderen Angeboten, bereits inkludiert. Versand erfolgt ausschlie\u00dflich aus Deutschland, es fallen keine Zoll- und Importgeb\u00fchren an. Ihr kauft keine Katze im Sack \ud83d\ude42<\/p>\n<p><strong>Ma\u00dfe der Statue:<\/strong><\/p>\n<ul>\n<li>Gr\u00f6\u00dfe: ca. H39cm x W77.5cm x D53.5cm<\/li>\n<li>Gewicht: ca. 19.5kg<\/li>\n<\/ul>\n<p>You are not prepared! \ud83d\ude42<\/p>","protected":false},"excerpt":{"rendered":"<p>One Punch Man &#8211; Saitama vs. Boros | 1:4 Resin Statue | von Jimei Palace I do ship EU-wide, please contact me, should questions arise. Tolle Statue der Kampfszene von Saitama vs. Lord Boros. Wunderbar verarbeitete und sehr detaillierte Saitama vs. Boros Statue aus Polystone &#8211; k\u00fcnstlichem Stein-Harz-Gemisch. Besonderheiten: keine Release-Status: Preorder. Statue wird voraussichtlich [&hellip;]<\/p>\n","protected":false},"featured_media":25878,"comment_status":"closed","ping_status":"closed","template":"","meta":[],"product_brand":[],"product_cat":[24,126,568,84],"product_tag":[147,251,383,553,630,632,633,634,631,154,136,137,554,635,637,638,639,636,379,381,552,547],"class_list":{"0":"post-25877","1":"product","2":"type-product","3":"status-publish","4":"has-post-thumbnail","6":"product_cat-action-figuren","7":"product_cat-one-punch-man","8":"product_cat-preorder","9":"product_cat-statuen-anime-comic-universum","10":"product_tag-collectibles","11":"product_tag-collectibles-kaufen","12":"product_tag-collector","13":"product_tag-figure-collector","14":"product_tag-one-punch-man","15":"product_tag-one-punch-man-collectible","16":"product_tag-one-punch-man-figure","17":"product_tag-one-punch-man-figurine","18":"product_tag-one-punch-man-statue","19":"product_tag-resin-collectibles","20":"product_tag-resin-statuen","21":"product_tag-resin-statuen-kaufen","22":"product_tag-resin-statues","23":"product_tag-saitama","24":"product_tag-saitama-collectible","25":"product_tag-saitama-figure","26":"product_tag-saitama-figurine","27":"product_tag-saitama-statue","28":"product_tag-statue-collectible","29":"product_tag-statue-collectibles","30":"product_tag-statue-collector","31":"product_tag-statues-collector","32":"pa_brand-jimei-palace","33":"pa_scale-1_to_4","35":"first","36":"instock","37":"taxable","38":"shipping-taxable","39":"product-type-simple"},"_links":{"self":[{"href":"https:\/\/store.handsomecake.com\/en\/wp-json\/wp\/v2\/product\/25877","targetHints":{"allow":["GET"]}}],"collection":[{"href":"https:\/\/store.handsomecake.com\/en\/wp-json\/wp\/v2\/product"}],"about":[{"href":"https:\/\/store.handsomecake.com\/en\/wp-json\/wp\/v2\/types\/product"}],"replies":[{"embeddable":true,"href":"https:\/\/store.handsomecake.com\/en\/wp-json\/wp\/v2\/comments?post=25877"}],"wp:featuredmedia":[{"embeddable":true,"href":"https:\/\/store.handsomecake.com\/en\/wp-json\/wp\/v2\/media\/25878"}],"wp:attachment":[{"href":"https:\/\/store.handsomecake.com\/en\/wp-json\/wp\/v2\/media?parent=25877"}],"wp:term":[{"taxonomy":"product_brand","embeddable":true,"href":"https:\/\/store.handsomecake.com\/en\/wp-json\/wp\/v2\/product_brand?post=25877"},{"taxonomy":"product_cat","embeddable":true,"href":"https:\/\/store.handsomecake.com\/en\/wp-json\/wp\/v2\/product_cat?post=25877"},{"taxonomy":"product_tag","embeddable":true,"href":"https:\/\/store.handsomecake.com\/en\/wp-json\/wp\/v2\/product_tag?post=25877"}],"curies":[{"name":"wp","href":"https:\/\/api.w.org\/{rel}","templated":true}]}}