{"id":25732,"date":"2023-10-09T01:23:10","date_gmt":"2023-10-09T01:23:10","guid":{"rendered":"https:\/\/store.handsomecake.com\/product\/overlord-albedo-14-resin-statue-von-avalon-continent-collectibles\/"},"modified":"2024-06-12T16:08:21","modified_gmt":"2024-06-12T16:08:21","slug":"overlord-albedo-14-resin-statue-von-avalon-continent-collectibles","status":"publish","type":"product","link":"https:\/\/store.handsomecake.com\/en\/product\/overlord-albedo-14-resin-statue-von-avalon-continent-collectibles\/","title":{"rendered":"Overlord &#8211; Albedo | 1:4 Resin Statue | von Avalon Continent Collectibles"},"content":{"rendered":"<p><strong>Overlord &#8211; Albedo | 1:4 Resin Statue | von Avalon Continent Collectibles<\/strong><\/p>\n<p>EU Taxfree! I do ship EU-wide, please contact me, should questions arise.<\/p>\n<p>Tolle Statue des schneewei\u00dfen Teufels und treuen Ergebenen von Ainz<br \/>\nWunderbar verarbeitete und sehr detaillierte Statue von Albedo aus Polystone &#8211; k\u00fcnstlichem Stein-Harz-Gemisch.<\/p>\n<p><strong>Besonderheiten:<\/strong><\/p>\n<ul>\n<li>weltweit 488 St\u00fcck<\/li>\n<\/ul>\n<p><strong>Release-Status:<\/strong><\/p>\n<ul>\n<li>Preorder. Release ca. Q2 2023 erwartet, bei uns im Lager voraussichtlich Ende August 2023.<\/li>\n<\/ul>\n<p>Wie immer bei meinen Artikeln &#8211; s\u00e4mtliche Geb\u00fchren sind, im Gegensatz zu anderen Angeboten, bereits inkludiert. Versand erfolgt ausschlie\u00dflich aus Deutschland, es fallen keine Zoll- und Importgeb\u00fchren an. Ihr kauft keine Katze im Sack \ud83d\ude42<\/p>\n<p><strong>Ma\u00dfe der Statue:<\/strong><\/p>\n<ul>\n<li>Gr\u00f6\u00dfe: ca.H:74cm W:53cm D:34cm<\/li>\n<li>Gewicht: TBA, gesch\u00e4tzt 16kg<\/li>\n<\/ul>\n<p>You are not prepared! \ud83d\ude42<\/p>","protected":false},"excerpt":{"rendered":"<p>Overlord &#8211; Albedo | 1:4 Resin Statue | von Avalon Continent Collectibles EU Taxfree! I do ship EU-wide, please contact me, should questions arise. Tolle Statue des schneewei\u00dfen Teufels und treuen Ergebenen von Ainz Wunderbar verarbeitete und sehr detaillierte Statue von Albedo aus Polystone &#8211; k\u00fcnstlichem Stein-Harz-Gemisch. Besonderheiten: weltweit 488 St\u00fcck Release-Status: Preorder. Release ca. [&hellip;]<\/p>\n","protected":false},"featured_media":25733,"comment_status":"closed","ping_status":"closed","template":"","meta":[],"product_brand":[],"product_cat":[24,568,84],"product_tag":[1168,612,659,666,717,794,662,640,658,479,147,251,795,1162,1165,1166,1163,1164,1167,154,255,136,137,379,381,552,380,547,718],"class_list":{"0":"post-25732","1":"product","2":"type-product","3":"status-publish","4":"has-post-thumbnail","6":"product_cat-action-figuren","7":"product_cat-preorder","8":"product_cat-statuen-anime-comic-universum","9":"product_tag-albedo-statue","10":"product_tag-anime","11":"product_tag-anime-figuren","12":"product_tag-anime-figuren-shop","13":"product_tag-anime-shop","14":"product_tag-anime-statue","15":"product_tag-anime-statue-shop","16":"product_tag-anime-statuen","17":"product_tag-anime-toys","18":"product_tag-collectible","19":"product_tag-collectibles","20":"product_tag-collectibles-kaufen","21":"product_tag-handsomecake","22":"product_tag-overlord","23":"product_tag-overlord-albedo","24":"product_tag-overlord-albedo-collectible","25":"product_tag-overlord-collectibles","26":"product_tag-overlord-resin","27":"product_tag-overlord-statuen","28":"product_tag-resin-collectibles","29":"product_tag-resin-collectibles-kaufen","30":"product_tag-resin-statuen","31":"product_tag-resin-statuen-kaufen","32":"product_tag-statue-collectible","33":"product_tag-statue-collectibles","34":"product_tag-statue-collector","35":"product_tag-statues-collectible","36":"product_tag-statues-collector","37":"product_tag-toys","38":"pa_brand-avalon-continent-collectibles","39":"pa_scale-1_to_4","41":"first","42":"instock","43":"taxable","44":"shipping-taxable","45":"product-type-simple"},"_links":{"self":[{"href":"https:\/\/store.handsomecake.com\/en\/wp-json\/wp\/v2\/product\/25732","targetHints":{"allow":["GET"]}}],"collection":[{"href":"https:\/\/store.handsomecake.com\/en\/wp-json\/wp\/v2\/product"}],"about":[{"href":"https:\/\/store.handsomecake.com\/en\/wp-json\/wp\/v2\/types\/product"}],"replies":[{"embeddable":true,"href":"https:\/\/store.handsomecake.com\/en\/wp-json\/wp\/v2\/comments?post=25732"}],"wp:featuredmedia":[{"embeddable":true,"href":"https:\/\/store.handsomecake.com\/en\/wp-json\/wp\/v2\/media\/25733"}],"wp:attachment":[{"href":"https:\/\/store.handsomecake.com\/en\/wp-json\/wp\/v2\/media?parent=25732"}],"wp:term":[{"taxonomy":"product_brand","embeddable":true,"href":"https:\/\/store.handsomecake.com\/en\/wp-json\/wp\/v2\/product_brand?post=25732"},{"taxonomy":"product_cat","embeddable":true,"href":"https:\/\/store.handsomecake.com\/en\/wp-json\/wp\/v2\/product_cat?post=25732"},{"taxonomy":"product_tag","embeddable":true,"href":"https:\/\/store.handsomecake.com\/en\/wp-json\/wp\/v2\/product_tag?post=25732"}],"curies":[{"name":"wp","href":"https:\/\/api.w.org\/{rel}","templated":true}]}}