{"id":25609,"date":"2023-09-28T15:39:35","date_gmt":"2023-09-28T15:39:35","guid":{"rendered":"https:\/\/store.handsomecake.com\/product\/sekiro-shadows-die-twice-sekiro-16-resin-statue-von-hundian-studio\/"},"modified":"2025-04-04T03:41:15","modified_gmt":"2025-04-04T03:41:15","slug":"sekiro-shadows-die-twice-sekiro-16-resin-statue-von-hundian-studio","status":"publish","type":"product","link":"https:\/\/store.handsomecake.com\/en\/product\/sekiro-shadows-die-twice-sekiro-16-resin-statue-von-hundian-studio\/","title":{"rendered":"Sekiro: Shadows Die Twice &#8211; Sekiro | 1:6 Resin Statue | von HunDian Studio"},"content":{"rendered":"<p><strong>Sekiro: Shadows Die Twice &#8211; Sekiro | 1:6 Resin Statue | von HunDian Studio<\/strong><\/p>\n<p>EU Taxfree! I do ship EU-wide, please contact me, should questions arise.<\/p>\n<p>Tolle Statue Desmond Wolf.<br \/>\nWunderbar verarbeitete und sehr detaillierte Sekiro Statue aus Polystone &#8211; k\u00fcnstlichem Stein-Harz-Gemisch.<\/p>\n<p><strong>Besonderheiten:<\/strong><\/p>\n<ul>\n<li>weltweit auf nur 99 St\u00fcck begrenzt<\/li>\n<\/ul>\n<p><strong>Release-Status:<\/strong><\/p>\n<ul>\n<li>Lagernd vor Ort. Versandfertig in ca. 5 Werktagen.<\/li>\n<\/ul>\n<p>Wie immer bei meinen Aktionen &#8211; s\u00e4mtliche Geb\u00fchren sind, im Gegensatz zu anderen Angeboten, bereits inkludiert. Versand erfolgt ausschlie\u00dflich aus Deutschland, es fallen keine Zoll- und Importgeb\u00fchren an. Ihr kauft keine Katze im Sack \ud83d\ude42<\/p>\n<p><strong>Ma\u00dfe der Statue:<\/strong><\/p>\n<ul>\n<li>Gr\u00f6\u00dfe: ca. H44cm x W24cm x D22cm<\/li>\n<li>Gewicht:TBA, gesch\u00e4tzt ca. 12 kg<\/li>\n<\/ul>\n<p>You are not prepared! \ud83d\ude42<\/p>","protected":false},"excerpt":{"rendered":"<p>Sekiro: Shadows Die Twice &#8211; Sekiro | 1:6 Resin Statue | von HunDian Studio EU Taxfree! I do ship EU-wide, please contact me, should questions arise. Tolle Statue Desmond Wolf. Wunderbar verarbeitete und sehr detaillierte Sekiro Statue aus Polystone &#8211; k\u00fcnstlichem Stein-Harz-Gemisch. Besonderheiten: weltweit auf nur 99 St\u00fcck begrenzt Release-Status: Lagernd vor Ort. Versandfertig in [&hellip;]<\/p>\n","protected":false},"featured_media":25610,"comment_status":"closed","ping_status":"closed","template":"","meta":[],"product_brand":[],"product_cat":[826,81],"product_tag":[612,666,717,794,662,640,658,147,251,154,255,136,137,2911,2910,2909,2908,2912,2913,2907,379,381,552,665,380,382,547,718],"class_list":{"0":"post-25609","1":"product","2":"type-product","3":"status-publish","4":"has-post-thumbnail","6":"product_cat-lagernd-vor-ort","7":"product_cat-statuen-computerspieluniversum","8":"product_tag-anime","9":"product_tag-anime-figuren-shop","10":"product_tag-anime-shop","11":"product_tag-anime-statue","12":"product_tag-anime-statue-shop","13":"product_tag-anime-statuen","14":"product_tag-anime-toys","15":"product_tag-collectibles","16":"product_tag-collectibles-kaufen","17":"product_tag-resin-collectibles","18":"product_tag-resin-collectibles-kaufen","19":"product_tag-resin-statuen","20":"product_tag-resin-statuen-kaufen","21":"product_tag-sekiro","22":"product_tag-sekiro-collectible","23":"product_tag-sekiro-resin","24":"product_tag-sekiro-shadows-die-twice","25":"product_tag-sekiro-statue","26":"product_tag-sekiro-toys","27":"product_tag-shadows-die-twice","28":"product_tag-statue-collectible","29":"product_tag-statue-collectibles","30":"product_tag-statue-collector","31":"product_tag-statuen-shop","32":"product_tag-statues-collectible","33":"product_tag-statues-collectibles","34":"product_tag-statues-collector","35":"product_tag-toys","36":"pa_brand-hun-dian-studio","37":"pa_scale-1_to_6","39":"first","40":"instock","41":"taxable","42":"shipping-taxable","43":"product-type-simple"},"_links":{"self":[{"href":"https:\/\/store.handsomecake.com\/en\/wp-json\/wp\/v2\/product\/25609","targetHints":{"allow":["GET"]}}],"collection":[{"href":"https:\/\/store.handsomecake.com\/en\/wp-json\/wp\/v2\/product"}],"about":[{"href":"https:\/\/store.handsomecake.com\/en\/wp-json\/wp\/v2\/types\/product"}],"replies":[{"embeddable":true,"href":"https:\/\/store.handsomecake.com\/en\/wp-json\/wp\/v2\/comments?post=25609"}],"wp:featuredmedia":[{"embeddable":true,"href":"https:\/\/store.handsomecake.com\/en\/wp-json\/wp\/v2\/media\/25610"}],"wp:attachment":[{"href":"https:\/\/store.handsomecake.com\/en\/wp-json\/wp\/v2\/media?parent=25609"}],"wp:term":[{"taxonomy":"product_brand","embeddable":true,"href":"https:\/\/store.handsomecake.com\/en\/wp-json\/wp\/v2\/product_brand?post=25609"},{"taxonomy":"product_cat","embeddable":true,"href":"https:\/\/store.handsomecake.com\/en\/wp-json\/wp\/v2\/product_cat?post=25609"},{"taxonomy":"product_tag","embeddable":true,"href":"https:\/\/store.handsomecake.com\/en\/wp-json\/wp\/v2\/product_tag?post=25609"}],"curies":[{"name":"wp","href":"https:\/\/api.w.org\/{rel}","templated":true}]}}