{"id":25595,"date":"2023-09-28T15:37:59","date_gmt":"2023-09-28T15:37:59","guid":{"rendered":"https:\/\/store.handsomecake.com\/product\/final-fantasy-tifa-lockhart-14-resin-statue-von-tr-studio\/"},"modified":"2025-04-21T14:31:26","modified_gmt":"2025-04-21T14:31:26","slug":"final-fantasy-tifa-lockhart-14-resin-statue-von-tr-studio","status":"publish","type":"product","link":"https:\/\/store.handsomecake.com\/en\/product\/final-fantasy-tifa-lockhart-14-resin-statue-von-tr-studio\/","title":{"rendered":"Final Fantasy &#8211; Tifa Lockhart | 1:4 Resin Statue | von TR Studio"},"content":{"rendered":"<p><strong>Final Fantasy &#8211; Tifa Lockhart | 1:4 Resin Statue | von TR Studio<\/strong><\/p>\n<p>EU Taxfree! I do ship EU-wide, please contact me, should questions arise.<\/p>\n<p>Tolle Statue der Kindheitsfreundin von Cloud aus seiner Nibelheim Zeit.<br \/>\nWunderbar verarbeitete und sehr detaillierte Tifa Statue aus Polystone &#8211; k\u00fcnstlichem Stein-Harz-Gemisch.<\/p>\n<p><strong>Besonderheiten<\/strong>:<\/p>\n<ul>\n<li>EX Version<\/li>\n<li>weltweit auf 199 St\u00fcck begrenzt<\/li>\n<li>austauschbarer nackter K\u00f6rper<\/li>\n<li>Klassenzimmerszene + Badezimmerszene<\/li>\n<\/ul>\n<p><strong>Release-Status:<\/strong><\/p>\n<ul>\n<li>Lagernd vor Ort \/ In Stock in Germany. Versandfertig in ca. 5 Werktagen.<\/li>\n<\/ul>\n<p>Wie immer bei meinen Aktionen &#8211; s\u00e4mtliche Geb\u00fchren sind, im Gegensatz zu anderen Angeboten, bereits inkludiert. Versand erfolgt ausschlie\u00dflich aus Deutschland, es fallen keine Zoll- und Importgeb\u00fchren an. Ihr kauft keine Katze im Sack \ud83d\ude42<\/p>\n<p><strong>Ma\u00dfe der Statue:<\/strong><\/p>\n<ul>\n<li>Gr\u00f6\u00dfe: H47cm x W25cm x D27cm<\/li>\n<li>Gewicht: TBA, gesch\u00e4tzt: ca. 12 kg<\/li>\n<\/ul>\n<p>You are not prepared! \ud83d\ude42<\/p>","protected":false},"excerpt":{"rendered":"<p>Final Fantasy &#8211; Tifa Lockhart | 1:4 Resin Statue | von TR Studio EU Taxfree! I do ship EU-wide, please contact me, should questions arise. Tolle Statue der Kindheitsfreundin von Cloud aus seiner Nibelheim Zeit. Wunderbar verarbeitete und sehr detaillierte Tifa Statue aus Polystone &#8211; k\u00fcnstlichem Stein-Harz-Gemisch. Besonderheiten: EX Version weltweit auf 199 St\u00fcck begrenzt [&hellip;]<\/p>\n","protected":false},"featured_media":25597,"comment_status":"closed","ping_status":"closed","template":"","meta":[],"product_brand":[],"product_cat":[24,197,826,81],"product_tag":[612,666,717,794,662,640,658,147,251,198,201,199,822,200,1109,1110,795,154,255,136,137,379,381,552,665,380,382,547,1111,257,258,1112,1113,718],"class_list":{"0":"post-25595","1":"product","2":"type-product","3":"status-publish","4":"has-post-thumbnail","6":"product_cat-action-figuren","7":"product_cat-final-fantasy","8":"product_cat-lagernd-vor-ort","9":"product_cat-statuen-computerspieluniversum","10":"product_tag-anime","11":"product_tag-anime-figuren-shop","12":"product_tag-anime-shop","13":"product_tag-anime-statue","14":"product_tag-anime-statue-shop","15":"product_tag-anime-statuen","16":"product_tag-anime-toys","17":"product_tag-collectibles","18":"product_tag-collectibles-kaufen","19":"product_tag-final-fantasy","20":"product_tag-final-fantasy-7-remake","21":"product_tag-final-fantasy-collectibles","22":"product_tag-final-fantasy-resin","23":"product_tag-final-fantasy-statuen","24":"product_tag-final-fantasy-tifa","25":"product_tag-final-fantasy-tifa-toy","26":"product_tag-handsomecake","27":"product_tag-resin-collectibles","28":"product_tag-resin-collectibles-kaufen","29":"product_tag-resin-statuen","30":"product_tag-resin-statuen-kaufen","31":"product_tag-statue-collectible","32":"product_tag-statue-collectibles","33":"product_tag-statue-collector","34":"product_tag-statuen-shop","35":"product_tag-statues-collectible","36":"product_tag-statues-collectibles","37":"product_tag-statues-collector","38":"product_tag-tifa-collectible","39":"product_tag-tifa-lockhart","40":"product_tag-tifa-lockhart-collectible","41":"product_tag-tifa-statue","42":"product_tag-tifa-toys","43":"product_tag-toys","44":"pa_brand-tr-studio","45":"pa_scale-1_to_4","47":"first","48":"instock","49":"taxable","50":"shipping-taxable","51":"product-type-simple"},"_links":{"self":[{"href":"https:\/\/store.handsomecake.com\/en\/wp-json\/wp\/v2\/product\/25595","targetHints":{"allow":["GET"]}}],"collection":[{"href":"https:\/\/store.handsomecake.com\/en\/wp-json\/wp\/v2\/product"}],"about":[{"href":"https:\/\/store.handsomecake.com\/en\/wp-json\/wp\/v2\/types\/product"}],"replies":[{"embeddable":true,"href":"https:\/\/store.handsomecake.com\/en\/wp-json\/wp\/v2\/comments?post=25595"}],"wp:featuredmedia":[{"embeddable":true,"href":"https:\/\/store.handsomecake.com\/en\/wp-json\/wp\/v2\/media\/25597"}],"wp:attachment":[{"href":"https:\/\/store.handsomecake.com\/en\/wp-json\/wp\/v2\/media?parent=25595"}],"wp:term":[{"taxonomy":"product_brand","embeddable":true,"href":"https:\/\/store.handsomecake.com\/en\/wp-json\/wp\/v2\/product_brand?post=25595"},{"taxonomy":"product_cat","embeddable":true,"href":"https:\/\/store.handsomecake.com\/en\/wp-json\/wp\/v2\/product_cat?post=25595"},{"taxonomy":"product_tag","embeddable":true,"href":"https:\/\/store.handsomecake.com\/en\/wp-json\/wp\/v2\/product_tag?post=25595"}],"curies":[{"name":"wp","href":"https:\/\/api.w.org\/{rel}","templated":true}]}}