{"id":25150,"date":"2023-09-22T11:47:28","date_gmt":"2023-09-22T11:47:28","guid":{"rendered":"https:\/\/store.handsomecake.com\/product\/dc-comics-batman-vs-mutant-16-resin-statue-von-iron-studios\/"},"modified":"2024-06-12T16:06:48","modified_gmt":"2024-06-12T16:06:48","slug":"dc-comics-batman-vs-mutant-16-resin-statue-von-iron-studios","status":"publish","type":"product","link":"https:\/\/store.handsomecake.com\/en\/product\/dc-comics-batman-vs-mutant-16-resin-statue-von-iron-studios\/","title":{"rendered":"DC Comics &#8211; Batman vs. Mutant | 1:6 Resin Statue | von Iron Studios"},"content":{"rendered":"<p><strong>DC Comics &#8211; Batman vs. Mutant | 1:6 Resin Statue | von Iron Studios<\/strong><\/p>\n<p>I do ship EU-wide, please contact me, should questions arise.<\/p>\n<p>Tolle B\u00fcste vom Schrecken aller Verbrecher Gothams vs. Mutant Leader<br \/>\nWunderbar verarbeitete und sehr detaillierte &#8222;The Dark Knight Returns&#8220; Statue aus Polystone &#8211; k\u00fcnstlichem Stein-Harz-Gemisch.<\/p>\n<p><strong>Besonderheiten:<\/strong><\/p>\n<ul>\n<li>extra austauschbare Kopf von Batman<\/li>\n<\/ul>\n<p><strong>Release-Status:<\/strong><\/p>\n<ul>\n<li>Lagernd vor Ort. Lieferung kann bis zu 14 Arbeitstage dauern.<\/li>\n<\/ul>\n<p>Wie immer bei meinen Aktionen &#8211; s\u00e4mtliche Geb\u00fchren sind, im Gegensatz zu anderen Angeboten, bereits inkludiert. Versand erfolgt ausschlie\u00dflich aus Deutschland, es fallen keine Zoll- und Importgeb\u00fchren an. Ihr kauft keine Katze im Sack \ud83d\ude42<\/p>\n<p><strong>Ma\u00dfe der Statue:<\/strong><\/p>\n<ul>\n<li>Gr\u00f6\u00dfe: ca. H38.1cm x W33.8cm x L34.8cm<\/li>\n<li>Gewicht: TBA, gesch\u00e4tzt: ca. 7 kg<\/li>\n<\/ul>\n<p>You are not prepared! \ud83d\ude42<\/p>","protected":false},"excerpt":{"rendered":"<p>DC Comics &#8211; Batman vs. Mutant | 1:6 Resin Statue | von Iron Studios I do ship EU-wide, please contact me, should questions arise. Tolle B\u00fcste vom Schrecken aller Verbrecher Gothams vs. Mutant Leader Wunderbar verarbeitete und sehr detaillierte &#8222;The Dark Knight Returns&#8220; Statue aus Polystone &#8211; k\u00fcnstlichem Stein-Harz-Gemisch. Besonderheiten: extra austauschbare Kopf von Batman [&hellip;]<\/p>\n","protected":false},"featured_media":25151,"comment_status":"closed","ping_status":"closed","template":"","meta":[],"product_brand":[],"product_cat":[24,268,826,84],"product_tag":[612,640,29,796,797,798,799,801,1224,147,251,383,551,282,284,557,281,283,553,795,154,136,137,554,379,381,552,547,1247],"class_list":{"0":"post-25150","1":"product","2":"type-product","3":"status-publish","4":"has-post-thumbnail","6":"product_cat-action-figuren","7":"product_cat-dc","8":"product_cat-lagernd-vor-ort","9":"product_cat-statuen-anime-comic-universum","10":"product_tag-anime","11":"product_tag-anime-statuen","12":"product_tag-batman","13":"product_tag-batman-bust","14":"product_tag-batman-bueste","15":"product_tag-batman-collectible","16":"product_tag-batman-collectibles","17":"product_tag-batman-statue","18":"product_tag-catwoman-collector","19":"product_tag-collectibles","20":"product_tag-collectibles-kaufen","21":"product_tag-collector","22":"product_tag-dc","23":"product_tag-dc-collectibles","24":"product_tag-dc-collectibles-kaufen","25":"product_tag-dc-collector","26":"product_tag-dc-comics","27":"product_tag-dc-comics-collectibles","28":"product_tag-figure-collector","29":"product_tag-handsomecake","30":"product_tag-resin-collectibles","31":"product_tag-resin-statuen","32":"product_tag-resin-statuen-kaufen","33":"product_tag-resin-statues","34":"product_tag-statue-collectible","35":"product_tag-statue-collectibles","36":"product_tag-statue-collector","37":"product_tag-statues-collector","38":"product_tag-the-batman","39":"pa_brand-iron-studios","40":"pa_scale-1_to_6","42":"first","43":"instock","44":"taxable","45":"shipping-taxable","46":"product-type-simple"},"_links":{"self":[{"href":"https:\/\/store.handsomecake.com\/en\/wp-json\/wp\/v2\/product\/25150","targetHints":{"allow":["GET"]}}],"collection":[{"href":"https:\/\/store.handsomecake.com\/en\/wp-json\/wp\/v2\/product"}],"about":[{"href":"https:\/\/store.handsomecake.com\/en\/wp-json\/wp\/v2\/types\/product"}],"replies":[{"embeddable":true,"href":"https:\/\/store.handsomecake.com\/en\/wp-json\/wp\/v2\/comments?post=25150"}],"wp:featuredmedia":[{"embeddable":true,"href":"https:\/\/store.handsomecake.com\/en\/wp-json\/wp\/v2\/media\/25151"}],"wp:attachment":[{"href":"https:\/\/store.handsomecake.com\/en\/wp-json\/wp\/v2\/media?parent=25150"}],"wp:term":[{"taxonomy":"product_brand","embeddable":true,"href":"https:\/\/store.handsomecake.com\/en\/wp-json\/wp\/v2\/product_brand?post=25150"},{"taxonomy":"product_cat","embeddable":true,"href":"https:\/\/store.handsomecake.com\/en\/wp-json\/wp\/v2\/product_cat?post=25150"},{"taxonomy":"product_tag","embeddable":true,"href":"https:\/\/store.handsomecake.com\/en\/wp-json\/wp\/v2\/product_tag?post=25150"}],"curies":[{"name":"wp","href":"https:\/\/api.w.org\/{rel}","templated":true}]}}