{"id":25137,"date":"2023-09-22T11:42:33","date_gmt":"2023-09-22T11:42:33","guid":{"rendered":"https:\/\/store.handsomecake.com\/product\/dragon-ball-kid-goku-18-resin-statue-von-kiba-studio\/"},"modified":"2025-06-10T19:41:09","modified_gmt":"2025-06-10T19:41:09","slug":"dragon-ball-kid-goku-18-resin-statue-von-kiba-studio","status":"publish","type":"product","link":"https:\/\/store.handsomecake.com\/en\/product\/dragon-ball-kid-goku-18-resin-statue-von-kiba-studio\/","title":{"rendered":"Dragon Ball &#8211; Kid Goku | 1:8 Resin Statue | von Kiba Studio"},"content":{"rendered":"<p style=\"text-align: left;\"><strong>Dragon Ball &#8211; Kid Goku | 1:8 Resin Statue | von Kiba Studio<\/strong><\/p>\n<p>I do ship EU-wide, please contact me, should questions arise.<\/p>\n<p>Tolle Statue von Kid Goku, der Fische f\u00e4ngt.<br \/>\nWunderbar verarbeitete und sehr detaillierte Goku Statue aus Polystone &#8211; k\u00fcnstlichem Stein-Harz-Gemisch.<\/p>\n<p><strong>Besonderheiten:<\/strong><\/p>\n<ul>\n<li>100 St\u00fcck weltweit<\/li>\n<\/ul>\n<p><strong>Release-Status:<\/strong><\/p>\n<ul>\n<li>Lagernd vor Ort. Wird innerhalb von 5 Werktagen verschickt.<\/li>\n<\/ul>\n<p>Wie immer bei meinen Aktionen &#8211; s\u00e4mtliche Geb\u00fchren sind, im Gegensatz zu anderen Angeboten, bereits inkludiert. Versand erfolgt ausschlie\u00dflich aus Deutschland, es fallen keine Zoll- und Importgeb\u00fchren an. Ihr kauft keine Katze im Sack \ud83d\ude42<\/p>\n<p><strong>Ma\u00dfe der Statue:<\/strong><\/p>\n<ul>\n<li>Gr\u00f6\u00dfe: ca. H18cm x W28cm x D19cm<\/li>\n<li>Gewicht: TBA, gesch\u00e4tzt ca.5kg<\/li>\n<\/ul>\n<p>You are not prepared! \ud83d\ude42<\/p>","protected":false},"excerpt":{"rendered":"<p>Dragon Ball &#8211; Kid Goku | 1:8 Resin Statue | von Kiba Studio I do ship EU-wide, please contact me, should questions arise. Tolle Statue von Kid Goku, der Fische f\u00e4ngt. Wunderbar verarbeitete und sehr detaillierte Goku Statue aus Polystone &#8211; k\u00fcnstlichem Stein-Harz-Gemisch. Besonderheiten: 100 St\u00fcck weltweit Release-Status: Lagernd vor Ort. Wird innerhalb von 5 [&hellip;]<\/p>\n","protected":false},"featured_media":25138,"comment_status":"closed","ping_status":"closed","template":"","meta":[],"product_brand":[],"product_cat":[87,826,84],"product_tag":[147,251,190,2252,191,171,346,97,2223,154,136,137,1273,472,379,381,380,382],"class_list":{"0":"post-25137","1":"product","2":"type-product","3":"status-publish","4":"has-post-thumbnail","6":"product_cat-dragon-ball","7":"product_cat-lagernd-vor-ort","8":"product_cat-statuen-anime-comic-universum","9":"product_tag-collectibles","10":"product_tag-collectibles-kaufen","11":"product_tag-dragon-ball-collectibles","12":"product_tag-dragon-ball-goku","13":"product_tag-dragon-ball-resin","14":"product_tag-dragon-ball-son-goku","15":"product_tag-dragon-ball-son-goku-collectible","16":"product_tag-dragon-ball-statue","17":"product_tag-dragon-ball-z-goku","18":"product_tag-resin-collectibles","19":"product_tag-resin-statuen","20":"product_tag-resin-statuen-kaufen","21":"product_tag-resincollectors","22":"product_tag-son-goku-statue","23":"product_tag-statue-collectible","24":"product_tag-statue-collectibles","25":"product_tag-statues-collectible","26":"product_tag-statues-collectibles","27":"pa_brand-kiba-studio","28":"pa_scale-2125","30":"first","31":"instock","32":"taxable","33":"shipping-taxable","34":"product-type-simple"},"_links":{"self":[{"href":"https:\/\/store.handsomecake.com\/en\/wp-json\/wp\/v2\/product\/25137","targetHints":{"allow":["GET"]}}],"collection":[{"href":"https:\/\/store.handsomecake.com\/en\/wp-json\/wp\/v2\/product"}],"about":[{"href":"https:\/\/store.handsomecake.com\/en\/wp-json\/wp\/v2\/types\/product"}],"replies":[{"embeddable":true,"href":"https:\/\/store.handsomecake.com\/en\/wp-json\/wp\/v2\/comments?post=25137"}],"wp:featuredmedia":[{"embeddable":true,"href":"https:\/\/store.handsomecake.com\/en\/wp-json\/wp\/v2\/media\/25138"}],"wp:attachment":[{"href":"https:\/\/store.handsomecake.com\/en\/wp-json\/wp\/v2\/media?parent=25137"}],"wp:term":[{"taxonomy":"product_brand","embeddable":true,"href":"https:\/\/store.handsomecake.com\/en\/wp-json\/wp\/v2\/product_brand?post=25137"},{"taxonomy":"product_cat","embeddable":true,"href":"https:\/\/store.handsomecake.com\/en\/wp-json\/wp\/v2\/product_cat?post=25137"},{"taxonomy":"product_tag","embeddable":true,"href":"https:\/\/store.handsomecake.com\/en\/wp-json\/wp\/v2\/product_tag?post=25137"}],"curies":[{"name":"wp","href":"https:\/\/api.w.org\/{rel}","templated":true}]}}