{"id":25128,"date":"2023-09-22T08:42:41","date_gmt":"2023-09-22T08:42:41","guid":{"rendered":"https:\/\/store.handsomecake.com\/product\/bayonetta-bayonetta-3-0-16-resin-statue-von-acy-studio\/"},"modified":"2024-06-12T16:06:33","modified_gmt":"2024-06-12T16:06:33","slug":"bayonetta-bayonetta-3-0-16-resin-statue-von-acy-studio","status":"publish","type":"product","link":"https:\/\/store.handsomecake.com\/en\/product\/bayonetta-bayonetta-3-0-16-resin-statue-von-acy-studio\/","title":{"rendered":"Bayonetta &#8211; Bayonetta 3.0 | 1:6 Resin Statue | von Acy Studio"},"content":{"rendered":"<p><strong>Bayonetta &#8211; Bayonetta 3.0 | 1:6 Resin Statue | von Acy Studio<\/strong><\/p>\n<p>EU Taxfree! I do ship EU-wide, please contact me, should questions arise.<\/p>\n<p>Tolle Statue der ber\u00fchmten Hexte und Gestaltwandlerin<br \/>\nWunderbar verarbeitete und sehr detaillierte Statue von Bayonetta aus Polystone &#8211; k\u00fcnstlichem Stein-Harz-Gemisch.<\/p>\n<p><strong>Besonderheiten:<\/strong><\/p>\n<ul>\n<li>EX Variante mit zus\u00e4tzlichem, austauschbaren nackten K\u00f6rper<\/li>\n<li>weltweit 288 St\u00fcck<\/li>\n<\/ul>\n<p><strong>Release-Status:<\/strong><\/p>\n<ul>\n<li>Lagernd vor Ort. Versandfertig innerhalb von ca. 5 Werktagen.<\/li>\n<\/ul>\n<p>Wie immer bei meinen Artikeln &#8211; s\u00e4mtliche Geb\u00fchren sind, im Gegensatz zu anderen Angeboten, bereits inkludiert. Versand erfolgt ausschlie\u00dflich aus Deutschland, es fallen keine Zoll- und Importgeb\u00fchren an. Ihr kauft keine Katze im Sack \ud83d\ude42<\/p>\n<p><strong>Ma\u00dfe der Statue:<\/strong><\/p>\n<ul>\n<li>Gr\u00f6\u00dfe: ca. H58cm x D47cm x W39cm<\/li>\n<li>Gewicht: ca. 12kg (gesch\u00e4tzt)<\/li>\n<\/ul>\n<p>You are not prepared! \ud83d\ude42<\/p>","protected":false},"excerpt":{"rendered":"<p>Bayonetta &#8211; Bayonetta 3.0 | 1:6 Resin Statue | von Acy Studio EU Taxfree! I do ship EU-wide, please contact me, should questions arise. Tolle Statue der ber\u00fchmten Hexte und Gestaltwandlerin Wunderbar verarbeitete und sehr detaillierte Statue von Bayonetta aus Polystone &#8211; k\u00fcnstlichem Stein-Harz-Gemisch. Besonderheiten: EX Variante mit zus\u00e4tzlichem, austauschbaren nackten K\u00f6rper weltweit 288 St\u00fcck [&hellip;]<\/p>\n","protected":false},"featured_media":25129,"comment_status":"closed","ping_status":"closed","template":"","meta":[],"product_brand":[],"product_cat":[826,81],"product_tag":[612,659,666,658,989,986,987,985,988,990,147,251,383,553,795,154,136,554,379,381,552,547],"class_list":{"0":"post-25128","1":"product","2":"type-product","3":"status-publish","4":"has-post-thumbnail","6":"product_cat-lagernd-vor-ort","7":"product_cat-statuen-computerspieluniversum","8":"product_tag-anime","9":"product_tag-anime-figuren","10":"product_tag-anime-figuren-shop","11":"product_tag-anime-toys","12":"product_tag-bayonetta","13":"product_tag-bayonetta-collectibles","14":"product_tag-bayonetta-resin","15":"product_tag-bayonetta-statue","16":"product_tag-bayonetta-statues","17":"product_tag-bayonetta-toys","18":"product_tag-collectibles","19":"product_tag-collectibles-kaufen","20":"product_tag-collector","21":"product_tag-figure-collector","22":"product_tag-handsomecake","23":"product_tag-resin-collectibles","24":"product_tag-resin-statuen","25":"product_tag-resin-statues","26":"product_tag-statue-collectible","27":"product_tag-statue-collectibles","28":"product_tag-statue-collector","29":"product_tag-statues-collector","30":"pa_brand-acy-studio","31":"pa_scale-1_to_6","33":"first","34":"instock","35":"sale","36":"taxable","37":"shipping-taxable","38":"product-type-simple"},"_links":{"self":[{"href":"https:\/\/store.handsomecake.com\/en\/wp-json\/wp\/v2\/product\/25128","targetHints":{"allow":["GET"]}}],"collection":[{"href":"https:\/\/store.handsomecake.com\/en\/wp-json\/wp\/v2\/product"}],"about":[{"href":"https:\/\/store.handsomecake.com\/en\/wp-json\/wp\/v2\/types\/product"}],"replies":[{"embeddable":true,"href":"https:\/\/store.handsomecake.com\/en\/wp-json\/wp\/v2\/comments?post=25128"}],"wp:featuredmedia":[{"embeddable":true,"href":"https:\/\/store.handsomecake.com\/en\/wp-json\/wp\/v2\/media\/25129"}],"wp:attachment":[{"href":"https:\/\/store.handsomecake.com\/en\/wp-json\/wp\/v2\/media?parent=25128"}],"wp:term":[{"taxonomy":"product_brand","embeddable":true,"href":"https:\/\/store.handsomecake.com\/en\/wp-json\/wp\/v2\/product_brand?post=25128"},{"taxonomy":"product_cat","embeddable":true,"href":"https:\/\/store.handsomecake.com\/en\/wp-json\/wp\/v2\/product_cat?post=25128"},{"taxonomy":"product_tag","embeddable":true,"href":"https:\/\/store.handsomecake.com\/en\/wp-json\/wp\/v2\/product_tag?post=25128"}],"curies":[{"name":"wp","href":"https:\/\/api.w.org\/{rel}","templated":true}]}}