{"id":24990,"date":"2023-09-12T15:32:02","date_gmt":"2023-09-12T15:32:02","guid":{"rendered":"https:\/\/store.handsomecake.com\/product\/neo-genesis-evangelion-mari-makinami-14-resin-statue-von-fallen-angel-studio\/"},"modified":"2024-06-12T16:05:55","modified_gmt":"2024-06-12T16:05:55","slug":"neo-genesis-evangelion-mari-makinami-14-resin-statue-von-fallen-angel-studio","status":"publish","type":"product","link":"https:\/\/store.handsomecake.com\/en\/product\/neo-genesis-evangelion-mari-makinami-14-resin-statue-von-fallen-angel-studio\/","title":{"rendered":"Neo Genesis Evangelion &#8211; Mari Makinami | 1:4 Resin Statue | von Fallen Angel Studio"},"content":{"rendered":"<p><strong>Neo Genesis Evangelion &#8211; Mari Makinami | 1:4 Resin Statue | von Fallen Angel Studio<\/strong><\/p>\n<p>I do ship EU-wide, please contact me, should questions arise.<\/p>\n<p>Tolle Statue der tapferen Mechpilotin<br \/>\nWunderbar verarbeitete und sehr detaillierte Mari Makinami Statue aus Polystone &#8211; k\u00fcnstlichem Stein-Harz-Gemisch.<\/p>\n<p><strong>Besonderheiten<\/strong>:<\/p>\n<ul>\n<li>weltweit 288 St\u00fcck<\/li>\n<li>folgende Versionen verf\u00fcgbar:<\/li>\n<\/ul>\n<p>&#8211; Deluxe Version (Gr\u00fcner Kampfanzug + Rosa Kampfanzug + Bikini, Kopf mit Brille + Anime-Kopf + Kopf ohne Brille )<\/p>\n<p>&#8211; Rosa EX Version (Rosa Kampfanzug + Bikini, Kopf ohne Brille + Anime-Kopf)<\/p>\n<p>&#8211; Gr\u00fcne EX Version (Gr\u00fcner Kampfanzug + Bikini, Kopf mit Brille + Kopf ohne Brille )<\/p>\n<p><strong>Release-Status:<\/strong><\/p>\n<ul>\n<li>Vorbestellung. Statue wird ca. Ende Q3 2024 released, wir erwarten sie sch\u00e4tzungsweise Ende Oktober 2024 im Lager.<\/li>\n<\/ul>\n<p>Wie immer bei meinen Aktionen &#8211; s\u00e4mtliche Geb\u00fchren sind, im Gegensatz zu anderen Angeboten, bereits inkludiert. Versand erfolgt ausschlie\u00dflich aus Deutschland, es fallen keine Zoll- und Importgeb\u00fchren an. Ihr kauft keine Katze im Sack \ud83d\ude42<\/p>\n<p><strong>Ma\u00dfe der Statue:<\/strong><\/p>\n<ul>\n<li>Gr\u00f6\u00dfe: H56cm x W17cm x D17cm<\/li>\n<li>Gewicht: gesch\u00e4tzt ca. 10 kg (TBA)<\/li>\n<\/ul>\n<p>You are not prepared! \ud83d\ude42<\/p>","protected":false},"excerpt":{"rendered":"<p>Neo Genesis Evangelion &#8211; Mari Makinami | 1:4 Resin Statue | von Fallen Angel Studio I do ship EU-wide, please contact me, should questions arise. Tolle Statue der tapferen Mechpilotin Wunderbar verarbeitete und sehr detaillierte Mari Makinami Statue aus Polystone &#8211; k\u00fcnstlichem Stein-Harz-Gemisch. Besonderheiten: weltweit 288 St\u00fcck folgende Versionen verf\u00fcgbar: &#8211; Deluxe Version (Gr\u00fcner Kampfanzug [&hellip;]<\/p>\n","protected":false},"featured_media":25017,"comment_status":"closed","ping_status":"closed","template":"","meta":[],"product_brand":[],"product_cat":[24,568,84],"product_tag":[612,656,1043,658,539,537,538,479,147,251,383,533,1082,1084,1083,1081,795,1079,1078,1080,536,534,535,154,255,136,137],"class_list":{"0":"post-24990","1":"product","2":"type-product","3":"status-publish","4":"has-post-thumbnail","6":"product_cat-action-figuren","7":"product_cat-preorder","8":"product_cat-statuen-anime-comic-universum","9":"product_tag-anime","10":"product_tag-anime-collectibles","11":"product_tag-anime-statues","12":"product_tag-anime-toys","13":"product_tag-asuka-figure","14":"product_tag-asuka-resin-statue","15":"product_tag-asuka-statue","16":"product_tag-collectible","17":"product_tag-collectibles","18":"product_tag-collectibles-kaufen","19":"product_tag-collector","20":"product_tag-eva","21":"product_tag-eva-makinami","22":"product_tag-eva-makinami-collectible","23":"product_tag-eva-makinami-statue","24":"product_tag-eva-mari","25":"product_tag-handsomecake","26":"product_tag-makinami","27":"product_tag-mari","28":"product_tag-mari-makinami","29":"product_tag-neo-genesis-asuka","30":"product_tag-neo-genesis-eva","31":"product_tag-neo-genesis-evangelion","32":"product_tag-resin-collectibles","33":"product_tag-resin-collectibles-kaufen","34":"product_tag-resin-statuen","35":"product_tag-resin-statuen-kaufen","36":"pa_brand-fallen-angel-studio","37":"pa_scale-1_to_4","39":"first","40":"instock","41":"taxable","42":"shipping-taxable","43":"product-type-variable"},"_links":{"self":[{"href":"https:\/\/store.handsomecake.com\/en\/wp-json\/wp\/v2\/product\/24990","targetHints":{"allow":["GET"]}}],"collection":[{"href":"https:\/\/store.handsomecake.com\/en\/wp-json\/wp\/v2\/product"}],"about":[{"href":"https:\/\/store.handsomecake.com\/en\/wp-json\/wp\/v2\/types\/product"}],"replies":[{"embeddable":true,"href":"https:\/\/store.handsomecake.com\/en\/wp-json\/wp\/v2\/comments?post=24990"}],"wp:featuredmedia":[{"embeddable":true,"href":"https:\/\/store.handsomecake.com\/en\/wp-json\/wp\/v2\/media\/25017"}],"wp:attachment":[{"href":"https:\/\/store.handsomecake.com\/en\/wp-json\/wp\/v2\/media?parent=24990"}],"wp:term":[{"taxonomy":"product_brand","embeddable":true,"href":"https:\/\/store.handsomecake.com\/en\/wp-json\/wp\/v2\/product_brand?post=24990"},{"taxonomy":"product_cat","embeddable":true,"href":"https:\/\/store.handsomecake.com\/en\/wp-json\/wp\/v2\/product_cat?post=24990"},{"taxonomy":"product_tag","embeddable":true,"href":"https:\/\/store.handsomecake.com\/en\/wp-json\/wp\/v2\/product_tag?post=24990"}],"curies":[{"name":"wp","href":"https:\/\/api.w.org\/{rel}","templated":true}]}}