{"id":24964,"date":"2023-09-11T18:14:55","date_gmt":"2023-09-11T18:14:55","guid":{"rendered":"https:\/\/store.handsomecake.com\/product\/league-of-legends-ekko-16-resin-statue-von-purearts\/"},"modified":"2024-06-12T16:05:09","modified_gmt":"2024-06-12T16:05:09","slug":"league-of-legends-ekko-16-resin-statue-von-purearts","status":"publish","type":"product","link":"https:\/\/store.handsomecake.com\/en\/product\/league-of-legends-ekko-16-resin-statue-von-purearts\/","title":{"rendered":"League of Legends &#8211; Ekko | 1:4 Resin Statue | von PureArts"},"content":{"rendered":"<p><audio class=\"audio-for-speech\"><\/audio><\/p>\n<div class=\"translate-tooltip-mtz translator-hidden\">\n<div class=\"header\">\n<div class=\"header-controls\">Translator<\/div>\n<div class=\"header-controls\"><\/div>\n<\/div>\n<div class=\"translated-text\">\n<div class=\"words\"><\/div>\n<div class=\"sentences\"><\/div>\n<\/div>\n<\/div>\n<p>&nbsp;<\/p>\n<p><audio class=\"audio-for-speech\"><\/audio><\/p>\n<div class=\"translate-tooltip-mtz translator-hidden\">\n<div class=\"header\">\n<div class=\"header-controls\">Translator<\/div>\n<div class=\"header-controls\"><\/div>\n<\/div>\n<div class=\"translated-text\">\n<div class=\"words\"><\/div>\n<div class=\"sentences\"><\/div>\n<\/div>\n<\/div>\n<p>&nbsp;<\/p>\n<p><strong>League of Legends &#8211; Ekko | 1:4 Resin Statue | von PureArts<\/strong><\/p>\n<p>I do ship EU-wide, please contact me, should questions arise.<\/p>\n<p><span style=\"color: #ffffff;\"><em><span style=\"background-color: #2c3e50;\">&#8222;Time doesn&#8217;t heal all wounds.&#8220;\u00a0 <\/span><\/em><\/span><\/p>\n<p>Tolle Statue von dem Wunderkind von den rauen Stra\u00dfen Zhauns.<br \/>\nWunderbar verarbeitete und sehr detaillierte Ekko Statue aus Polystone &#8211; k\u00fcnstlichem Stein-Harz-Gemisch.<\/p>\n<p><strong>Besonderheiten:<\/strong><\/p>\n<ul>\n<li>keine<\/li>\n<\/ul>\n<p><strong>Release-Status:<\/strong><\/p>\n<ul>\n<li>Preorder. Statue wird voraussichtlich Q3 2024 released, wir erwarten sie im Lager sch\u00e4tzungsweise Ende Oktober 2024.<\/li>\n<\/ul>\n<p>Wie immer bei meinen Aktionen &#8211; s\u00e4mtliche Geb\u00fchren sind, im Gegensatz zu anderen Angeboten, bereits inkludiert. Versand erfolgt ausschlie\u00dflich aus Deutschland, es fallen keine Zoll- und Importgeb\u00fchren an. Ihr kauft keine Katze im Sack \ud83d\ude42<\/p>\n<p><strong>Ma\u00dfe der Statue:<\/strong><\/p>\n<ul>\n<li>Gr\u00f6\u00dfe: ca. H60.96cm x W34cm x L54cm<\/li>\n<li>Gewicht: TBA, ca. 10kg<\/li>\n<\/ul>\n<p>You are not prepared! \ud83d\ude42<\/p>","protected":false},"excerpt":{"rendered":"<p><audio class=\"audio-for-speech\"><\/audio><\/p>\n<div class=\"translate-tooltip-mtz translator-hidden\">\n<div class=\"header\">\n<div class=\"header-controls\">Translator<\/div>\n<div class=\"header-controls\"><\/div>\n<\/div>\n<div class=\"translated-text\">\n<div class=\"words\"><\/div>\n<div class=\"sentences\"><\/div>\n<\/div>\n<\/div>\n<p>&nbsp;<\/p>\n<p><audio class=\"audio-for-speech\"><\/audio><\/p>\n<div class=\"translate-tooltip-mtz translator-hidden\">\n<div class=\"header\">\n<div class=\"header-controls\">Translator<\/div>\n<div class=\"header-controls\"><\/div>\n<\/div>\n<div class=\"translated-text\">\n<div class=\"words\"><\/div>\n<div class=\"sentences\"><\/div>\n<\/div>\n<\/div>\n<p>&nbsp;<\/p>\n<p>&nbsp;<\/p>","protected":false},"featured_media":24965,"comment_status":"closed","ping_status":"closed","template":"","meta":[],"product_brand":[],"product_cat":[24,389,568,81],"product_tag":[612,663,666,717,794,662,640,658,479,147,251,2888,2889,2890,2891,2892,795,390,392,2893,974,975,394,2142,154,255,136,137,379,381,552,665,380,382,547,718],"class_list":{"0":"post-24964","1":"product","2":"type-product","3":"status-publish","4":"has-post-thumbnail","6":"product_cat-action-figuren","7":"product_cat-league-of-legends","8":"product_cat-preorder","9":"product_cat-statuen-computerspieluniversum","10":"product_tag-anime","11":"product_tag-anime-figur-shop","12":"product_tag-anime-figuren-shop","13":"product_tag-anime-shop","14":"product_tag-anime-statue","15":"product_tag-anime-statue-shop","16":"product_tag-anime-statuen","17":"product_tag-anime-toys","18":"product_tag-collectible","19":"product_tag-collectibles","20":"product_tag-collectibles-kaufen","21":"product_tag-ekko","22":"product_tag-ekko-collectible","23":"product_tag-ekko-figur","24":"product_tag-ekko-figurine","25":"product_tag-ekko-toys","26":"product_tag-handsomecake","27":"product_tag-league-of-legends","28":"product_tag-league-of-legends-collectibles","29":"product_tag-league-of-legends-ekko","30":"product_tag-league-of-legends-resin","31":"product_tag-league-of-legends-statue","32":"product_tag-league-of-legends-statuen","33":"product_tag-league-of-legends-toy","34":"product_tag-resin-collectibles","35":"product_tag-resin-collectibles-kaufen","36":"product_tag-resin-statuen","37":"product_tag-resin-statuen-kaufen","38":"product_tag-statue-collectible","39":"product_tag-statue-collectibles","40":"product_tag-statue-collector","41":"product_tag-statuen-shop","42":"product_tag-statues-collectible","43":"product_tag-statues-collectibles","44":"product_tag-statues-collector","45":"product_tag-toys","46":"pa_brand-purearts-studio","47":"pa_scale-1_to_4","49":"first","50":"instock","51":"taxable","52":"shipping-taxable","53":"product-type-simple"},"_links":{"self":[{"href":"https:\/\/store.handsomecake.com\/en\/wp-json\/wp\/v2\/product\/24964","targetHints":{"allow":["GET"]}}],"collection":[{"href":"https:\/\/store.handsomecake.com\/en\/wp-json\/wp\/v2\/product"}],"about":[{"href":"https:\/\/store.handsomecake.com\/en\/wp-json\/wp\/v2\/types\/product"}],"replies":[{"embeddable":true,"href":"https:\/\/store.handsomecake.com\/en\/wp-json\/wp\/v2\/comments?post=24964"}],"wp:featuredmedia":[{"embeddable":true,"href":"https:\/\/store.handsomecake.com\/en\/wp-json\/wp\/v2\/media\/24965"}],"wp:attachment":[{"href":"https:\/\/store.handsomecake.com\/en\/wp-json\/wp\/v2\/media?parent=24964"}],"wp:term":[{"taxonomy":"product_brand","embeddable":true,"href":"https:\/\/store.handsomecake.com\/en\/wp-json\/wp\/v2\/product_brand?post=24964"},{"taxonomy":"product_cat","embeddable":true,"href":"https:\/\/store.handsomecake.com\/en\/wp-json\/wp\/v2\/product_cat?post=24964"},{"taxonomy":"product_tag","embeddable":true,"href":"https:\/\/store.handsomecake.com\/en\/wp-json\/wp\/v2\/product_tag?post=24964"}],"curies":[{"name":"wp","href":"https:\/\/api.w.org\/{rel}","templated":true}]}}