{"id":24928,"date":"2023-09-09T14:18:28","date_gmt":"2023-09-09T14:18:28","guid":{"rendered":"https:\/\/store.handsomecake.com\/product\/overwatch-reinhardt-14-resin-statue-von-blizzard\/"},"modified":"2024-06-12T16:04:54","modified_gmt":"2024-06-12T16:04:54","slug":"overwatch-reinhardt-14-resin-statue-von-blizzard","status":"publish","type":"product","link":"https:\/\/store.handsomecake.com\/en\/product\/overwatch-reinhardt-14-resin-statue-von-blizzard\/","title":{"rendered":"Overwatch &#8211; Reinhardt | 1:4 Resin Statue | von Blizzard"},"content":{"rendered":"<p><strong>Overwatch &#8211; Reinhardt | 1:4 Resin Statue | von Blizzard<\/strong><\/p>\n<p>EU Taxfree! I do ship EU-wide, please contact me, should questions arise.<\/p>\n<p>Tolle Statue von dem Tank<br \/>\nWunderbar verarbeitete und sehr detaillierte Reinhardt Statue aus Polystone &#8211; k\u00fcnstlichem Stein-Harz-Gemisch.<\/p>\n<p><strong>Besonderheiten:<\/strong><\/p>\n<ul>\n<li>keine<\/li>\n<\/ul>\n<p><strong>Release-Status:<\/strong><\/p>\n<ul>\n<li>Lagernd vor Ort. Lieferung kann bis zu 14 Arbeitstage dauern.<\/li>\n<\/ul>\n<p>Wie immer bei meinen Aktionen &#8211; s\u00e4mtliche Geb\u00fchren sind, im Gegensatz zu anderen Angeboten, bereits inkludiert. Versand erfolgt ausschlie\u00dflich aus Deutschland, es fallen keine Zoll- und Importgeb\u00fchren an. Ihr kauft keine Katze im Sack \ud83d\ude42<\/p>\n<p><strong>Ma\u00dfe der Statue:<\/strong><\/p>\n<ul>\n<li>Gr\u00f6\u00dfe: ca. 65cm x 46cm x 46cm<\/li>\n<li>Gewicht: TBA, gesch\u00e4tzt: ca. 16.5 kg<\/li>\n<\/ul>\n<p>You are not prepared! \ud83d\ude42<\/p>","protected":false},"excerpt":{"rendered":"<p>Overwatch &#8211; Reinhardt | 1:4 Resin Statue | von Blizzard EU Taxfree! I do ship EU-wide, please contact me, should questions arise. Tolle Statue von dem Tank Wunderbar verarbeitete und sehr detaillierte Reinhardt Statue aus Polystone &#8211; k\u00fcnstlichem Stein-Harz-Gemisch. Besonderheiten: keine Release-Status: Lagernd vor Ort. Lieferung kann bis zu 14 Arbeitstage dauern. Wie immer bei [&hellip;]<\/p>\n","protected":false},"featured_media":24936,"comment_status":"closed","ping_status":"closed","template":"","meta":[],"product_brand":[],"product_cat":[24,826,524,81],"product_tag":[612,656,666,657,717,662,147,383,795,541,544,546,2887,545,2884,2885,2886,154,255,136,137,379,381,380,382,547],"class_list":{"0":"post-24928","1":"product","2":"type-product","3":"status-publish","4":"has-post-thumbnail","6":"product_cat-action-figuren","7":"product_cat-lagernd-vor-ort","8":"product_cat-overwatch","9":"product_cat-statuen-computerspieluniversum","10":"product_tag-anime","11":"product_tag-anime-collectibles","12":"product_tag-anime-figuren-shop","13":"product_tag-anime-figures","14":"product_tag-anime-shop","15":"product_tag-anime-statue-shop","16":"product_tag-collectibles","17":"product_tag-collector","18":"product_tag-handsomecake","19":"product_tag-overwatch","20":"product_tag-overwatch-collectibles","21":"product_tag-overwatch-figures","22":"product_tag-overwatch-reinhardt","23":"product_tag-overwatch-resin","24":"product_tag-reinhardt","25":"product_tag-reinhardt-figure","26":"product_tag-reinhardt-statue","27":"product_tag-resin-collectibles","28":"product_tag-resin-collectibles-kaufen","29":"product_tag-resin-statuen","30":"product_tag-resin-statuen-kaufen","31":"product_tag-statue-collectible","32":"product_tag-statue-collectibles","33":"product_tag-statues-collectible","34":"product_tag-statues-collectibles","35":"product_tag-statues-collector","36":"pa_brand-blizzard","37":"pa_scale-1_to_4","39":"first","40":"instock","41":"taxable","42":"shipping-taxable","43":"product-type-simple"},"_links":{"self":[{"href":"https:\/\/store.handsomecake.com\/en\/wp-json\/wp\/v2\/product\/24928","targetHints":{"allow":["GET"]}}],"collection":[{"href":"https:\/\/store.handsomecake.com\/en\/wp-json\/wp\/v2\/product"}],"about":[{"href":"https:\/\/store.handsomecake.com\/en\/wp-json\/wp\/v2\/types\/product"}],"replies":[{"embeddable":true,"href":"https:\/\/store.handsomecake.com\/en\/wp-json\/wp\/v2\/comments?post=24928"}],"wp:featuredmedia":[{"embeddable":true,"href":"https:\/\/store.handsomecake.com\/en\/wp-json\/wp\/v2\/media\/24936"}],"wp:attachment":[{"href":"https:\/\/store.handsomecake.com\/en\/wp-json\/wp\/v2\/media?parent=24928"}],"wp:term":[{"taxonomy":"product_brand","embeddable":true,"href":"https:\/\/store.handsomecake.com\/en\/wp-json\/wp\/v2\/product_brand?post=24928"},{"taxonomy":"product_cat","embeddable":true,"href":"https:\/\/store.handsomecake.com\/en\/wp-json\/wp\/v2\/product_cat?post=24928"},{"taxonomy":"product_tag","embeddable":true,"href":"https:\/\/store.handsomecake.com\/en\/wp-json\/wp\/v2\/product_tag?post=24928"}],"curies":[{"name":"wp","href":"https:\/\/api.w.org\/{rel}","templated":true}]}}