{"id":24915,"date":"2023-09-09T14:15:55","date_gmt":"2023-09-09T14:15:55","guid":{"rendered":"https:\/\/store.handsomecake.com\/product\/star-wars-darth-maul-14-resin-statue-von-iron-studios\/"},"modified":"2024-06-12T16:04:49","modified_gmt":"2024-06-12T16:04:49","slug":"star-wars-darth-maul-14-resin-statue-von-iron-studios","status":"publish","type":"product","link":"https:\/\/store.handsomecake.com\/en\/product\/star-wars-darth-maul-14-resin-statue-von-iron-studios\/","title":{"rendered":"Star Wars &#8211; Darth Maul | 1:4 Resin Statue | von Iron Studios"},"content":{"rendered":"<p><strong>Star Wars &#8211; Darth Maul | 1:4 Resin Statue | von Iron Studios<\/strong><\/p>\n<p>I do ship EU-wide, please contact me, should questions arise.<\/p>\n<p><span style=\"color: #ffffff;\"><em><span style=\"background-color: #2c3e50;\">&#8222;The Sith took everything from me. Ripped me from my mother&#8217;s arms, murdered my brother, used me as a weapon and then cast me aside. Abandoned me. Once, I had power, now I have nothing. Nothing.&#8220;<\/span><\/em><\/span><\/p>\n<p>Tolle Statue von dem dathomirischen Zabrak und Sith-Lord<br \/>\nWunderbar verarbeitete und sehr detaillierte Maul Statue aus Polystone &#8211; k\u00fcnstlichem Stein-Harz-Gemisch.<\/p>\n<p><strong>Besonderheiten:<\/strong><\/p>\n<ul>\n<li>2 austauschbare K\u00f6pfe<\/li>\n<li>2 Sets S\u00e4bel<\/li>\n<\/ul>\n<p><strong>Release-Status:<\/strong><\/p>\n<ul>\n<li>Preorder. Statue wird voraussichtlich Ende Q1 2024 released. Wir erwarten sie bei uns gegen Ende Mai 2024.<\/li>\n<\/ul>\n<p>Wie immer bei meinen Aktionen &#8211; s\u00e4mtliche Geb\u00fchren sind, im Gegensatz zu anderen Angeboten, bereits inkludiert. Versand erfolgt ausschlie\u00dflich aus Deutschland, es fallen keine Zoll- und Importgeb\u00fchren an. Ihr kauft keine Katze im Sack \ud83d\ude42<\/p>\n<p><strong>Ma\u00dfe der Statue:<\/strong><\/p>\n<ul>\n<li>Gr\u00f6\u00dfe: ca. 58,4 cm x 53,8 cm x 30 cm<\/li>\n<li>Gewicht: TBA, gesch\u00e4tzt: ca. 14 kg<\/li>\n<\/ul>\n<p>You are not prepared! \ud83d\ude42<\/p>","protected":false},"excerpt":{"rendered":"<p>Star Wars &#8211; Darth Maul | 1:4 Resin Statue | von Iron Studios I do ship EU-wide, please contact me, should questions arise. &#8222;The Sith took everything from me. Ripped me from my mother&#8217;s arms, murdered my brother, used me as a weapon and then cast me aside. Abandoned me. Once, I had power, now [&hellip;]<\/p>\n","protected":false},"featured_media":24916,"comment_status":"closed","ping_status":"closed","template":"","meta":[],"product_brand":[],"product_cat":[24,568,84],"product_tag":[612,666,717,794,662,640,658,479,147,251,2480,2482,2483,795,2481,154,255,136,137,1887,2484,1889,1890,379,381,552,665,380,382,547,718],"class_list":{"0":"post-24915","1":"product","2":"type-product","3":"status-publish","4":"has-post-thumbnail","6":"product_cat-action-figuren","7":"product_cat-preorder","8":"product_cat-statuen-anime-comic-universum","9":"product_tag-anime","10":"product_tag-anime-figuren-shop","11":"product_tag-anime-shop","12":"product_tag-anime-statue","13":"product_tag-anime-statue-shop","14":"product_tag-anime-statuen","15":"product_tag-anime-toys","16":"product_tag-collectible","17":"product_tag-collectibles","18":"product_tag-collectibles-kaufen","19":"product_tag-darth-maul","20":"product_tag-darth-maul-collectible","21":"product_tag-darth-maul-statue","22":"product_tag-handsomecake","23":"product_tag-maul","24":"product_tag-resin-collectibles","25":"product_tag-resin-collectibles-kaufen","26":"product_tag-resin-statuen","27":"product_tag-resin-statuen-kaufen","28":"product_tag-star-wars-collectibles","29":"product_tag-star-wars-darth-maul","30":"product_tag-star-wars-resin","31":"product_tag-star-wars-statue","32":"product_tag-statue-collectible","33":"product_tag-statue-collectibles","34":"product_tag-statue-collector","35":"product_tag-statuen-shop","36":"product_tag-statues-collectible","37":"product_tag-statues-collectibles","38":"product_tag-statues-collector","39":"product_tag-toys","40":"pa_brand-iron-studios","41":"pa_scale-1_to_4","43":"first","44":"instock","45":"taxable","46":"shipping-taxable","47":"product-type-simple"},"_links":{"self":[{"href":"https:\/\/store.handsomecake.com\/en\/wp-json\/wp\/v2\/product\/24915","targetHints":{"allow":["GET"]}}],"collection":[{"href":"https:\/\/store.handsomecake.com\/en\/wp-json\/wp\/v2\/product"}],"about":[{"href":"https:\/\/store.handsomecake.com\/en\/wp-json\/wp\/v2\/types\/product"}],"replies":[{"embeddable":true,"href":"https:\/\/store.handsomecake.com\/en\/wp-json\/wp\/v2\/comments?post=24915"}],"wp:featuredmedia":[{"embeddable":true,"href":"https:\/\/store.handsomecake.com\/en\/wp-json\/wp\/v2\/media\/24916"}],"wp:attachment":[{"href":"https:\/\/store.handsomecake.com\/en\/wp-json\/wp\/v2\/media?parent=24915"}],"wp:term":[{"taxonomy":"product_brand","embeddable":true,"href":"https:\/\/store.handsomecake.com\/en\/wp-json\/wp\/v2\/product_brand?post=24915"},{"taxonomy":"product_cat","embeddable":true,"href":"https:\/\/store.handsomecake.com\/en\/wp-json\/wp\/v2\/product_cat?post=24915"},{"taxonomy":"product_tag","embeddable":true,"href":"https:\/\/store.handsomecake.com\/en\/wp-json\/wp\/v2\/product_tag?post=24915"}],"curies":[{"name":"wp","href":"https:\/\/api.w.org\/{rel}","templated":true}]}}