{"id":24813,"date":"2023-09-03T08:12:59","date_gmt":"2023-09-03T08:12:59","guid":{"rendered":"https:\/\/store.handsomecake.com\/product\/world-of-warcraft-sindragosa-16-resin-statue-von-blizzard\/"},"modified":"2024-06-12T16:04:20","modified_gmt":"2024-06-12T16:04:20","slug":"world-of-warcraft-sindragosa-16-resin-statue-von-blizzard","status":"publish","type":"product","link":"https:\/\/store.handsomecake.com\/en\/product\/world-of-warcraft-sindragosa-16-resin-statue-von-blizzard\/","title":{"rendered":"World of Warcraft &#8211; Sindragosa | 1:6 Resin Statue | von Blizzard"},"content":{"rendered":"<p><strong>World of Warcraft &#8211; Sindragosa | 1:6 Resin Statue | von Blizzard<\/strong><\/p>\n<p>EU Taxfree! I do ship EU-wide, please contact me, should questions arise.<\/p>\n<p>Tolle B\u00fcste von dem m\u00e4chtigsten Frostwyrm der Welt<br \/>\nWunderbar verarbeitete und sehr detaillierte Sindragosa B\u00fcste aus Polystone &#8211; k\u00fcnstlichem Stein-Harz-Gemisch.<\/p>\n<p><strong>Besonderheiten:<\/strong><\/p>\n<ul>\n<li>mit LED<\/li>\n<\/ul>\n<p><strong>Release-Status:<\/strong><\/p>\n<ul>\n<li>Preorder. Statue wird voraussichtlich in Q4 2023 released und wir erwarten sie sch\u00e4tzungsweise Ende Februar 2024 bei uns im Warenlager.<\/li>\n<\/ul>\n<p>Wie immer bei meinen Artikeln &#8211; s\u00e4mtliche Geb\u00fchren sind, im Gegensatz zu anderen Angeboten, bereits inkludiert. Versand erfolgt ausschlie\u00dflich aus Deutschland, es fallen keine Zoll- und Importgeb\u00fchren an. Ihr kauft keine Katze im Sack \ud83d\ude42<\/p>\n<p><strong>Ma\u00dfe der Statue:<\/strong><\/p>\n<ul>\n<li>Gr\u00f6\u00dfe: ca.25cm x60cm x 60cm<\/li>\n<li>Gewicht: ca. 6.7kg<\/li>\n<\/ul>\n<p>You are not prepared! \ud83d\ude42<\/p>","protected":false},"excerpt":{"rendered":"<p>World of Warcraft &#8211; Sindragosa | 1:6 Resin Statue | von Blizzard EU Taxfree! I do ship EU-wide, please contact me, should questions arise. Tolle B\u00fcste von dem m\u00e4chtigsten Frostwyrm der Welt Wunderbar verarbeitete und sehr detaillierte Sindragosa B\u00fcste aus Polystone &#8211; k\u00fcnstlichem Stein-Harz-Gemisch. Besonderheiten: mit LED Release-Status: Preorder. Statue wird voraussichtlich in Q4 2023 [&hellip;]<\/p>\n","protected":false},"featured_media":24821,"comment_status":"closed","ping_status":"closed","template":"","meta":[],"product_brand":[],"product_cat":[24,568,81,85],"product_tag":[612,663,794,662,640,658,147,251,795,154,136,137,2867,2866,2864,2865,379,381,665,380,382,718,131,224,104,103],"class_list":{"0":"post-24813","1":"product","2":"type-product","3":"status-publish","4":"has-post-thumbnail","6":"product_cat-action-figuren","7":"product_cat-preorder","8":"product_cat-statuen-computerspieluniversum","9":"product_cat-warcraft","10":"product_tag-anime","11":"product_tag-anime-figur-shop","12":"product_tag-anime-statue","13":"product_tag-anime-statue-shop","14":"product_tag-anime-statuen","15":"product_tag-anime-toys","16":"product_tag-collectibles","17":"product_tag-collectibles-kaufen","18":"product_tag-handsomecake","19":"product_tag-resin-collectibles","20":"product_tag-resin-statuen","21":"product_tag-resin-statuen-kaufen","22":"product_tag-sindragos-statue","23":"product_tag-sindragosa","24":"product_tag-sindragosa-resin-statue","25":"product_tag-sindragosa-warcraft","26":"product_tag-statue-collectible","27":"product_tag-statue-collectibles","28":"product_tag-statuen-shop","29":"product_tag-statues-collectible","30":"product_tag-statues-collectibles","31":"product_tag-toys","32":"product_tag-warcraft-resin-statue","33":"product_tag-world-of-warcraft-collectibles","34":"product_tag-world-of-warcraft-statuen","35":"product_tag-wow-statuen","36":"pa_brand-blizzard","37":"pa_scale-1_to_6","39":"first","40":"outofstock","41":"taxable","42":"shipping-taxable","43":"product-type-simple"},"_links":{"self":[{"href":"https:\/\/store.handsomecake.com\/en\/wp-json\/wp\/v2\/product\/24813","targetHints":{"allow":["GET"]}}],"collection":[{"href":"https:\/\/store.handsomecake.com\/en\/wp-json\/wp\/v2\/product"}],"about":[{"href":"https:\/\/store.handsomecake.com\/en\/wp-json\/wp\/v2\/types\/product"}],"replies":[{"embeddable":true,"href":"https:\/\/store.handsomecake.com\/en\/wp-json\/wp\/v2\/comments?post=24813"}],"wp:featuredmedia":[{"embeddable":true,"href":"https:\/\/store.handsomecake.com\/en\/wp-json\/wp\/v2\/media\/24821"}],"wp:attachment":[{"href":"https:\/\/store.handsomecake.com\/en\/wp-json\/wp\/v2\/media?parent=24813"}],"wp:term":[{"taxonomy":"product_brand","embeddable":true,"href":"https:\/\/store.handsomecake.com\/en\/wp-json\/wp\/v2\/product_brand?post=24813"},{"taxonomy":"product_cat","embeddable":true,"href":"https:\/\/store.handsomecake.com\/en\/wp-json\/wp\/v2\/product_cat?post=24813"},{"taxonomy":"product_tag","embeddable":true,"href":"https:\/\/store.handsomecake.com\/en\/wp-json\/wp\/v2\/product_tag?post=24813"}],"curies":[{"name":"wp","href":"https:\/\/api.w.org\/{rel}","templated":true}]}}