{"id":24736,"date":"2023-08-30T23:44:43","date_gmt":"2023-08-30T23:44:43","guid":{"rendered":"https:\/\/store.handsomecake.com\/product\/star-wars-ahsoka-tano-14-resin-statue-von-iron-studios\/"},"modified":"2024-06-12T16:03:59","modified_gmt":"2024-06-12T16:03:59","slug":"star-wars-ahsoka-tano-14-resin-statue-von-iron-studios","status":"publish","type":"product","link":"https:\/\/store.handsomecake.com\/en\/product\/star-wars-ahsoka-tano-14-resin-statue-von-iron-studios\/","title":{"rendered":"Star Wars &#8211; Ahsoka Tano | 1:4 Resin Statue | von Iron Studios"},"content":{"rendered":"<p><strong>Star Wars &#8211; Ahsoka Tano | 1:4 Resin Statue | von Iron Studios<\/strong><\/p>\n<p>I do ship EU-wide, please contact me, should questions arise.<\/p>\n<p><em><span style=\"color: #ffffff;\"><span style=\"background-color: #2c3e50;\">&#8220;\u00a0 In my life, when you find people who need your help, you help them, no matter what.&#8220;\u00a0 <\/span><\/span><\/em><\/p>\n<p>Tolle Statue von einer Togruta-Jedi des Alten Ordens.<br \/>\nWunderbar verarbeitete und sehr detaillierte Snips Statue aus Polystone &#8211; k\u00fcnstlichem Stein-Harz-Gemisch.<\/p>\n<p><strong>Besonderheiten:<\/strong><\/p>\n<ul>\n<li>extra austauschbare Arme<\/li>\n<\/ul>\n<p><strong>Release-Status:<\/strong><\/p>\n<ul>\n<li>Preorder. Statue wird voraussichtlich Ende Q2 2024 released. Wir erwarten sie bei uns gegen Ende August 2024.<\/li>\n<\/ul>\n<p>Wie immer bei meinen Aktionen &#8211; s\u00e4mtliche Geb\u00fchren sind, im Gegensatz zu anderen Angeboten, bereits inkludiert. Versand erfolgt ausschlie\u00dflich aus Deutschland, es fallen keine Zoll- und Importgeb\u00fchren an. Ihr kauft keine Katze im Sack \ud83d\ude42<\/p>\n<p><strong>Ma\u00dfe der Statue:<\/strong><\/p>\n<ul>\n<li>Gr\u00f6\u00dfe: ca. H64cm x W37cm x D41cm<\/li>\n<li>Gewicht: ca. 8.20 kg<\/li>\n<\/ul>\n<p>You are not prepared! \ud83d\ude42<\/p>","protected":false},"excerpt":{"rendered":"<p>Star Wars &#8211; Ahsoka Tano | 1:4 Resin Statue | von Iron Studios I do ship EU-wide, please contact me, should questions arise. &#8220;\u00a0 In my life, when you find people who need your help, you help them, no matter what.&#8220;\u00a0 Tolle Statue von einer Togruta-Jedi des Alten Ordens. Wunderbar verarbeitete und sehr detaillierte Snips [&hellip;]<\/p>\n","protected":false},"featured_media":24757,"comment_status":"closed","ping_status":"closed","template":"","meta":[],"product_brand":[],"product_cat":[24,568,84],"product_tag":[2861,2858,2860,2859,612,666,717,794,662,640,658,479,147,251,795,154,255,136,137,2533,1887,1889,1890,379,381,552,665,380,382,547,718],"class_list":{"0":"post-24736","1":"product","2":"type-product","3":"status-publish","4":"has-post-thumbnail","6":"product_cat-action-figuren","7":"product_cat-preorder","8":"product_cat-statuen-anime-comic-universum","9":"product_tag-ahsoka","10":"product_tag-ahsoka-collectible","11":"product_tag-ahsoka-statue","12":"product_tag-ahsoka-tano","13":"product_tag-anime","14":"product_tag-anime-figuren-shop","15":"product_tag-anime-shop","16":"product_tag-anime-statue","17":"product_tag-anime-statue-shop","18":"product_tag-anime-statuen","19":"product_tag-anime-toys","20":"product_tag-collectible","21":"product_tag-collectibles","22":"product_tag-collectibles-kaufen","23":"product_tag-handsomecake","24":"product_tag-resin-collectibles","25":"product_tag-resin-collectibles-kaufen","26":"product_tag-resin-statuen","27":"product_tag-resin-statuen-kaufen","28":"product_tag-star-wars-anakin","29":"product_tag-star-wars-collectibles","30":"product_tag-star-wars-resin","31":"product_tag-star-wars-statue","32":"product_tag-statue-collectible","33":"product_tag-statue-collectibles","34":"product_tag-statue-collector","35":"product_tag-statuen-shop","36":"product_tag-statues-collectible","37":"product_tag-statues-collectibles","38":"product_tag-statues-collector","39":"product_tag-toys","40":"pa_brand-iron-studios","41":"pa_scale-1_to_4","43":"first","44":"instock","45":"taxable","46":"shipping-taxable","47":"product-type-simple"},"_links":{"self":[{"href":"https:\/\/store.handsomecake.com\/en\/wp-json\/wp\/v2\/product\/24736","targetHints":{"allow":["GET"]}}],"collection":[{"href":"https:\/\/store.handsomecake.com\/en\/wp-json\/wp\/v2\/product"}],"about":[{"href":"https:\/\/store.handsomecake.com\/en\/wp-json\/wp\/v2\/types\/product"}],"replies":[{"embeddable":true,"href":"https:\/\/store.handsomecake.com\/en\/wp-json\/wp\/v2\/comments?post=24736"}],"wp:featuredmedia":[{"embeddable":true,"href":"https:\/\/store.handsomecake.com\/en\/wp-json\/wp\/v2\/media\/24757"}],"wp:attachment":[{"href":"https:\/\/store.handsomecake.com\/en\/wp-json\/wp\/v2\/media?parent=24736"}],"wp:term":[{"taxonomy":"product_brand","embeddable":true,"href":"https:\/\/store.handsomecake.com\/en\/wp-json\/wp\/v2\/product_brand?post=24736"},{"taxonomy":"product_cat","embeddable":true,"href":"https:\/\/store.handsomecake.com\/en\/wp-json\/wp\/v2\/product_cat?post=24736"},{"taxonomy":"product_tag","embeddable":true,"href":"https:\/\/store.handsomecake.com\/en\/wp-json\/wp\/v2\/product_tag?post=24736"}],"curies":[{"name":"wp","href":"https:\/\/api.w.org\/{rel}","templated":true}]}}