{"id":2451,"date":"2021-03-05T12:57:48","date_gmt":"2021-03-05T12:57:48","guid":{"rendered":"https:\/\/store.handsomecake.com\/product\/other-fantasy-ginny-14-resin-statue-von-ein-studio-ft-evan-lee\/"},"modified":"2024-06-12T14:43:18","modified_gmt":"2024-06-12T14:43:18","slug":"other-fantasy-ginny-14-resin-statue-von-ein-studio-ft-evan-lee","status":"publish","type":"product","link":"https:\/\/store.handsomecake.com\/en\/product\/other-fantasy-ginny-14-resin-statue-von-ein-studio-ft-evan-lee\/","title":{"rendered":"Other Fantasy &#8211; Ginny | 1:4 Resin Statue | von Ein Studio ft. Evan Lee"},"content":{"rendered":"<p>Other Fantasy &#8211; Ginny &#8218; 1:4 Resin Statue &#8218; von Ein Studio ft. Evan Lee<\/p>\n<p>I do ship EU-wide, please contact me, should questions arise.<br \/>\nEU shipping costs are more an estimate and will be recalculated (and you will receive a refund, if shippings costs turn out to be lower in the end).<br \/>\nExample &#8211; some statues are stated as 58cm width. Until they arrive we can&#8217;t guarantee if its the width WITH packaging or without. If it&#8217;s WITH, we fit under the 60cm rule and if the weight is under 31.5kg as well, shipping will be as low as 43.86\u20ac (current DHL price), if the statue is over 60cm with packaging, we will need to engage a hauling company&#8230;<\/p>\n<p>Tolle Statue von einem Android Girl Ginny<\/p>\n<p>Wunderbar verarbeitete und sehr detaillierte Android Ginny Statue aus Polystone &#8211; k\u00fcnstlichem Stein-Harz-Gemisch.<\/p>\n<p>Besonderheiten:<\/p>\n<ul>\n<li>Weltweit nur 300 St\u00fcck.<\/li>\n<\/ul>\n<p>Release-Status:<\/p>\n<ul>\n<li>Pre-Order. Release wird voraussichtlich Q1 2022 erwartet, die Statue demnach etwa Ende April 2022 bei uns im Lager.<\/li>\n<\/ul>\n<p>Wie immer bei meinen Aktionen &#8211; s\u00e4mtliche Geb\u00fchren sind, im Gegensatz zu anderen Angeboten, bereits inkludiert. Versand erfolgt ausschlie\u00dflich aus Deutschland, es fallen keine Zoll- und Importgeb\u00fchren an. Ihr kauft keine Katze im Sack \ud83d\ude42<\/p>\n<p>Preis-Hinweis:<br \/>\nSolltet ihr die Statue direkt \u00fcber unseren Online-Shop (einfach den Benutzernamen googeln) kaufen, so erhaltet ihr auf jeden Fall die Tiefstpreisgarantie &#8211; sollte beispielsweise der Versand, Zoll oder die Einfuhrumsatzsteuer am Ende, also wenn die Statue bei uns im Warenlager angekommen ist, geringer ausfallen, so leiten wir die Preisreduzierung 1:1 an euch weiter! Der Catfish Arthas war z.b. urspr\u00fcnglich f\u00fcr 1850\u20ac drin, Endpreis war 1569\u20ac.<\/p>\n<p>Ma\u00dfe der Statue:<br \/>\nGr\u00f6\u00dfe: ca. 57cm x 51cm x 46cm<br \/>\nGewicht: TBA, gesch\u00e4tzt 20 kg<\/p>\n<p>You are not prepared! \ud83d\ude42<\/p>","protected":false},"excerpt":{"rendered":"<p>Other Fantasy &#8211; Ginny &#8218; 1:4 Resin Statue &#8218; von Ein Studio ft. Evan Lee I do ship EU-wide, please contact me, should questions arise. EU shipping costs are more an estimate and will be recalculated (and you will receive a refund, if shippings costs turn out to be lower in the end). Example &#8211; [&hellip;]<\/p>\n","protected":false},"featured_media":2452,"comment_status":"closed","ping_status":"closed","template":"","meta":[],"product_brand":[],"product_cat":[568,184],"product_tag":[147,251,469,470,154,136,137,379,381,380,382],"class_list":{"0":"post-2451","1":"product","2":"type-product","3":"status-publish","4":"has-post-thumbnail","6":"product_cat-preorder","7":"product_cat-sonstige-resin-statuen","8":"product_tag-collectibles","9":"product_tag-collectibles-kaufen","10":"product_tag-lifesize-collectibles","11":"product_tag-lifesize-statuen","12":"product_tag-resin-collectibles","13":"product_tag-resin-statuen","14":"product_tag-resin-statuen-kaufen","15":"product_tag-statue-collectible","16":"product_tag-statue-collectibles","17":"product_tag-statues-collectible","18":"product_tag-statues-collectibles","19":"pa_brand-ein-studio","20":"pa_scale-1_to_4","22":"first","23":"instock","24":"product-type-variable"},"_links":{"self":[{"href":"https:\/\/store.handsomecake.com\/en\/wp-json\/wp\/v2\/product\/2451","targetHints":{"allow":["GET"]}}],"collection":[{"href":"https:\/\/store.handsomecake.com\/en\/wp-json\/wp\/v2\/product"}],"about":[{"href":"https:\/\/store.handsomecake.com\/en\/wp-json\/wp\/v2\/types\/product"}],"replies":[{"embeddable":true,"href":"https:\/\/store.handsomecake.com\/en\/wp-json\/wp\/v2\/comments?post=2451"}],"wp:featuredmedia":[{"embeddable":true,"href":"https:\/\/store.handsomecake.com\/en\/wp-json\/wp\/v2\/media\/2452"}],"wp:attachment":[{"href":"https:\/\/store.handsomecake.com\/en\/wp-json\/wp\/v2\/media?parent=2451"}],"wp:term":[{"taxonomy":"product_brand","embeddable":true,"href":"https:\/\/store.handsomecake.com\/en\/wp-json\/wp\/v2\/product_brand?post=2451"},{"taxonomy":"product_cat","embeddable":true,"href":"https:\/\/store.handsomecake.com\/en\/wp-json\/wp\/v2\/product_cat?post=2451"},{"taxonomy":"product_tag","embeddable":true,"href":"https:\/\/store.handsomecake.com\/en\/wp-json\/wp\/v2\/product_tag?post=2451"}],"curies":[{"name":"wp","href":"https:\/\/api.w.org\/{rel}","templated":true}]}}