{"id":24416,"date":"2023-08-24T00:10:40","date_gmt":"2023-08-24T00:10:40","guid":{"rendered":"https:\/\/store.handsomecake.com\/product\/dragon-ball-android-18-14-resin-statue-von-diamond-studio\/"},"modified":"2024-10-28T12:26:12","modified_gmt":"2024-10-28T12:26:12","slug":"dragon-ball-android-18-14-resin-statue-von-diamond-studio","status":"publish","type":"product","link":"https:\/\/store.handsomecake.com\/en\/product\/dragon-ball-android-18-14-resin-statue-von-diamond-studio\/","title":{"rendered":"Dragon Ball &#8211; Android 18 | 1:4 Resin Statue | von Diamond Studio"},"content":{"rendered":"<p><strong>Dragon Ball &#8211; Android 18 | 1:4 Resin Statue | von Diamond Studio<\/strong><\/p>\n<p>I do ship EU-wide, please contact me, should questions arise.<\/p>\n<p>Tolle Statue der sp\u00e4teren Ehefrau von Krillin \ud83d\ude42<br \/>\nWunderbar verarbeitete und sehr detaillierte Android 18 Statue aus Polystone &#8211; k\u00fcnstlichem Stein-Harz-Gemisch.<\/p>\n<p><strong>Besonderheiten<\/strong>:<\/p>\n<ul>\n<li>Kleidung abnehmbar<\/li>\n<li>weltweit nur 128 St\u00fcck<\/li>\n<\/ul>\n<p><strong>Release-Status:<\/strong><\/p>\n<ul>\n<li>Preorder. Statue wird voraussichtlich Q1 2024 released, wir erwarten sie im Lager sch\u00e4tzungsweise Ende Mai 2024.<\/li>\n<\/ul>\n<p>Wie immer bei meinen Aktionen &#8211; s\u00e4mtliche Geb\u00fchren sind, im Gegensatz zu anderen Angeboten, bereits inkludiert. Versand erfolgt ausschlie\u00dflich aus Deutschland, es fallen keine Zoll- und Importgeb\u00fchren an. Ihr kauft keine Katze im Sack \ud83d\ude42<\/p>\n<p><strong>Ma\u00dfe der Statue:<\/strong><\/p>\n<ul>\n<li>Gr\u00f6\u00dfe: ca. H32cm x W28.5cm x 26.5cm<\/li>\n<li>Gewicht:TBA, ca. 10kg (gesch\u00e4tzt)<\/li>\n<\/ul>\n<p>You are not prepared! \ud83d\ude42<\/p>","protected":false},"excerpt":{"rendered":"<p>Dragon Ball &#8211; Android 18 | 1:4 Resin Statue | von Diamond Studio I do ship EU-wide, please contact me, should questions arise. Tolle Statue der sp\u00e4teren Ehefrau von Krillin \ud83d\ude42 Wunderbar verarbeitete und sehr detaillierte Android 18 Statue aus Polystone &#8211; k\u00fcnstlichem Stein-Harz-Gemisch. Besonderheiten: Kleidung abnehmbar weltweit nur 128 St\u00fcck Release-Status: Preorder. Statue wird [&hellip;]<\/p>\n","protected":false},"featured_media":24417,"comment_status":"closed","ping_status":"closed","template":"","meta":[],"product_brand":[],"product_cat":[24,87,568,84],"product_tag":[259,261,920,922,612,663,666,717,794,662,640,658,479,147,251,738,918,190,191,97,795,154,136,137,379,381,552,380],"class_list":{"0":"post-24416","1":"product","2":"type-product","3":"status-publish","4":"has-post-thumbnail","6":"product_cat-action-figuren","7":"product_cat-dragon-ball","8":"product_cat-preorder","9":"product_cat-statuen-anime-comic-universum","10":"product_tag-android-18","11":"product_tag-android-18-collectible","12":"product_tag-android-18-figur","13":"product_tag-android-18-toys","14":"product_tag-anime","15":"product_tag-anime-figur-shop","16":"product_tag-anime-figuren-shop","17":"product_tag-anime-shop","18":"product_tag-anime-statue","19":"product_tag-anime-statue-shop","20":"product_tag-anime-statuen","21":"product_tag-anime-toys","22":"product_tag-collectible","23":"product_tag-collectibles","24":"product_tag-collectibles-kaufen","25":"product_tag-dragon-ball","26":"product_tag-dragon-ball-android-18","27":"product_tag-dragon-ball-collectibles","28":"product_tag-dragon-ball-resin","29":"product_tag-dragon-ball-statue","30":"product_tag-handsomecake","31":"product_tag-resin-collectibles","32":"product_tag-resin-statuen","33":"product_tag-resin-statuen-kaufen","34":"product_tag-statue-collectible","35":"product_tag-statue-collectibles","36":"product_tag-statue-collector","37":"product_tag-statues-collectible","38":"pa_brand-diamond-studio","40":"first","41":"instock","42":"taxable","43":"shipping-taxable","44":"product-type-simple"},"_links":{"self":[{"href":"https:\/\/store.handsomecake.com\/en\/wp-json\/wp\/v2\/product\/24416","targetHints":{"allow":["GET"]}}],"collection":[{"href":"https:\/\/store.handsomecake.com\/en\/wp-json\/wp\/v2\/product"}],"about":[{"href":"https:\/\/store.handsomecake.com\/en\/wp-json\/wp\/v2\/types\/product"}],"replies":[{"embeddable":true,"href":"https:\/\/store.handsomecake.com\/en\/wp-json\/wp\/v2\/comments?post=24416"}],"wp:featuredmedia":[{"embeddable":true,"href":"https:\/\/store.handsomecake.com\/en\/wp-json\/wp\/v2\/media\/24417"}],"wp:attachment":[{"href":"https:\/\/store.handsomecake.com\/en\/wp-json\/wp\/v2\/media?parent=24416"}],"wp:term":[{"taxonomy":"product_brand","embeddable":true,"href":"https:\/\/store.handsomecake.com\/en\/wp-json\/wp\/v2\/product_brand?post=24416"},{"taxonomy":"product_cat","embeddable":true,"href":"https:\/\/store.handsomecake.com\/en\/wp-json\/wp\/v2\/product_cat?post=24416"},{"taxonomy":"product_tag","embeddable":true,"href":"https:\/\/store.handsomecake.com\/en\/wp-json\/wp\/v2\/product_tag?post=24416"}],"curies":[{"name":"wp","href":"https:\/\/api.w.org\/{rel}","templated":true}]}}