{"id":24367,"date":"2023-08-21T21:11:42","date_gmt":"2023-08-21T21:11:42","guid":{"rendered":"https:\/\/store.handsomecake.com\/product\/nier-automata-yorha-no-2-type-b-14-resin-statue-von-golden-age-studio\/"},"modified":"2024-06-12T16:03:26","modified_gmt":"2024-06-12T16:03:26","slug":"nier-automata-yorha-no-2-type-b-14-resin-statue-von-golden-age-studio","status":"publish","type":"product","link":"https:\/\/store.handsomecake.com\/en\/product\/nier-automata-yorha-no-2-type-b-14-resin-statue-von-golden-age-studio\/","title":{"rendered":"Nier Automata &#8211; YoRHa No.2 Type B | 1:4 Resin Statue | von Golden Age Studio"},"content":{"rendered":"<p><strong>Nier Automata &#8211; YoRHa No.2 Type B | 1:4 Resin Statue | von Golden Age Studio<\/strong><\/p>\n<p>EU Taxfree! I do ship EU-wide, please contact me, should questions arise.<\/p>\n<p>Tolle Statue unserer geliebten Androidk\u00e4mpferin<br \/>\nWunderbar verarbeitete und sehr detaillierte Statue von YoRHa No.2 Type B aus Polystone &#8211; k\u00fcnstlichem Stein-Harz-Gemisch.<\/p>\n<p><strong>Besonderheiten:<\/strong><\/p>\n<ul>\n<li>EX Version : Regular Version + austauschbare nackte K\u00f6rper )<\/li>\n<li>Regular und Nackte Version auch separat verf\u00fcgbar<\/li>\n<li>2 austauschbare K\u00f6pfe f\u00fcr alle Versionen verf\u00fcgbar<\/li>\n<\/ul>\n<p><strong>Release-Status:<\/strong><\/p>\n<ul>\n<li>Preorder. Voraussichtliches Release-Datum: Q2 2024. Wir erwarten die Statue bei uns im Lager Ende August 2024.<\/li>\n<\/ul>\n<p>Wie immer bei meinen Aktionen &#8211; s\u00e4mtliche Geb\u00fchren sind, im Gegensatz zu anderen Angeboten, bereits inkludiert. Versand erfolgt ausschlie\u00dflich aus Deutschland, es fallen keine Zoll- und Importgeb\u00fchren an. Ihr kauft keine Katze im Sack \ud83d\ude42<\/p>\n<p><strong>Ma\u00dfe der Statue:<\/strong><\/p>\n<ul>\n<li>Gr\u00f6\u00dfe: H45cm x W31cm x L22cm<\/li>\n<li>Gewicht: TBA, gesch\u00e4tzt ca. 17 kg<\/li>\n<\/ul>\n<p>You are not prepared! \ud83d\ude42<\/p>","protected":false},"excerpt":{"rendered":"<p>Nier Automata &#8211; YoRHa No.2 Type B | 1:4 Resin Statue | von Golden Age Studio EU Taxfree! I do ship EU-wide, please contact me, should questions arise. Tolle Statue unserer geliebten Androidk\u00e4mpferin Wunderbar verarbeitete und sehr detaillierte Statue von YoRHa No.2 Type B aus Polystone &#8211; k\u00fcnstlichem Stein-Harz-Gemisch. Besonderheiten: EX Version : Regular Version [&hellip;]<\/p>\n","protected":false},"featured_media":24391,"comment_status":"closed","ping_status":"closed","template":"","meta":[],"product_brand":[],"product_cat":[24,641,568,84],"product_tag":[666,717,640,658,479,147,251,795,763,252,253,764,254,765,154,255,136,137,379,381,552,380,382,547,718,768,770,771,767,769,766],"class_list":{"0":"post-24367","1":"product","2":"type-product","3":"status-publish","4":"has-post-thumbnail","6":"product_cat-action-figuren","7":"product_cat-nier-automata","8":"product_cat-preorder","9":"product_cat-statuen-anime-comic-universum","10":"product_tag-anime-figuren-shop","11":"product_tag-anime-shop","12":"product_tag-anime-statuen","13":"product_tag-anime-toys","14":"product_tag-collectible","15":"product_tag-collectibles","16":"product_tag-collectibles-kaufen","17":"product_tag-handsomecake","18":"product_tag-nier","19":"product_tag-nier-automata","20":"product_tag-nier-automata-collectibles","21":"product_tag-nier-automata-collectibles-kaufen","22":"product_tag-nier-automata-statuen","23":"product_tag-nier-automata-statuen-kaufen","24":"product_tag-resin-collectibles","25":"product_tag-resin-collectibles-kaufen","26":"product_tag-resin-statuen","27":"product_tag-resin-statuen-kaufen","28":"product_tag-statue-collectible","29":"product_tag-statue-collectibles","30":"product_tag-statue-collector","31":"product_tag-statues-collectible","32":"product_tag-statues-collectibles","33":"product_tag-statues-collector","34":"product_tag-toys","35":"product_tag-yorha-collectible","36":"product_tag-yorha-figure","37":"product_tag-yorha-figurine","38":"product_tag-yorha-statue","39":"product_tag-yorha-toy","40":"product_tag-yorha-type-b","41":"pa_brand-golden-age-studio","43":"first","44":"instock","45":"taxable","46":"shipping-taxable","47":"product-type-variable"},"_links":{"self":[{"href":"https:\/\/store.handsomecake.com\/en\/wp-json\/wp\/v2\/product\/24367","targetHints":{"allow":["GET"]}}],"collection":[{"href":"https:\/\/store.handsomecake.com\/en\/wp-json\/wp\/v2\/product"}],"about":[{"href":"https:\/\/store.handsomecake.com\/en\/wp-json\/wp\/v2\/types\/product"}],"replies":[{"embeddable":true,"href":"https:\/\/store.handsomecake.com\/en\/wp-json\/wp\/v2\/comments?post=24367"}],"wp:featuredmedia":[{"embeddable":true,"href":"https:\/\/store.handsomecake.com\/en\/wp-json\/wp\/v2\/media\/24391"}],"wp:attachment":[{"href":"https:\/\/store.handsomecake.com\/en\/wp-json\/wp\/v2\/media?parent=24367"}],"wp:term":[{"taxonomy":"product_brand","embeddable":true,"href":"https:\/\/store.handsomecake.com\/en\/wp-json\/wp\/v2\/product_brand?post=24367"},{"taxonomy":"product_cat","embeddable":true,"href":"https:\/\/store.handsomecake.com\/en\/wp-json\/wp\/v2\/product_cat?post=24367"},{"taxonomy":"product_tag","embeddable":true,"href":"https:\/\/store.handsomecake.com\/en\/wp-json\/wp\/v2\/product_tag?post=24367"}],"curies":[{"name":"wp","href":"https:\/\/api.w.org\/{rel}","templated":true}]}}