{"id":24281,"date":"2023-08-16T15:56:45","date_gmt":"2023-08-16T15:56:45","guid":{"rendered":"https:\/\/store.handsomecake.com\/product\/bleach-yoruichi-shihouin-16-resin-statue-von-blood-night-studio\/"},"modified":"2025-12-03T10:25:13","modified_gmt":"2025-12-03T10:25:13","slug":"bleach-yoruichi-shihouin-16-resin-statue-von-blood-night-studio","status":"publish","type":"product","link":"https:\/\/store.handsomecake.com\/en\/product\/bleach-yoruichi-shihouin-16-resin-statue-von-blood-night-studio\/","title":{"rendered":"Bleach &#8211; Yoruichi Shihouin | 1:6 Resin Statue | von Blood Night Studio"},"content":{"rendered":"<p><strong>Bleach &#8211; Yoruichi Shihouin | 1:6 Resin Statue | von Blood Night Studio<\/strong><\/p>\n<p>EU Taxfree! I do ship EU-wide, please contact me, should questions arise.<\/p>\n<p><span style=\"color: #ffffff;\"><em><span style=\"background-color: #2c3e50;\">&#8222;In three days, I will make this boy stronger than you.&#8220;<\/span><\/em><\/span><\/p>\n<p>Tolle Statue der ehemaligen Kommandantin der 2.Kompanie der Gotei 13<br \/>\nWunderbar verarbeitete und sehr detaillierte Statue von Yoruichi Shihouin aus Polystone &#8211; k\u00fcnstlichem Stein-Harz-Gemisch.<\/p>\n<p><strong>Besonderheiten:<\/strong><\/p>\n<ul>\n<li>weltweit 188 St\u00fcck<\/li>\n<\/ul>\n<p><strong>Release-Status:<\/strong><\/p>\n<ul>\n<li>Preorder. Statue wird voraussichtlich Q1 2024 erscheinen und wir erwarten sie voraussichtlich Ende Mai 2024 im Warenlager.<\/li>\n<\/ul>\n<p>Wie immer bei meinen Artikeln &#8211; s\u00e4mtliche Geb\u00fchren sind, im Gegensatz zu anderen Angeboten, bereits inkludiert. Versand erfolgt ausschlie\u00dflich aus Deutschland, es fallen keine Zoll- und Importgeb\u00fchren an. Ihr kauft keine Katze im Sack \ud83d\ude42<\/p>\n<p><strong>Ma\u00dfe der Statue:<\/strong><\/p>\n<ul>\n<li>Gr\u00f6\u00dfe ca. H40cm x W31cm x D26cm<\/li>\n<li>Gewicht: ca. 8kg (gesch\u00e4tzt)<\/li>\n<\/ul>\n<p>You are not prepared! \ud83d\ude42<\/p>","protected":false},"excerpt":{"rendered":"<p>Bleach &#8211; Yoruichi Shihouin | 1:6 Resin Statue | von Blood Night Studio EU Taxfree! I do ship EU-wide, please contact me, should questions arise. &#8222;In three days, I will make this boy stronger than you.&#8220; Tolle Statue der ehemaligen Kommandantin der 2.Kompanie der Gotei 13 Wunderbar verarbeitete und sehr detaillierte Statue von Yoruichi Shihouin [&hellip;]<\/p>\n","protected":false},"featured_media":24282,"comment_status":"closed","ping_status":"closed","template":"","meta":[],"product_brand":[],"product_cat":[24,568,84],"product_tag":[612,659,666,658,991,992,995,993,994,996,147,251,383,553,795,997,998,999,1000,1001,154,136,554,379,381,552,547,2212,2213],"class_list":{"0":"post-24281","1":"product","2":"type-product","3":"status-publish","4":"has-post-thumbnail","6":"product_cat-action-figuren","7":"product_cat-preorder","8":"product_cat-statuen-anime-comic-universum","9":"product_tag-anime","10":"product_tag-anime-figuren","11":"product_tag-anime-figuren-shop","12":"product_tag-anime-toys","13":"product_tag-bleach-statue","14":"product_tag-bleach-collectibles","15":"product_tag-bleach","16":"product_tag-bleach-resin","17":"product_tag-bleach-statues","18":"product_tag-bleach-toys","19":"product_tag-collectibles","20":"product_tag-collectibles-kaufen","21":"product_tag-collector","22":"product_tag-figure-collector","23":"product_tag-handsomecake","24":"product_tag-ichigo-kurosaki","25":"product_tag-ichigo-kurosaki-collectibles","26":"product_tag-ichigo-kurosaki-resin","27":"product_tag-ichigo-kurosaki-statues","28":"product_tag-ichigo-kurosaki-toys","29":"product_tag-resin-collectibles","30":"product_tag-resin-statuen","31":"product_tag-resin-statues","32":"product_tag-statue-collectible","33":"product_tag-statue-collectibles","34":"product_tag-statue-collector","35":"product_tag-statues-collector","36":"product_tag-yoruichi","37":"product_tag-yoruichi-statue","38":"pa_brand-blood-night-studio","39":"pa_scale-1_to_6","41":"first","42":"instock","43":"taxable","44":"shipping-taxable","45":"product-type-simple"},"_links":{"self":[{"href":"https:\/\/store.handsomecake.com\/en\/wp-json\/wp\/v2\/product\/24281","targetHints":{"allow":["GET"]}}],"collection":[{"href":"https:\/\/store.handsomecake.com\/en\/wp-json\/wp\/v2\/product"}],"about":[{"href":"https:\/\/store.handsomecake.com\/en\/wp-json\/wp\/v2\/types\/product"}],"replies":[{"embeddable":true,"href":"https:\/\/store.handsomecake.com\/en\/wp-json\/wp\/v2\/comments?post=24281"}],"wp:featuredmedia":[{"embeddable":true,"href":"https:\/\/store.handsomecake.com\/en\/wp-json\/wp\/v2\/media\/24282"}],"wp:attachment":[{"href":"https:\/\/store.handsomecake.com\/en\/wp-json\/wp\/v2\/media?parent=24281"}],"wp:term":[{"taxonomy":"product_brand","embeddable":true,"href":"https:\/\/store.handsomecake.com\/en\/wp-json\/wp\/v2\/product_brand?post=24281"},{"taxonomy":"product_cat","embeddable":true,"href":"https:\/\/store.handsomecake.com\/en\/wp-json\/wp\/v2\/product_cat?post=24281"},{"taxonomy":"product_tag","embeddable":true,"href":"https:\/\/store.handsomecake.com\/en\/wp-json\/wp\/v2\/product_tag?post=24281"}],"curies":[{"name":"wp","href":"https:\/\/api.w.org\/{rel}","templated":true}]}}