{"id":24275,"date":"2023-08-16T15:52:39","date_gmt":"2023-08-16T15:52:39","guid":{"rendered":"https:\/\/store.handsomecake.com\/product\/diablo-iv-inarius-16-resin-statue-offizielle-blizzard-version\/"},"modified":"2024-06-12T16:02:59","modified_gmt":"2024-06-12T16:02:59","slug":"diablo-iv-inarius-16-resin-statue-offizielle-blizzard-version","status":"publish","type":"product","link":"https:\/\/store.handsomecake.com\/en\/product\/diablo-iv-inarius-16-resin-statue-offizielle-blizzard-version\/","title":{"rendered":"Diablo IV &#8211; Inarius | 1:6 Resin Statue | von Blizzard"},"content":{"rendered":"<p><strong>Diablo IV &#8211; Inarius | 1:6 Resin Statue | von Blizzard<\/strong><\/p>\n<p>EU Taxfree! I do ship EU-wide, please contact me, should questions arise.<\/p>\n<p><span style=\"color: #ffffff;\"><em><span style=\"background-color: #2c3e50;\">&#8222;A master of the javelin and bow, the Amazon reacts to combat situations with superhuman agility. She relies on magic prowess to enhance her significant martial abilities.&#8220;<\/span><\/em><\/span><\/p>\n<p>Wunderbar verarbeitete und sehr detaillierte Statue einer m\u00e4chtigen Kriegerin der Askar aus Polystone &#8211; k\u00fcnstlichem Stein-Harz-Gemisch.<\/p>\n<p><strong>Besonderheiten:<\/strong><\/p>\n<ul>\n<li>keine<\/li>\n<\/ul>\n<p><strong>Release-Status:<\/strong><\/p>\n<div>\n<ul>\n<li>Lagernd vor Ort. Lieferung kann bis zu 14 Arbeitstage dauern.<\/li>\n<\/ul>\n<\/div>\n<p>Wie immer bei meinen Artikeln &#8211; s\u00e4mtliche Geb\u00fchren sind, im Gegensatz zu anderen Angeboten, bereits inkludiert. Versand erfolgt ausschlie\u00dflich aus Deutschland, es fallen keine Zoll- und Importgeb\u00fchren an. Ihr kauft keine Katze im Sack \ud83d\ude42<\/p>\n<p><strong>Ma\u00dfe der Statue:<\/strong><\/p>\n<ul>\n<li>Gr\u00f6\u00dfe: H64cm x 46cm x 18cm<\/li>\n<li>Gewicht: TBA, gesch\u00e4tzt: ca. 15 kg<\/li>\n<\/ul>\n<p>You are not prepared! \ud83d\ude42<\/p>","protected":false},"excerpt":{"rendered":"<p>Diablo IV &#8211; Inarius | 1:6 Resin Statue | von Blizzard EU Taxfree! I do ship EU-wide, please contact me, should questions arise. &#8222;A master of the javelin and bow, the Amazon reacts to combat situations with superhuman agility. She relies on magic prowess to enhance her significant martial abilities.&#8220; Wunderbar verarbeitete und sehr detaillierte [&hellip;]<\/p>\n","protected":false},"featured_media":24288,"comment_status":"closed","ping_status":"closed","template":"","meta":[],"product_brand":[],"product_cat":[24,315,568,81],"product_tag":[147,251,317,2774,2775,318,320,322,324,2776,319,321,323,2772,2773,154,136,137],"class_list":{"0":"post-24275","1":"product","2":"type-product","3":"status-publish","4":"has-post-thumbnail","6":"product_cat-action-figuren","7":"product_cat-diablo","8":"product_cat-preorder","9":"product_cat-statuen-computerspieluniversum","10":"product_tag-collectibles","11":"product_tag-collectibles-kaufen","12":"product_tag-diablo","13":"product_tag-diablo-4","14":"product_tag-diablo-4-inarius","15":"product_tag-diablo-collectibles","16":"product_tag-diablo-collectibles-kaufen","17":"product_tag-diablo-imperius","18":"product_tag-diablo-imperius-statue","19":"product_tag-diablo-inarius","20":"product_tag-diablo-statuen","21":"product_tag-diablo-statuen-kaufen","22":"product_tag-imperius-collectible","23":"product_tag-inarius","24":"product_tag-inarius-diablo","25":"product_tag-resin-collectibles","26":"product_tag-resin-statuen","27":"product_tag-resin-statuen-kaufen","28":"pa_brand-blizzard","29":"pa_scale-1_to_6","31":"first","32":"instock","33":"taxable","34":"shipping-taxable","35":"product-type-simple"},"_links":{"self":[{"href":"https:\/\/store.handsomecake.com\/en\/wp-json\/wp\/v2\/product\/24275","targetHints":{"allow":["GET"]}}],"collection":[{"href":"https:\/\/store.handsomecake.com\/en\/wp-json\/wp\/v2\/product"}],"about":[{"href":"https:\/\/store.handsomecake.com\/en\/wp-json\/wp\/v2\/types\/product"}],"replies":[{"embeddable":true,"href":"https:\/\/store.handsomecake.com\/en\/wp-json\/wp\/v2\/comments?post=24275"}],"wp:featuredmedia":[{"embeddable":true,"href":"https:\/\/store.handsomecake.com\/en\/wp-json\/wp\/v2\/media\/24288"}],"wp:attachment":[{"href":"https:\/\/store.handsomecake.com\/en\/wp-json\/wp\/v2\/media?parent=24275"}],"wp:term":[{"taxonomy":"product_brand","embeddable":true,"href":"https:\/\/store.handsomecake.com\/en\/wp-json\/wp\/v2\/product_brand?post=24275"},{"taxonomy":"product_cat","embeddable":true,"href":"https:\/\/store.handsomecake.com\/en\/wp-json\/wp\/v2\/product_cat?post=24275"},{"taxonomy":"product_tag","embeddable":true,"href":"https:\/\/store.handsomecake.com\/en\/wp-json\/wp\/v2\/product_tag?post=24275"}],"curies":[{"name":"wp","href":"https:\/\/api.w.org\/{rel}","templated":true}]}}