{"id":24151,"date":"2023-08-12T12:51:44","date_gmt":"2023-08-12T12:51:44","guid":{"rendered":"https:\/\/store.handsomecake.com\/product\/jujutsu-kaisen-fushiguro-toji-16-resin-statue-von-weare-a-design-studio\/"},"modified":"2024-11-19T12:21:29","modified_gmt":"2024-11-19T12:21:29","slug":"jujutsu-kaisen-fushiguro-toji-16-resin-statue-von-weare-a-design-studio","status":"publish","type":"product","link":"https:\/\/store.handsomecake.com\/en\/product\/jujutsu-kaisen-fushiguro-toji-16-resin-statue-von-weare-a-design-studio\/","title":{"rendered":"Jujutsu Kaisen &#8211; Fushiguro Toji | 1:6 Resin Statue | von Weare A Design Studio"},"content":{"rendered":"<p><strong>Jujutsu Kaisen &#8211; Fushiguro Toji | 1:6 Resin Statue | von Weare A Design Studio<\/strong><\/p>\n<p>I do ship EU-wide, please contact me, should questions arise.<\/p>\n<p><span style=\"color: #ffffff;\"><em><span style=\"background-color: #2c3e50;\">&#8222;But you guys, with all your blessed talents, lost to a monkey like me who can&#8217;t even use Jujutsu.&#8220;<\/span><\/em><\/span><\/p>\n<p>Tolle Statue von Sorcerer Killer<br \/>\nWunderbar verarbeitete und sehr detaillierte Fushiguro Toji Statue aus Polystone &#8211; k\u00fcnstlichem Stein-Harz-Gemisch.<\/p>\n<p><strong>Besonderheiten:<\/strong><\/p>\n<ul>\n<li>weltweit 188 St\u00fcck<\/li>\n<\/ul>\n<p><strong>Release-Status:<\/strong><\/p>\n<ul>\n<li>Preorder. Statue wird voraussichtlich in Q1 2024 released und wir erwarten sie sch\u00e4tzungsweise Ende Mai 2024 bei uns im Warenlager.<\/li>\n<\/ul>\n<p>Wie immer bei meinen Aktionen &#8211; s\u00e4mtliche Geb\u00fchren sind, im Gegensatz zu anderen Angeboten, bereits inkludiert. Versand erfolgt ausschlie\u00dflich aus Deutschland, es fallen keine Zoll- und Importgeb\u00fchren an. Ihr kauft keine Katze im Sack \ud83d\ude42<\/p>\n<p><strong>Ma\u00dfe der Statue:<\/strong><\/p>\n<ul>\n<li>Gr\u00f6\u00dfe: ca. H38cm x W35cm x D25cm<\/li>\n<li>Gewicht: TBA, ca. 10kg (gesch\u00e4tzt)<\/li>\n<\/ul>\n<p>You are not prepared! \ud83d\ude42<\/p>","protected":false},"excerpt":{"rendered":"<p>Jujutsu Kaisen &#8211; Fushiguro Toji | 1:6 Resin Statue | von Weare A Design Studio I do ship EU-wide, please contact me, should questions arise. &#8222;But you guys, with all your blessed talents, lost to a monkey like me who can&#8217;t even use Jujutsu.&#8220; Tolle Statue von Sorcerer Killer Wunderbar verarbeitete und sehr detaillierte Fushiguro [&hellip;]<\/p>\n","protected":false},"featured_media":24152,"comment_status":"closed","ping_status":"closed","template":"","meta":[],"product_brand":[],"product_cat":[24,568,84],"product_tag":[612,659,666,658,147,251,383,553,2762,2760,1371,2759,2761,795,1369,1372,1374,154,136,554,379,381,552,547,2763,2764,2765],"class_list":{"0":"post-24151","1":"product","2":"type-product","3":"status-publish","4":"has-post-thumbnail","6":"product_cat-action-figuren","7":"product_cat-preorder","8":"product_cat-statuen-anime-comic-universum","9":"product_tag-anime","10":"product_tag-anime-figuren","11":"product_tag-anime-figuren-shop","12":"product_tag-anime-toys","13":"product_tag-collectibles","14":"product_tag-collectibles-kaufen","15":"product_tag-collector","16":"product_tag-figure-collector","17":"product_tag-fushiguro","18":"product_tag-fushiguro-collectibles","19":"product_tag-fushiguro-resin","20":"product_tag-fushiguro-toji","21":"product_tag-fushiguro-toys","22":"product_tag-handsomecake","23":"product_tag-jujutsu-kaisen","24":"product_tag-jujutsu-kaisen-statue","25":"product_tag-jujutsu-kaisen-toys","26":"product_tag-resin-collectibles","27":"product_tag-resin-statuen","28":"product_tag-resin-statues","29":"product_tag-statue-collectible","30":"product_tag-statue-collectibles","31":"product_tag-statue-collector","32":"product_tag-statues-collector","33":"product_tag-toji-collectibles","34":"product_tag-toji-resin","35":"product_tag-toji-statues","36":"pa_brand-weare-a-design-studio","37":"pa_scale-1_to_6","39":"first","40":"instock","41":"taxable","42":"shipping-taxable","43":"product-type-simple"},"_links":{"self":[{"href":"https:\/\/store.handsomecake.com\/en\/wp-json\/wp\/v2\/product\/24151","targetHints":{"allow":["GET"]}}],"collection":[{"href":"https:\/\/store.handsomecake.com\/en\/wp-json\/wp\/v2\/product"}],"about":[{"href":"https:\/\/store.handsomecake.com\/en\/wp-json\/wp\/v2\/types\/product"}],"replies":[{"embeddable":true,"href":"https:\/\/store.handsomecake.com\/en\/wp-json\/wp\/v2\/comments?post=24151"}],"wp:featuredmedia":[{"embeddable":true,"href":"https:\/\/store.handsomecake.com\/en\/wp-json\/wp\/v2\/media\/24152"}],"wp:attachment":[{"href":"https:\/\/store.handsomecake.com\/en\/wp-json\/wp\/v2\/media?parent=24151"}],"wp:term":[{"taxonomy":"product_brand","embeddable":true,"href":"https:\/\/store.handsomecake.com\/en\/wp-json\/wp\/v2\/product_brand?post=24151"},{"taxonomy":"product_cat","embeddable":true,"href":"https:\/\/store.handsomecake.com\/en\/wp-json\/wp\/v2\/product_cat?post=24151"},{"taxonomy":"product_tag","embeddable":true,"href":"https:\/\/store.handsomecake.com\/en\/wp-json\/wp\/v2\/product_tag?post=24151"}],"curies":[{"name":"wp","href":"https:\/\/api.w.org\/{rel}","templated":true}]}}