{"id":24147,"date":"2023-08-12T12:50:34","date_gmt":"2023-08-12T12:50:34","guid":{"rendered":"https:\/\/store.handsomecake.com\/product\/attack-on-titan-eren-jaeger-15-resin-statue-von-zaohua-studio\/"},"modified":"2025-03-31T10:53:20","modified_gmt":"2025-03-31T10:53:20","slug":"attack-on-titan-eren-jaeger-15-resin-statue-von-zaohua-studio","status":"publish","type":"product","link":"https:\/\/store.handsomecake.com\/en\/product\/attack-on-titan-eren-jaeger-15-resin-statue-von-zaohua-studio\/","title":{"rendered":"Attack on Titan &#8211; Eren Jaeger | 1:5 Resin Statue | von ZaoHua Studio"},"content":{"rendered":"<p><strong>Attack on Titan &#8211; Eren Jaeger | 1:5 Resin Statue | von ZaoHua Studio<\/strong><\/p>\n<p>I do ship EU-wide, please contact me, should questions arise.<\/p>\n<p><span style=\"color: #ffffff;\"><em><span style=\"background-color: #2c3e50;\">&#8222;If people knew it would come to this, nobody would go to war. But most people are pushed by something, forced to march into hell. That &#8217;something&#8216; wasn&#8217;t their choice. Their situation or others made them do it. &#8222;<\/span><\/em><\/span><\/p>\n<p>Tolle Statue von unserem geliebten Titanenwandler<br \/>\nWunderbar verarbeitete und sehr detaillierte Eren Jaeger Statue aus Polystone &#8211; k\u00fcnstlichem Stein-Harz-Gemisch.<\/p>\n<p><strong>Besonderheiten<\/strong>:<\/p>\n<ul>\n<li>mit Farbe (weltweit auf 88 St\u00fcck begrenzt)<\/li>\n<li>Grau (weltweit auf 168 St\u00fcck begrenzt)<\/li>\n<\/ul>\n<p><strong>Release-Status:<\/strong><\/p>\n<ul>\n<li>Preorder. Statue wird sch\u00e4tzungsweise Ende Q3 2024 fertiggestellt und wir erwarten sie bei uns im Lager gegen Ende Mai 2024.<\/li>\n<\/ul>\n<p>Wie immer bei meinen Aktionen &#8211; s\u00e4mtliche Geb\u00fchren sind, im Gegensatz zu anderen Angeboten, bereits inkludiert. Vaersand erfolgt ausschlie\u00dflich aus Deutschland, es fallen keine Zoll- und Importgeb\u00fchren an. Ihr kauft keine Katze im Sack \ud83d\ude42<\/p>\n<p><strong>Ma\u00dfe der Statue:<\/strong><\/p>\n<ul>\n<li>Gr\u00f6\u00dfe: ca. H65cm x W45cm x D45cm<\/li>\n<li>Gewicht: TBA, gesch\u00e4tzt: ca. 14kg<\/li>\n<\/ul>\n<p>You are not prepared! \ud83d\ude42<\/p>","protected":false},"excerpt":{"rendered":"<p>Attack on Titan &#8211; Eren Jaeger | 1:5 Resin Statue | von ZaoHua Studio I do ship EU-wide, please contact me, should questions arise. &#8222;If people knew it would come to this, nobody would go to war. But most people are pushed by something, forced to march into hell. That &#8217;something&#8216; wasn&#8217;t their choice. Their [&hellip;]<\/p>\n","protected":false},"featured_media":24192,"comment_status":"closed","ping_status":"closed","template":"","meta":[],"product_brand":[],"product_cat":[24,568,84],"product_tag":[612,656,659,666,708,1185,1186,1188,1008,709,1184,710,850,795,379,381,665,380,382,547],"class_list":{"0":"post-24147","1":"product","2":"type-product","3":"status-publish","4":"has-post-thumbnail","6":"product_cat-action-figuren","7":"product_cat-preorder","8":"product_cat-statuen-anime-comic-universum","9":"product_tag-anime","10":"product_tag-anime-collectibles","11":"product_tag-anime-figuren","12":"product_tag-anime-figuren-shop","13":"product_tag-anime-statuen-shop","14":"product_tag-aot-eren","15":"product_tag-aot-eren-jaeger","16":"product_tag-aot-figurine","17":"product_tag-aot-toys","18":"product_tag-attack-on-titan","19":"product_tag-attack-on-titan-eren","20":"product_tag-attack-on-titan-figure","21":"product_tag-eren-jaeger","22":"product_tag-handsomecake","23":"product_tag-statue-collectible","24":"product_tag-statue-collectibles","25":"product_tag-statuen-shop","26":"product_tag-statues-collectible","27":"product_tag-statues-collectibles","28":"product_tag-statues-collector","29":"pa_brand-zaohua-studio","30":"pa_scale-1_to_5","32":"first","33":"instock","34":"taxable","35":"shipping-taxable","36":"product-type-variable"},"_links":{"self":[{"href":"https:\/\/store.handsomecake.com\/en\/wp-json\/wp\/v2\/product\/24147","targetHints":{"allow":["GET"]}}],"collection":[{"href":"https:\/\/store.handsomecake.com\/en\/wp-json\/wp\/v2\/product"}],"about":[{"href":"https:\/\/store.handsomecake.com\/en\/wp-json\/wp\/v2\/types\/product"}],"replies":[{"embeddable":true,"href":"https:\/\/store.handsomecake.com\/en\/wp-json\/wp\/v2\/comments?post=24147"}],"wp:featuredmedia":[{"embeddable":true,"href":"https:\/\/store.handsomecake.com\/en\/wp-json\/wp\/v2\/media\/24192"}],"wp:attachment":[{"href":"https:\/\/store.handsomecake.com\/en\/wp-json\/wp\/v2\/media?parent=24147"}],"wp:term":[{"taxonomy":"product_brand","embeddable":true,"href":"https:\/\/store.handsomecake.com\/en\/wp-json\/wp\/v2\/product_brand?post=24147"},{"taxonomy":"product_cat","embeddable":true,"href":"https:\/\/store.handsomecake.com\/en\/wp-json\/wp\/v2\/product_cat?post=24147"},{"taxonomy":"product_tag","embeddable":true,"href":"https:\/\/store.handsomecake.com\/en\/wp-json\/wp\/v2\/product_tag?post=24147"}],"curies":[{"name":"wp","href":"https:\/\/api.w.org\/{rel}","templated":true}]}}