{"id":24128,"date":"2023-08-12T12:17:35","date_gmt":"2023-08-12T12:17:35","guid":{"rendered":"https:\/\/store.handsomecake.com\/product\/one-piece-yamato-14-resin-statue-von-dragon-studio-2\/"},"modified":"2025-07-02T15:51:37","modified_gmt":"2025-07-02T15:51:37","slug":"one-piece-yamato-14-resin-statue-von-dragon-studio-2","status":"publish","type":"product","link":"https:\/\/store.handsomecake.com\/en\/product\/one-piece-yamato-14-resin-statue-von-dragon-studio-2\/","title":{"rendered":"One Piece &#8211; Yamato | 1:4 Resin Statue | von ZuoBan Studio Studio"},"content":{"rendered":"<p><strong>One Piece &#8211; Yamato | 1:4 Resin Statue | ZuoBan <\/strong><strong>Studio<\/strong><\/p>\n<p>I do ship EU-wide, please contact me, should questions arise.<\/p>\n<p>Tolle Statue des Sohnes von Kaidou<br \/>\nWunderbar verarbeitete und sehr detaillierte Yamato aus Polystone &#8211; k\u00fcnstlichem Stein-Harz-Gemisch.<\/p>\n<p><strong>Besonderheiten<\/strong>:<\/p>\n<ul>\n<li>1:4 Version (weltweit 128 St\u00fcck)<\/li>\n<li>1:6 Version (weltweit 348 St\u00fcck)<\/li>\n<li>austauschbarer Arm<\/li>\n<li>austauschbarer Kopf<\/li>\n<\/ul>\n<p><strong>Release-Status:<\/strong><\/p>\n<ul>\n<li>Preorder. Statue wird sch\u00e4tzungsweise Q2 2024 fertiggestellt und wir erwarten sie bei uns im Lager gegen Ende August 2024.<\/li>\n<\/ul>\n<p>Wie immer bei meinen Aktionen &#8211; s\u00e4mtliche Geb\u00fchren sind, im Gegensatz zu anderen Angeboten, bereits inkludiert. Versand erfolgt ausschlie\u00dflich aus Deutschland, es fallen keine Zoll- und Importgeb\u00fchren an. Ihr kauft keine Katze im Sack \ud83d\ude42<\/p>\n<p><strong>Ma\u00dfe der Statue:<\/strong><\/p>\n<ul>\n<li>Gr\u00f6\u00dfe(1:4): ca. H78cm x W65cm x D65cm<\/li>\n<li>Gr\u00f6\u00dfe(1:6): ca. H55cm x W43cm x D43cm<\/li>\n<li>Gewicht: TBA, gesch\u00e4tzt: ca. 17kg<\/li>\n<\/ul>\n<p>You are not prepared! \ud83d\ude42<\/p>","protected":false},"excerpt":{"rendered":"<p>One Piece &#8211; Yamato | 1:4 Resin Statue | ZuoBan Studio I do ship EU-wide, please contact me, should questions arise. Tolle Statue des Sohnes von Kaidou Wunderbar verarbeitete und sehr detaillierte Yamato aus Polystone &#8211; k\u00fcnstlichem Stein-Harz-Gemisch. Besonderheiten: 1:4 Version (weltweit 128 St\u00fcck) 1:6 Version (weltweit 348 St\u00fcck) austauschbarer Arm austauschbarer Kopf Release-Status: Preorder. [&hellip;]<\/p>\n","protected":false},"featured_media":24162,"comment_status":"closed","ping_status":"closed","template":"","meta":[],"product_brand":[],"product_cat":[24,89,568,15,84],"product_tag":[612,664,666,717,794,662,640,658,479,147,251,795,164,502,165,154,255,136,137,379,381,552,380,2046,2047,2048,2049],"class_list":{"0":"post-24128","1":"product","2":"type-product","3":"status-publish","4":"has-post-thumbnail","6":"product_cat-action-figuren","7":"product_cat-one-piece","8":"product_cat-preorder","9":"product_cat-sonstiges","10":"product_cat-statuen-anime-comic-universum","11":"product_tag-anime","12":"product_tag-anime-figuren-one-piece","13":"product_tag-anime-figuren-shop","14":"product_tag-anime-shop","15":"product_tag-anime-statue","16":"product_tag-anime-statue-shop","17":"product_tag-anime-statuen","18":"product_tag-anime-toys","19":"product_tag-collectible","20":"product_tag-collectibles","21":"product_tag-collectibles-kaufen","22":"product_tag-handsomecake","23":"product_tag-one-piece-collectibles","24":"product_tag-one-piece-resin","25":"product_tag-one-piece-statue","26":"product_tag-resin-collectibles","27":"product_tag-resin-collectibles-kaufen","28":"product_tag-resin-statuen","29":"product_tag-resin-statuen-kaufen","30":"product_tag-statue-collectible","31":"product_tag-statue-collectibles","32":"product_tag-statue-collector","33":"product_tag-statues-collectible","34":"product_tag-yamato","35":"product_tag-yamato-collectible","36":"product_tag-yamato-one-piece","37":"product_tag-yamato-statue","38":"pa_brand-zuoban-studio","40":"first","41":"instock","42":"taxable","43":"shipping-taxable","44":"product-type-variable"},"_links":{"self":[{"href":"https:\/\/store.handsomecake.com\/en\/wp-json\/wp\/v2\/product\/24128","targetHints":{"allow":["GET"]}}],"collection":[{"href":"https:\/\/store.handsomecake.com\/en\/wp-json\/wp\/v2\/product"}],"about":[{"href":"https:\/\/store.handsomecake.com\/en\/wp-json\/wp\/v2\/types\/product"}],"replies":[{"embeddable":true,"href":"https:\/\/store.handsomecake.com\/en\/wp-json\/wp\/v2\/comments?post=24128"}],"wp:featuredmedia":[{"embeddable":true,"href":"https:\/\/store.handsomecake.com\/en\/wp-json\/wp\/v2\/media\/24162"}],"wp:attachment":[{"href":"https:\/\/store.handsomecake.com\/en\/wp-json\/wp\/v2\/media?parent=24128"}],"wp:term":[{"taxonomy":"product_brand","embeddable":true,"href":"https:\/\/store.handsomecake.com\/en\/wp-json\/wp\/v2\/product_brand?post=24128"},{"taxonomy":"product_cat","embeddable":true,"href":"https:\/\/store.handsomecake.com\/en\/wp-json\/wp\/v2\/product_cat?post=24128"},{"taxonomy":"product_tag","embeddable":true,"href":"https:\/\/store.handsomecake.com\/en\/wp-json\/wp\/v2\/product_tag?post=24128"}],"curies":[{"name":"wp","href":"https:\/\/api.w.org\/{rel}","templated":true}]}}