{"id":24051,"date":"2023-08-07T02:45:12","date_gmt":"2023-08-07T02:45:12","guid":{"rendered":"https:\/\/store.handsomecake.com\/product\/dragon-ball-trunks-ssj3-14-resin-statue-von-kylin-studio\/"},"modified":"2024-06-12T16:02:14","modified_gmt":"2024-06-12T16:02:14","slug":"dragon-ball-trunks-ssj3-14-resin-statue-von-kylin-studio","status":"publish","type":"product","link":"https:\/\/store.handsomecake.com\/en\/product\/dragon-ball-trunks-ssj3-14-resin-statue-von-kylin-studio\/","title":{"rendered":"Dragon Ball &#8211; Trunks SSJ3 | 1:4 Resin Statue | von Kylin Studio"},"content":{"rendered":"<p><strong>Dragon Ball &#8211; Trunks SSJ3 | 1:4 Resin Statue | von Kylin Studio<\/strong><\/p>\n<p>I do ship EU-wide, please contact me, should questions arise.<\/p>\n<p><span style=\"color: #ffffff;\"><em><span style=\"background-color: #2c3e50;\">&#8222;You&#8217;re about to find out what it&#8217;s like to fight a real Super Saiyan&#8230;and I&#8217;m not talking about Goku.&#8220;<\/span><\/em><\/span><\/p>\n<p>Tolle Statue des Sohns von Vegeta und Bulma<br \/>\nWunderbar verarbeitete und sehr detaillierte Trunks SSJ3 Statue aus Polystone &#8211; k\u00fcnstlichem Stein-Harz-Gemisch.<\/p>\n<p><strong>Besonderheiten:<\/strong><\/p>\n<ul>\n<li>Transparente Version (weltweit 38 St\u00fcck)<\/li>\n<li>Solide Version (weltweit 58 St\u00fcck)<\/li>\n<\/ul>\n<p><strong>Release-Status:<\/strong><\/p>\n<ul>\n<li>Vorbestellung, Release erwartet Ende Q1 2024, Collectible bei uns im Lager sch\u00e4tzungsweise Ende Mai 2024.<\/li>\n<\/ul>\n<p>Wie immer bei meinen Artikeln &#8211; s\u00e4mtliche Geb\u00fchren sind, im Gegensatz zu anderen Angeboten, bereits inkludiert. Versand erfolgt ausschlie\u00dflich aus Deutschland, es fallen keine Zoll- und Importgeb\u00fchren an. Ihr kauft keine Katze im Sack \ud83d\ude42<\/p>\n<p><strong>Ma\u00dfe der Statue:<\/strong><\/p>\n<ul>\n<li>Gr\u00f6\u00dfe: ca. H58 cm x W32cm x D38.7 cm<\/li>\n<li>Gewicht: TBA, gesch\u00e4tzt 12kg<\/li>\n<\/ul>\n<p>You are not prepared! \ud83d\ude42<\/p>","protected":false},"excerpt":{"rendered":"<p>Dragon Ball &#8211; Trunks SSJ3 | 1:4 Resin Statue | von Kylin Studio I do ship EU-wide, please contact me, should questions arise. &#8222;You&#8217;re about to find out what it&#8217;s like to fight a real Super Saiyan&#8230;and I&#8217;m not talking about Goku.&#8220; Tolle Statue des Sohns von Vegeta und Bulma Wunderbar verarbeitete und sehr detaillierte [&hellip;]<\/p>\n","protected":false},"featured_media":24055,"comment_status":"closed","ping_status":"closed","template":"","meta":[],"product_brand":[],"product_cat":[24,87,568,84],"product_tag":[666,717,640,658,479,147,251,738,190,741,332,787,739,154,255,136,137,379,381,552,380,382,547,718,788,789,790,791,792],"class_list":{"0":"post-24051","1":"product","2":"type-product","3":"status-publish","4":"has-post-thumbnail","6":"product_cat-action-figuren","7":"product_cat-dragon-ball","8":"product_cat-preorder","9":"product_cat-statuen-anime-comic-universum","10":"product_tag-anime-figuren-shop","11":"product_tag-anime-shop","12":"product_tag-anime-statuen","13":"product_tag-anime-toys","14":"product_tag-collectible","15":"product_tag-collectibles","16":"product_tag-collectibles-kaufen","17":"product_tag-dragon-ball","18":"product_tag-dragon-ball-collectibles","19":"product_tag-dragon-ball-statuen","20":"product_tag-dragon-ball-trunks","21":"product_tag-dragon-ball-trunks-toy","22":"product_tag-dragon-ball-z","23":"product_tag-resin-collectibles","24":"product_tag-resin-collectibles-kaufen","25":"product_tag-resin-statuen","26":"product_tag-resin-statuen-kaufen","27":"product_tag-statue-collectible","28":"product_tag-statue-collectibles","29":"product_tag-statue-collector","30":"product_tag-statues-collectible","31":"product_tag-statues-collectibles","32":"product_tag-statues-collector","33":"product_tag-toys","34":"product_tag-trunks","35":"product_tag-trunks-collectible","36":"product_tag-trunks-figur","37":"product_tag-trunks-figurine","38":"product_tag-trunks-toys","39":"pa_brand-kylin-studio","40":"pa_scale-1_to_4","42":"first","43":"instock","44":"taxable","45":"shipping-taxable","46":"product-type-variable"},"_links":{"self":[{"href":"https:\/\/store.handsomecake.com\/en\/wp-json\/wp\/v2\/product\/24051","targetHints":{"allow":["GET"]}}],"collection":[{"href":"https:\/\/store.handsomecake.com\/en\/wp-json\/wp\/v2\/product"}],"about":[{"href":"https:\/\/store.handsomecake.com\/en\/wp-json\/wp\/v2\/types\/product"}],"replies":[{"embeddable":true,"href":"https:\/\/store.handsomecake.com\/en\/wp-json\/wp\/v2\/comments?post=24051"}],"wp:featuredmedia":[{"embeddable":true,"href":"https:\/\/store.handsomecake.com\/en\/wp-json\/wp\/v2\/media\/24055"}],"wp:attachment":[{"href":"https:\/\/store.handsomecake.com\/en\/wp-json\/wp\/v2\/media?parent=24051"}],"wp:term":[{"taxonomy":"product_brand","embeddable":true,"href":"https:\/\/store.handsomecake.com\/en\/wp-json\/wp\/v2\/product_brand?post=24051"},{"taxonomy":"product_cat","embeddable":true,"href":"https:\/\/store.handsomecake.com\/en\/wp-json\/wp\/v2\/product_cat?post=24051"},{"taxonomy":"product_tag","embeddable":true,"href":"https:\/\/store.handsomecake.com\/en\/wp-json\/wp\/v2\/product_tag?post=24051"}],"curies":[{"name":"wp","href":"https:\/\/api.w.org\/{rel}","templated":true}]}}