{"id":24029,"date":"2023-08-07T02:42:19","date_gmt":"2023-08-07T02:42:19","guid":{"rendered":"https:\/\/store.handsomecake.com\/product\/dark-souls-sister-friede-14-resin-statue-von-dtalon-studio\/"},"modified":"2025-08-28T23:27:15","modified_gmt":"2025-08-28T23:27:15","slug":"dark-souls-sister-friede-14-resin-statue-von-dtalon-studio","status":"publish","type":"product","link":"https:\/\/store.handsomecake.com\/en\/product\/dark-souls-sister-friede-14-resin-statue-von-dtalon-studio\/","title":{"rendered":"Dark Souls &#8211; Sister Friede | 1:4 Resin Statue | von Dtalon Studio"},"content":{"rendered":"<p><strong>Dark Souls &#8211; Sister Friede | 1:4 Resin Statue | von Dtalon Studio<\/strong><\/p>\n<p>EU Taxfree! I do ship EU-wide, please contact me, should questions arise.<\/p>\n<p><span style=\"color: #ffffff;\"><em><span style=\"background-color: #2c3e50;\">\u00a0&#8222;Please, avert thine eyes. I will snuff out these ashes for good.&#8220;\u00a0 <\/span><\/em><\/span><\/p>\n<p>Tolle Statue von Final Boss Elfriede<br \/>\nWunderbar verarbeitete und sehr detaillierte Sister Friede aus Polystone &#8211; k\u00fcnstlichem Stein-Harz-Gemisch.<\/p>\n<p><strong>Besonderheiten:<\/strong><\/p>\n<ul>\n<li>weltweit nur 168 St\u00fcck<\/li>\n<li>mit LED<\/li>\n<\/ul>\n<p><strong>Release-Status:<\/strong><\/p>\n<ul>\n<li>Preorder. Voraussichtlicher Release-Termin: Q1 2024, voraussichtlich bei uns im Lager: Ende Mai 2024<\/li>\n<\/ul>\n<p>Wie immer bei meinen Aktionen &#8211; s\u00e4mtliche Geb\u00fchren sind, im Gegensatz zu anderen Angeboten, bereits inkludiert. Versand erfolgt ausschlie\u00dflich aus Deutschland, es fallen keine Zoll- und Importgeb\u00fchren an. Ihr kauft keine Katze im Sack \ud83d\ude42<\/p>\n<p><strong>Ma\u00dfe der Statue:<\/strong><\/p>\n<ul>\n<li>Gr\u00f6\u00dfe: ca. H80cm x W48cm x D31cm<\/li>\n<li>Gewicht: ca. 16 kg (gesch\u00e4tzt)<\/li>\n<\/ul>\n<p>You are not prepared! \ud83d\ude42<\/p>","protected":false},"excerpt":{"rendered":"<p>Dark Souls &#8211; Sister Friede | 1:4 Resin Statue | von Dtalon Studio EU Taxfree! I do ship EU-wide, please contact me, should questions arise. \u00a0&#8222;Please, avert thine eyes. I will snuff out these ashes for good.&#8220;\u00a0 Tolle Statue von Final Boss Elfriede Wunderbar verarbeitete und sehr detaillierte Sister Friede aus Polystone &#8211; k\u00fcnstlichem Stein-Harz-Gemisch. [&hellip;]<\/p>\n","protected":false},"featured_media":24030,"comment_status":"closed","ping_status":"closed","template":"","meta":[],"product_brand":[],"product_cat":[24,568,81],"product_tag":[479,147,251,383,2755,2758,2756,553,795,154,255,136,137,554,2757,379,381,552,380,382,547],"class_list":{"0":"post-24029","1":"product","2":"type-product","3":"status-publish","4":"has-post-thumbnail","6":"product_cat-action-figuren","7":"product_cat-preorder","8":"product_cat-statuen-computerspieluniversum","9":"product_tag-collectible","10":"product_tag-collectibles","11":"product_tag-collectibles-kaufen","12":"product_tag-collector","13":"product_tag-dark-souls","14":"product_tag-dark-souls-collection","15":"product_tag-dark-souls-sister-friede","16":"product_tag-figure-collector","17":"product_tag-handsomecake","18":"product_tag-resin-collectibles","19":"product_tag-resin-collectibles-kaufen","20":"product_tag-resin-statuen","21":"product_tag-resin-statuen-kaufen","22":"product_tag-resin-statues","23":"product_tag-sister-friede","24":"product_tag-statue-collectible","25":"product_tag-statue-collectibles","26":"product_tag-statue-collector","27":"product_tag-statues-collectible","28":"product_tag-statues-collectibles","29":"product_tag-statues-collector","30":"pa_brand-dtalon-studio","31":"pa_scale-1_to_4","33":"first","34":"instock","35":"taxable","36":"shipping-taxable","37":"product-type-simple"},"_links":{"self":[{"href":"https:\/\/store.handsomecake.com\/en\/wp-json\/wp\/v2\/product\/24029","targetHints":{"allow":["GET"]}}],"collection":[{"href":"https:\/\/store.handsomecake.com\/en\/wp-json\/wp\/v2\/product"}],"about":[{"href":"https:\/\/store.handsomecake.com\/en\/wp-json\/wp\/v2\/types\/product"}],"replies":[{"embeddable":true,"href":"https:\/\/store.handsomecake.com\/en\/wp-json\/wp\/v2\/comments?post=24029"}],"wp:featuredmedia":[{"embeddable":true,"href":"https:\/\/store.handsomecake.com\/en\/wp-json\/wp\/v2\/media\/24030"}],"wp:attachment":[{"href":"https:\/\/store.handsomecake.com\/en\/wp-json\/wp\/v2\/media?parent=24029"}],"wp:term":[{"taxonomy":"product_brand","embeddable":true,"href":"https:\/\/store.handsomecake.com\/en\/wp-json\/wp\/v2\/product_brand?post=24029"},{"taxonomy":"product_cat","embeddable":true,"href":"https:\/\/store.handsomecake.com\/en\/wp-json\/wp\/v2\/product_cat?post=24029"},{"taxonomy":"product_tag","embeddable":true,"href":"https:\/\/store.handsomecake.com\/en\/wp-json\/wp\/v2\/product_tag?post=24029"}],"curies":[{"name":"wp","href":"https:\/\/api.w.org\/{rel}","templated":true}]}}