{"id":23937,"date":"2023-07-31T00:13:23","date_gmt":"2023-07-31T00:13:23","guid":{"rendered":"https:\/\/store.handsomecake.com\/product\/naruto-jiraiya-sensei-17-resin-statue-von-ventus-studio\/"},"modified":"2024-06-12T16:01:40","modified_gmt":"2024-06-12T16:01:40","slug":"naruto-jiraiya-sensei-17-resin-statue-von-ventus-studio","status":"publish","type":"product","link":"https:\/\/store.handsomecake.com\/en\/product\/naruto-jiraiya-sensei-17-resin-statue-von-ventus-studio\/","title":{"rendered":"Naruto &#8211; Jiraiya Sensei | 1:7 Resin Statue | von Ventus Studio"},"content":{"rendered":"<p><strong>Naruto &#8211; Jiraiya Sensei | 1:7 Resin Statue | von Ventus Studio<\/strong><\/p>\n<p>EU Taxfree! I do ship EU-wide, please contact me, should questions arise.<\/p>\n<p><span style=\"color: #ffffff;\"><em><span style=\"background-color: #2c3e50;\">&#8222;A Ninja&#8217;s Life Is Not Measured By How He Lived, But Rather What They Managed To Accomplish Before Their Death.&#8220;<\/span><\/em><\/span><br \/>\nTolle Statue unseres geliebten Sensei<br \/>\nWunderbar verarbeitete und sehr detaillierte Statue von Jiraiya aus Polystone &#8211; k\u00fcnstlichem Stein-Harz-Gemisch.<\/p>\n<p><strong>Besonderheiten:<\/strong><\/p>\n<ul>\n<li>austauschbar: 2 rechte H\u00e4nde, 4 linke H\u00e4nde, 3 K\u00f6pfe, Bein<\/li>\n<li>A Version: Regular + sitzende Version<\/li>\n<li>B Version: Regular + tote Version<\/li>\n<li>C Version: Regular + sitzende Version + tote Version<\/li>\n<\/ul>\n<p><strong>Release-Status:<\/strong><\/p>\n<ul>\n<li>Preorder. Statue wird voraussichtlich Q2 2024 erscheinen und wir erwarten sie voraussichtlich Ende August 2024 im Warenlager.<\/li>\n<\/ul>\n<p>Wie immer bei meinen Artikeln &#8211; s\u00e4mtliche Geb\u00fchren sind, im Gegensatz zu anderen Angeboten, bereits inkludiert. Versand erfolgt ausschlie\u00dflich aus Deutschland, es fallen keine Zoll- und Importgeb\u00fchren an. Ihr kauft keine Katze im Sack \ud83d\ude42<\/p>\n<p><strong>Ma\u00dfe der Statue:<\/strong><\/p>\n<ul>\n<li>Gr\u00f6\u00dfe(Regular): ca. H52cm x W42.5cm x D50cm<\/li>\n<li>Gr\u00f6\u00dfe(sitzende Version ): ca. H15cm x W15cm x D12cm<\/li>\n<li>Gr\u00f6\u00dfe(tote Version ): ca. H28cm x W27cm x D14cm<\/li>\n<li>Gewicht: ca. 16kg (gesch\u00e4tzt)<\/li>\n<\/ul>\n<p>You are not prepared! \ud83d\ude42<\/p>","protected":false},"excerpt":{"rendered":"<p>Naruto &#8211; Jiraiya Sensei | 1:7 Resin Statue | von Ventus Studio EU Taxfree! I do ship EU-wide, please contact me, should questions arise. &#8222;A Ninja&#8217;s Life Is Not Measured By How He Lived, But Rather What They Managed To Accomplish Before Their Death.&#8220; Tolle Statue unseres geliebten Sensei Wunderbar verarbeitete und sehr detaillierte Statue [&hellip;]<\/p>\n","protected":false},"featured_media":23970,"comment_status":"closed","ping_status":"closed","template":"","meta":[],"product_brand":[],"product_cat":[24,88,568,84],"product_tag":[656,659,660,657,640,658,147,251,2599,2600,2601,168,296,1626,169,170,154,136,137],"class_list":{"0":"post-23937","1":"product","2":"type-product","3":"status-publish","4":"has-post-thumbnail","6":"product_cat-action-figuren","7":"product_cat-naruto","8":"product_cat-preorder","9":"product_cat-statuen-anime-comic-universum","10":"product_tag-anime-collectibles","11":"product_tag-anime-figuren","12":"product_tag-anime-figuren-naruto","13":"product_tag-anime-figures","14":"product_tag-anime-statuen","15":"product_tag-anime-toys","16":"product_tag-collectibles","17":"product_tag-collectibles-kaufen","18":"product_tag-jiraiya","19":"product_tag-jiraiya-sensei","20":"product_tag-jiraiya-statue","21":"product_tag-naruto-collectibles","22":"product_tag-naruto-collectibles-kaufen","23":"product_tag-naruto-shippuden","24":"product_tag-naruto-statuen","25":"product_tag-naruto-statuen-kaufen","26":"product_tag-resin-collectibles","27":"product_tag-resin-statuen","28":"product_tag-resin-statuen-kaufen","29":"pa_brand-ventus-studio","30":"pa_scale-1_to_7","32":"first","33":"instock","34":"taxable","35":"shipping-taxable","36":"product-type-variable"},"_links":{"self":[{"href":"https:\/\/store.handsomecake.com\/en\/wp-json\/wp\/v2\/product\/23937","targetHints":{"allow":["GET"]}}],"collection":[{"href":"https:\/\/store.handsomecake.com\/en\/wp-json\/wp\/v2\/product"}],"about":[{"href":"https:\/\/store.handsomecake.com\/en\/wp-json\/wp\/v2\/types\/product"}],"replies":[{"embeddable":true,"href":"https:\/\/store.handsomecake.com\/en\/wp-json\/wp\/v2\/comments?post=23937"}],"wp:featuredmedia":[{"embeddable":true,"href":"https:\/\/store.handsomecake.com\/en\/wp-json\/wp\/v2\/media\/23970"}],"wp:attachment":[{"href":"https:\/\/store.handsomecake.com\/en\/wp-json\/wp\/v2\/media?parent=23937"}],"wp:term":[{"taxonomy":"product_brand","embeddable":true,"href":"https:\/\/store.handsomecake.com\/en\/wp-json\/wp\/v2\/product_brand?post=23937"},{"taxonomy":"product_cat","embeddable":true,"href":"https:\/\/store.handsomecake.com\/en\/wp-json\/wp\/v2\/product_cat?post=23937"},{"taxonomy":"product_tag","embeddable":true,"href":"https:\/\/store.handsomecake.com\/en\/wp-json\/wp\/v2\/product_tag?post=23937"}],"curies":[{"name":"wp","href":"https:\/\/api.w.org\/{rel}","templated":true}]}}