{"id":23924,"date":"2023-07-31T00:10:13","date_gmt":"2023-07-31T00:10:13","guid":{"rendered":"https:\/\/store.handsomecake.com\/product\/legend-of-zelda-link-14-resin-statue-von-anonymous-studio\/"},"modified":"2024-06-12T16:01:47","modified_gmt":"2024-06-12T16:01:47","slug":"legend-of-zelda-link-14-resin-statue-von-anonymous-studio","status":"publish","type":"product","link":"https:\/\/store.handsomecake.com\/en\/product\/legend-of-zelda-link-14-resin-statue-von-anonymous-studio\/","title":{"rendered":"Legend of Zelda &#8211; Link | 1:4 Resin Statue | von Anonymous Studio"},"content":{"rendered":"<p><strong>Legend of Zelda &#8211; Link | 1:4 Resin Statue | von Anonymous Studio<\/strong><\/p>\n<p>EU Taxfree! I do ship EU-wide, please contact me, should questions arise.<\/p>\n<p>Tolle Statue von unserem geliebten Hylianer und Zeldas Retter<br \/>\nWunderbar verarbeitete und sehr detaillierte Statue von Link aus Polystone &#8211; k\u00fcnstlichem Stein-Harz-Gemisch.<\/p>\n<p><strong>Besonderheiten<\/strong>:<\/p>\n<ul>\n<li>1:4 und 1:6 Gr\u00f6\u00dfen verf\u00fcgbar<\/li>\n<\/ul>\n<p><strong>Release-Status:<\/strong><\/p>\n<ul>\n<li>Pre order. Release ca. Ende Q2 2024 erwartet, bei uns im Lager voraussichtlich Ende August 2024.<\/li>\n<\/ul>\n<p>Wie immer bei meinen Artikeln &#8211; s\u00e4mtliche Geb\u00fchren sind, im Gegensatz zu anderen Angeboten, bereits inkludiert. Versand erfolgt ausschlie\u00dflich aus Deutschland, es fallen keine Zoll- und Importgeb\u00fchren an. Ihr kauft keine Katze im Sack \ud83d\ude42<\/p>\n<p><strong>Ma\u00dfe der Statue:<\/strong><\/p>\n<ul>\n<li>Gr\u00f6\u00dfe(1:4): ca. H51cm x W26cm x D24cm<\/li>\n<li>Gr\u00f6\u00dfe(1:6): ca. H34cm x W17.5cm x D16cm<\/li>\n<li>Gewicht: ca. 15kg (gesch\u00e4tzt)<\/li>\n<\/ul>\n<p>You are not prepared! \ud83d\ude42<\/p>","protected":false},"excerpt":{"rendered":"<p>Legend of Zelda &#8211; Link | 1:4 Resin Statue | von Anonymous Studio EU Taxfree! I do ship EU-wide, please contact me, should questions arise. Tolle Statue von unserem geliebten Hylianer und Zeldas Retter Wunderbar verarbeitete und sehr detaillierte Statue von Link aus Polystone &#8211; k\u00fcnstlichem Stein-Harz-Gemisch. Besonderheiten: 1:4 und 1:6 Gr\u00f6\u00dfen verf\u00fcgbar Release-Status: Pre [&hellip;]<\/p>\n","protected":false},"featured_media":23927,"comment_status":"closed","ping_status":"closed","template":"","meta":[],"product_brand":[],"product_cat":[24,1207,568,81],"product_tag":[612,659,666,658,147,251,383,553,795,1215,1208,1209,1210,1211,1212,1213,154,136,554,379,381,552,547,1216,1214,1218,1217],"class_list":{"0":"post-23924","1":"product","2":"type-product","3":"status-publish","4":"has-post-thumbnail","6":"product_cat-action-figuren","7":"product_cat-legend-of-zelda","8":"product_cat-preorder","9":"product_cat-statuen-computerspieluniversum","10":"product_tag-anime","11":"product_tag-anime-figuren","12":"product_tag-anime-figuren-shop","13":"product_tag-anime-toys","14":"product_tag-collectibles","15":"product_tag-collectibles-kaufen","16":"product_tag-collector","17":"product_tag-figure-collector","18":"product_tag-handsomecake","19":"product_tag-legend-of-zelda","20":"product_tag-link","21":"product_tag-link-collectibles","22":"product_tag-link-resin","23":"product_tag-link-statue","24":"product_tag-link-statues","25":"product_tag-link-toys","26":"product_tag-resin-collectibles","27":"product_tag-resin-statuen","28":"product_tag-resin-statues","29":"product_tag-statue-collectible","30":"product_tag-statue-collectibles","31":"product_tag-statue-collector","32":"product_tag-statues-collector","33":"product_tag-the-legend-of-zelda","34":"product_tag-zelda","35":"product_tag-zelda-collectibles","36":"product_tag-zelda-toys","37":"pa_brand-anonymous-studio","39":"first","40":"instock","41":"taxable","42":"shipping-taxable","43":"product-type-variable"},"_links":{"self":[{"href":"https:\/\/store.handsomecake.com\/en\/wp-json\/wp\/v2\/product\/23924","targetHints":{"allow":["GET"]}}],"collection":[{"href":"https:\/\/store.handsomecake.com\/en\/wp-json\/wp\/v2\/product"}],"about":[{"href":"https:\/\/store.handsomecake.com\/en\/wp-json\/wp\/v2\/types\/product"}],"replies":[{"embeddable":true,"href":"https:\/\/store.handsomecake.com\/en\/wp-json\/wp\/v2\/comments?post=23924"}],"wp:featuredmedia":[{"embeddable":true,"href":"https:\/\/store.handsomecake.com\/en\/wp-json\/wp\/v2\/media\/23927"}],"wp:attachment":[{"href":"https:\/\/store.handsomecake.com\/en\/wp-json\/wp\/v2\/media?parent=23924"}],"wp:term":[{"taxonomy":"product_brand","embeddable":true,"href":"https:\/\/store.handsomecake.com\/en\/wp-json\/wp\/v2\/product_brand?post=23924"},{"taxonomy":"product_cat","embeddable":true,"href":"https:\/\/store.handsomecake.com\/en\/wp-json\/wp\/v2\/product_cat?post=23924"},{"taxonomy":"product_tag","embeddable":true,"href":"https:\/\/store.handsomecake.com\/en\/wp-json\/wp\/v2\/product_tag?post=23924"}],"curies":[{"name":"wp","href":"https:\/\/api.w.org\/{rel}","templated":true}]}}