{"id":23900,"date":"2023-07-31T00:05:59","date_gmt":"2023-07-31T00:05:59","guid":{"rendered":"https:\/\/store.handsomecake.com\/product\/one-piece-portgas-d-ace-14-resin-statue-von-lx-studio\/"},"modified":"2024-06-12T16:01:22","modified_gmt":"2024-06-12T16:01:22","slug":"one-piece-portgas-d-ace-14-resin-statue-von-lx-studio","status":"publish","type":"product","link":"https:\/\/store.handsomecake.com\/en\/product\/one-piece-portgas-d-ace-14-resin-statue-von-lx-studio\/","title":{"rendered":"One Piece &#8211; Portgas D. Ace | 1:4 Resin Statue | von LX Studio"},"content":{"rendered":"<p><strong>One Piece &#8211; Portgas D. Ace | 1:4 Resin Statue | von LX Studio<\/strong><\/p>\n<p>I do ship EU-wide, please contact me, should questions arise.<\/p>\n<p><span style=\"color: #ffffff;\"><em><span style=\"background-color: #2c3e50;\">&#8220; We have to live a life with no regrets! &#8222;<\/span><\/em><\/span><br \/>\n~ Portgas D. Ace<\/p>\n<p>Tolle Statue vom Gol D. Rogers Sohn<br \/>\nWunderbar verarbeitete und sehr detaillierte &#8222;Fire Fist&#8220; Ace Statue aus Polystone &#8211; k\u00fcnstlichem Stein-Harz-Gemisch.<\/p>\n<p><strong>Besonderheiten:<\/strong><\/p>\n<ul>\n<li>mit LED<\/li>\n<li>1:4 Gr\u00f6\u00dfe (weltweit 128 St\u00fcck)<\/li>\n<li>1:6 Gr\u00f6\u00dfe (weltweit 288 St\u00fcck)<\/li>\n<li>2 austauschbare K\u00f6pfe<\/li>\n<li>2 kleine Geschenke<\/li>\n<\/ul>\n<p><strong>Release-Status:<\/strong><\/p>\n<ul>\n<li>Preorder. Statue wird voraussichtlich Ende Q1 2024 released und wir erwarten sie im Warenlager sch\u00e4tzungsweise Ende Mai 2024.<\/li>\n<\/ul>\n<p>Wie immer bei meinen Artikeln &#8211; s\u00e4mtliche Geb\u00fchren sind, im Gegensatz zu anderen Angeboten, bereits inkludiert. Versand erfolgt ausschlie\u00dflich aus Deutschland, es fallen keine Zoll- und Importgeb\u00fchren an. Ihr kauft keine Katze im Sack \ud83d\ude42<\/p>\n<p><strong>Ma\u00dfe der Statue:<\/strong><\/p>\n<ul>\n<li>Gr\u00f6\u00dfe (1:4): ca. H66cm x W52cm x D58cm<\/li>\n<li>Gr\u00f6\u00dfe (1:6): ca. H46cm x W36cm x D40cm<\/li>\n<li>Gewicht: TBA ca. 20kg (gesch\u00e4tzt)<\/li>\n<\/ul>\n<p>You are not prepared! \ud83d\ude42<\/p>","protected":false},"excerpt":{"rendered":"<p>One Piece &#8211; Portgas D. Ace | 1:4 Resin Statue | von LX Studio I do ship EU-wide, please contact me, should questions arise. &#8220; We have to live a life with no regrets! &#8222; ~ Portgas D. Ace Tolle Statue vom Gol D. Rogers Sohn Wunderbar verarbeitete und sehr detaillierte &#8222;Fire Fist&#8220; Ace Statue [&hellip;]<\/p>\n","protected":false},"featured_media":23969,"comment_status":"closed","ping_status":"closed","template":"","meta":[],"product_brand":[],"product_cat":[24,89,568,84],"product_tag":[2392,2393,2394,2395,612,664,666,717,794,662,640,658,479,147,251,795,164,502,165,154,255,136,137,379,381,552,380],"class_list":{"0":"post-23900","1":"product","2":"type-product","3":"status-publish","4":"has-post-thumbnail","6":"product_cat-action-figuren","7":"product_cat-one-piece","8":"product_cat-preorder","9":"product_cat-statuen-anime-comic-universum","10":"product_tag-ace","11":"product_tag-ace-collectible","12":"product_tag-ace-one-piece","13":"product_tag-ace-statue","14":"product_tag-anime","15":"product_tag-anime-figuren-one-piece","16":"product_tag-anime-figuren-shop","17":"product_tag-anime-shop","18":"product_tag-anime-statue","19":"product_tag-anime-statue-shop","20":"product_tag-anime-statuen","21":"product_tag-anime-toys","22":"product_tag-collectible","23":"product_tag-collectibles","24":"product_tag-collectibles-kaufen","25":"product_tag-handsomecake","26":"product_tag-one-piece-collectibles","27":"product_tag-one-piece-resin","28":"product_tag-one-piece-statue","29":"product_tag-resin-collectibles","30":"product_tag-resin-collectibles-kaufen","31":"product_tag-resin-statuen","32":"product_tag-resin-statuen-kaufen","33":"product_tag-statue-collectible","34":"product_tag-statue-collectibles","35":"product_tag-statue-collector","36":"product_tag-statues-collectible","37":"pa_brand-lx-studio","39":"first","40":"instock","41":"product-type-variable"},"_links":{"self":[{"href":"https:\/\/store.handsomecake.com\/en\/wp-json\/wp\/v2\/product\/23900","targetHints":{"allow":["GET"]}}],"collection":[{"href":"https:\/\/store.handsomecake.com\/en\/wp-json\/wp\/v2\/product"}],"about":[{"href":"https:\/\/store.handsomecake.com\/en\/wp-json\/wp\/v2\/types\/product"}],"replies":[{"embeddable":true,"href":"https:\/\/store.handsomecake.com\/en\/wp-json\/wp\/v2\/comments?post=23900"}],"wp:featuredmedia":[{"embeddable":true,"href":"https:\/\/store.handsomecake.com\/en\/wp-json\/wp\/v2\/media\/23969"}],"wp:attachment":[{"href":"https:\/\/store.handsomecake.com\/en\/wp-json\/wp\/v2\/media?parent=23900"}],"wp:term":[{"taxonomy":"product_brand","embeddable":true,"href":"https:\/\/store.handsomecake.com\/en\/wp-json\/wp\/v2\/product_brand?post=23900"},{"taxonomy":"product_cat","embeddable":true,"href":"https:\/\/store.handsomecake.com\/en\/wp-json\/wp\/v2\/product_cat?post=23900"},{"taxonomy":"product_tag","embeddable":true,"href":"https:\/\/store.handsomecake.com\/en\/wp-json\/wp\/v2\/product_tag?post=23900"}],"curies":[{"name":"wp","href":"https:\/\/api.w.org\/{rel}","templated":true}]}}