{"id":23828,"date":"2023-07-28T21:23:04","date_gmt":"2023-07-28T21:23:04","guid":{"rendered":"https:\/\/store.handsomecake.com\/product\/final-fantasy-auron-14-resin-statue-von-joy-station\/"},"modified":"2024-06-12T16:00:54","modified_gmt":"2024-06-12T16:00:54","slug":"final-fantasy-auron-14-resin-statue-von-joy-station","status":"publish","type":"product","link":"https:\/\/store.handsomecake.com\/en\/product\/final-fantasy-auron-14-resin-statue-von-joy-station\/","title":{"rendered":"Final Fantasy &#8211; Auron | 1:4 Resin Statue | von JOY Station"},"content":{"rendered":"<p><strong>Final Fantasy &#8211; Auron | 1:4 Resin Statue | von JOY Station<\/strong><\/p>\n<p>EU Taxfree! I do ship EU-wide, please contact me, should questions arise.<\/p>\n<p><span style=\"color: #ffffff;\"><em><span style=\"background-color: #2c3e50;\">&#8220; Only a jackass can change the world. &#8222;<\/span><\/em><\/span><\/p>\n<p>Tolle Statuen von dem legend\u00e4ren Leibgarde.<br \/>\nWunderbar verarbeitete und sehr detaillierte Auron Statue aus Polystone &#8211; k\u00fcnstlichem Stein-Harz-Gemisch.<\/p>\n<p><strong>Besonderheiten:<\/strong><\/p>\n<ul>\n<li>weltweit 150 St\u00fcck<\/li>\n<li>2 austauschbare K\u00f6pfe<\/li>\n<li>Kind Yuna als Geschenk<\/li>\n<\/ul>\n<p><strong>Release-Status:<\/strong><\/p>\n<ul>\n<li>Preorder. Statue wird voraussichtlich Ende Q1 2024 released. Wir erwarten sie bei uns gegen Ende Mai 2024.<\/li>\n<\/ul>\n<p>Wie immer bei meinen Aktionen &#8211; s\u00e4mtliche Geb\u00fchren sind, im Gegensatz zu anderen Angeboten, bereits inkludiert. Versand erfolgt ausschlie\u00dflich aus Deutschland, es fallen keine Zoll- und Importgeb\u00fchren an. Ihr kauft keine Katze im Sack \ud83d\ude42<\/p>\n<p><strong>Ma\u00dfe der Statue:<\/strong><\/p>\n<ul>\n<li>Gr\u00f6\u00dfe: H63cm x D33cm x W29cm<\/li>\n<li>Gewicht : TBA, gesch\u00e4tzt: ca. 14kg<\/li>\n<\/ul>\n<p>You are not prepared! \ud83d\ude42<\/p>","protected":false},"excerpt":{"rendered":"<p>Final Fantasy &#8211; Auron | 1:4 Resin Statue | von JOY Station EU Taxfree! I do ship EU-wide, please contact me, should questions arise. &#8220; Only a jackass can change the world. &#8222; Tolle Statuen von dem legend\u00e4ren Leibgarde. Wunderbar verarbeitete und sehr detaillierte Auron Statue aus Polystone &#8211; k\u00fcnstlichem Stein-Harz-Gemisch. Besonderheiten: weltweit 150 St\u00fcck [&hellip;]<\/p>\n","protected":false},"featured_media":23853,"comment_status":"closed","ping_status":"closed","template":"","meta":[],"product_brand":[],"product_cat":[24,197,568,84],"product_tag":[640,2738,2739,2740,2741,147,251,198,2735,2736,2737,199,200,1147,154,255,136,137,379,381,552,380,382,547],"class_list":{"0":"post-23828","1":"product","2":"type-product","3":"status-publish","4":"has-post-thumbnail","6":"product_cat-action-figuren","7":"product_cat-final-fantasy","8":"product_cat-preorder","9":"product_cat-statuen-anime-comic-universum","10":"product_tag-anime-statuen","11":"product_tag-auron","12":"product_tag-auron-collectible","13":"product_tag-auron-figurine","14":"product_tag-auron-statue","15":"product_tag-collectibles","16":"product_tag-collectibles-kaufen","17":"product_tag-final-fantasy","18":"product_tag-final-fantasy-auron","19":"product_tag-final-fantasy-auron-collectible","20":"product_tag-final-fantasy-auron-statue","21":"product_tag-final-fantasy-collectibles","22":"product_tag-final-fantasy-statuen","23":"product_tag-final-fantasy-x","24":"product_tag-resin-collectibles","25":"product_tag-resin-collectibles-kaufen","26":"product_tag-resin-statuen","27":"product_tag-resin-statuen-kaufen","28":"product_tag-statue-collectible","29":"product_tag-statue-collectibles","30":"product_tag-statue-collector","31":"product_tag-statues-collectible","32":"product_tag-statues-collectibles","33":"product_tag-statues-collector","34":"pa_brand-joy-station-collectibles","35":"pa_scale-1_to_4","37":"first","38":"instock","39":"taxable","40":"shipping-taxable","41":"product-type-simple"},"_links":{"self":[{"href":"https:\/\/store.handsomecake.com\/en\/wp-json\/wp\/v2\/product\/23828","targetHints":{"allow":["GET"]}}],"collection":[{"href":"https:\/\/store.handsomecake.com\/en\/wp-json\/wp\/v2\/product"}],"about":[{"href":"https:\/\/store.handsomecake.com\/en\/wp-json\/wp\/v2\/types\/product"}],"replies":[{"embeddable":true,"href":"https:\/\/store.handsomecake.com\/en\/wp-json\/wp\/v2\/comments?post=23828"}],"wp:featuredmedia":[{"embeddable":true,"href":"https:\/\/store.handsomecake.com\/en\/wp-json\/wp\/v2\/media\/23853"}],"wp:attachment":[{"href":"https:\/\/store.handsomecake.com\/en\/wp-json\/wp\/v2\/media?parent=23828"}],"wp:term":[{"taxonomy":"product_brand","embeddable":true,"href":"https:\/\/store.handsomecake.com\/en\/wp-json\/wp\/v2\/product_brand?post=23828"},{"taxonomy":"product_cat","embeddable":true,"href":"https:\/\/store.handsomecake.com\/en\/wp-json\/wp\/v2\/product_cat?post=23828"},{"taxonomy":"product_tag","embeddable":true,"href":"https:\/\/store.handsomecake.com\/en\/wp-json\/wp\/v2\/product_tag?post=23828"}],"curies":[{"name":"wp","href":"https:\/\/api.w.org\/{rel}","templated":true}]}}