{"id":23649,"date":"2023-07-22T17:07:05","date_gmt":"2023-07-22T17:07:05","guid":{"rendered":"https:\/\/store.handsomecake.com\/product\/bleach-yamamoto-genryusai-shigekuni-16-resin-statue-von-yuanmeng-studio\/"},"modified":"2024-06-12T16:00:10","modified_gmt":"2024-06-12T16:00:10","slug":"bleach-yamamoto-genryusai-shigekuni-16-resin-statue-von-yuanmeng-studio","status":"publish","type":"product","link":"https:\/\/store.handsomecake.com\/en\/product\/bleach-yamamoto-genryusai-shigekuni-16-resin-statue-von-yuanmeng-studio\/","title":{"rendered":"Bleach &#8211; Yamamoto Genry\u016bsai Shigekuni | 1:6 Resin Statue | von YuanMeng Studio"},"content":{"rendered":"<p><strong>Bleach &#8211; Yamamoto Genry\u016bsai Shigekuni | 1:6 Resin Statue | von YuanMeng Studio<\/strong><\/p>\n<p>EU Taxfree! I do ship EU-wide, please contact me, should questions arise.<\/p>\n<p>Tolle Statue des ehemaligen Kommandanten der 1. Kompanie<br \/>\nWunderbar verarbeitete und sehr detaillierte Statue von Yamamoto Genry\u016bsai Shigekuni aus Polystone &#8211; k\u00fcnstlichem Stein-Harz-Gemisch.<\/p>\n<p><strong>Besonderheiten<\/strong>:<\/p>\n<ul>\n<li>mit LED<\/li>\n<li>2 Metallwaffen<\/li>\n<\/ul>\n<p><strong>Release-Status:<\/strong><\/p>\n<ul>\n<li>Preorder. Statue wird voraussichtlich am Ende Q1 2024 erscheinen und wir erwarten sie voraussichtlich Ende Mai 2024 im Warenlager.<\/li>\n<\/ul>\n<p>Wie immer bei meinen Artikeln &#8211; s\u00e4mtliche Geb\u00fchren sind, im Gegensatz zu anderen Angeboten, bereits inkludiert. Versand erfolgt ausschlie\u00dflich aus Deutschland, es fallen keine Zoll- und Importgeb\u00fchren an. Ihr kauft keine Katze im Sack \ud83d\ude42<\/p>\n<p><strong>Ma\u00dfe der Statue:<\/strong><\/p>\n<ul>\n<li>Gr\u00f6\u00dfe: ca. H53cm x W40cm x D35cm<\/li>\n<li>Gewicht: ca. 12kg (gesch\u00e4tzt)<\/li>\n<\/ul>\n<p>You are not prepared! \ud83d\ude42<\/p>","protected":false},"excerpt":{"rendered":"<p>Bleach &#8211; Yamamoto Genry\u016bsai Shigekuni | 1:6 Resin Statue | von YuanMeng Studio EU Taxfree! I do ship EU-wide, please contact me, should questions arise. Tolle Statue des ehemaligen Kommandanten der 1. Kompanie Wunderbar verarbeitete und sehr detaillierte Statue von Yamamoto Genry\u016bsai Shigekuni aus Polystone &#8211; k\u00fcnstlichem Stein-Harz-Gemisch. Besonderheiten: mit LED 2 Metallwaffen Release-Status: Preorder. [&hellip;]<\/p>\n","protected":false},"featured_media":23675,"comment_status":"closed","ping_status":"closed","template":"","meta":[],"product_brand":[],"product_cat":[24,568,84],"product_tag":[612,659,666,658,991,992,995,993,994,996,147,251,383,553,2270,795,154,136,554,379,381,552,547,2269,2267,2268,2271],"class_list":{"0":"post-23649","1":"product","2":"type-product","3":"status-publish","4":"has-post-thumbnail","6":"product_cat-action-figuren","7":"product_cat-preorder","8":"product_cat-statuen-anime-comic-universum","9":"product_tag-anime","10":"product_tag-anime-figuren","11":"product_tag-anime-figuren-shop","12":"product_tag-anime-toys","13":"product_tag-bleach-statue","14":"product_tag-bleach-collectibles","15":"product_tag-bleach","16":"product_tag-bleach-resin","17":"product_tag-bleach-statues","18":"product_tag-bleach-toys","19":"product_tag-collectibles","20":"product_tag-collectibles-kaufen","21":"product_tag-collector","22":"product_tag-figure-collector","23":"product_tag-genryusai-resin","24":"product_tag-handsomecake","25":"product_tag-resin-collectibles","26":"product_tag-resin-statuen","27":"product_tag-resin-statues","28":"product_tag-statue-collectible","29":"product_tag-statue-collectibles","30":"product_tag-statue-collector","31":"product_tag-statues-collector","32":"product_tag-yamamoto-collectibles","33":"product_tag-yamamoto-genryusai","34":"product_tag-yamamoto-shikeguni","35":"product_tag-yamamoto-statues","36":"pa_brand-yuanmeng-studio","37":"pa_scale-1_to_6","39":"first","40":"instock","41":"taxable","42":"shipping-taxable","43":"product-type-variable"},"_links":{"self":[{"href":"https:\/\/store.handsomecake.com\/en\/wp-json\/wp\/v2\/product\/23649","targetHints":{"allow":["GET"]}}],"collection":[{"href":"https:\/\/store.handsomecake.com\/en\/wp-json\/wp\/v2\/product"}],"about":[{"href":"https:\/\/store.handsomecake.com\/en\/wp-json\/wp\/v2\/types\/product"}],"replies":[{"embeddable":true,"href":"https:\/\/store.handsomecake.com\/en\/wp-json\/wp\/v2\/comments?post=23649"}],"wp:featuredmedia":[{"embeddable":true,"href":"https:\/\/store.handsomecake.com\/en\/wp-json\/wp\/v2\/media\/23675"}],"wp:attachment":[{"href":"https:\/\/store.handsomecake.com\/en\/wp-json\/wp\/v2\/media?parent=23649"}],"wp:term":[{"taxonomy":"product_brand","embeddable":true,"href":"https:\/\/store.handsomecake.com\/en\/wp-json\/wp\/v2\/product_brand?post=23649"},{"taxonomy":"product_cat","embeddable":true,"href":"https:\/\/store.handsomecake.com\/en\/wp-json\/wp\/v2\/product_cat?post=23649"},{"taxonomy":"product_tag","embeddable":true,"href":"https:\/\/store.handsomecake.com\/en\/wp-json\/wp\/v2\/product_tag?post=23649"}],"curies":[{"name":"wp","href":"https:\/\/api.w.org\/{rel}","templated":true}]}}