{"id":23463,"date":"2023-07-12T00:01:45","date_gmt":"2023-07-12T00:01:45","guid":{"rendered":"https:\/\/store.handsomecake.com\/product\/dragon-ball-broly-vs-vegeta-14-resin-statue-von-revenge-studio\/"},"modified":"2024-06-12T15:58:44","modified_gmt":"2024-06-12T15:58:44","slug":"dragon-ball-broly-vs-vegeta-14-resin-statue-von-revenge-studio","status":"publish","type":"product","link":"https:\/\/store.handsomecake.com\/en\/product\/dragon-ball-broly-vs-vegeta-14-resin-statue-von-revenge-studio\/","title":{"rendered":"Dragon Ball &#8211; Broly vs. Vegeta | 1:4 Resin Statue | von Revenge Studio"},"content":{"rendered":"<p>Dragon Ball &#8211; Broly vs. Vegeta | 1:4 Resin Statue | von Revenge Studio<\/p>\n<p>EU Taxfree! I do ship EU-wide, please contact me, should questions arise.<\/p>\n<p><span style=\"color: #ffffff;\"><em><span style=\"background-color: #2c3e50;\">&#8222;If you&#8217;d just let me kill you all before, you wouldn&#8217;t be dealing with this pain now. You&#8217;re all complete and utter wastes of Saiyan blood!&#8220;<\/span><\/em><\/span><\/p>\n<p>Tolle Statue des Kampfes von Broly vs. Vegeta<br \/>\nWunderbar verarbeitete und sehr detaillierte Broly und Vegeta Statue aus Polystone &#8211; k\u00fcnstlichem Stein-Harz-Gemisch.<\/p>\n<p><strong>Besonderheiten:<\/strong><\/p>\n<ul>\n<li>mit LED<\/li>\n<li>2 austauschbare Broly B\u00fcsten (ca.H54cm xW71cm x D25cm)<\/li>\n<li>2 austauschbare Vegeta B\u00fcsten (ca.H38cm x W25cm x D22cm)<\/li>\n<li>extra 2 Shamoians<\/li>\n<\/ul>\n<p><strong>Release-Status:<\/strong><\/p>\n<ul>\n<li>Pre order. Release ca. Q2 2024 erwartet, bei uns im Lager voraussichtlich Ende August 2024.<\/li>\n<\/ul>\n<p>Wie immer bei meinen Artikeln &#8211; s\u00e4mtliche Geb\u00fchren sind, im Gegensatz zu anderen Angeboten, bereits inkludiert. Versand erfolgt ausschlie\u00dflich aus Deutschland, es fallen keine Zoll- und Importgeb\u00fchren an. Ihr kauft keine Katze im Sack \ud83d\ude42<\/p>\n<p><strong>Ma\u00dfe der Statue:<\/strong><\/p>\n<ul>\n<li>Gr\u00f6\u00dfe: ca. H80cm x W71cm x D60cm<\/li>\n<li>Gewicht: TBA, gesch\u00e4tzt 65kg<\/li>\n<\/ul>\n<p>You are not prepared! \ud83d\ude42<\/p>","protected":false},"excerpt":{"rendered":"<p>Dragon Ball &#8211; Broly vs. Vegeta | 1:4 Resin Statue | von Revenge Studio EU Taxfree! I do ship EU-wide, please contact me, should questions arise. &#8222;If you&#8217;d just let me kill you all before, you wouldn&#8217;t be dealing with this pain now. You&#8217;re all complete and utter wastes of Saiyan blood!&#8220; Tolle Statue des [&hellip;]<\/p>\n","protected":false},"featured_media":23464,"comment_status":"closed","ping_status":"closed","template":"","meta":[],"product_brand":[],"product_cat":[24,87,568,84],"product_tag":[612,664,666,794,662,640,658,688,685,687,686,2742,147,251,682,683,190,191,97,795,154,136,137,379,381,665,380,382,718,96],"class_list":{"0":"post-23463","1":"product","2":"type-product","3":"status-publish","4":"has-post-thumbnail","6":"product_cat-action-figuren","7":"product_cat-dragon-ball","8":"product_cat-preorder","9":"product_cat-statuen-anime-comic-universum","10":"product_tag-anime","11":"product_tag-anime-figuren-one-piece","12":"product_tag-anime-figuren-shop","13":"product_tag-anime-statue","14":"product_tag-anime-statue-shop","15":"product_tag-anime-statuen","16":"product_tag-anime-toys","17":"product_tag-broly","18":"product_tag-broly-collectible","19":"product_tag-broly-figure","20":"product_tag-broly-statue","21":"product_tag-broly-vs-vegeta","22":"product_tag-collectibles","23":"product_tag-collectibles-kaufen","24":"product_tag-dragon-ball-broly","25":"product_tag-dragon-ball-broly-collectible","26":"product_tag-dragon-ball-collectibles","27":"product_tag-dragon-ball-resin","28":"product_tag-dragon-ball-statue","29":"product_tag-handsomecake","30":"product_tag-resin-collectibles","31":"product_tag-resin-statuen","32":"product_tag-resin-statuen-kaufen","33":"product_tag-statue-collectible","34":"product_tag-statue-collectibles","35":"product_tag-statuen-shop","36":"product_tag-statues-collectible","37":"product_tag-statues-collectibles","38":"product_tag-toys","39":"product_tag-vegeta","40":"pa_brand-revenge-studio","41":"pa_scale-1_to_4","43":"first","44":"instock","45":"taxable","46":"shipping-taxable","47":"product-type-simple"},"_links":{"self":[{"href":"https:\/\/store.handsomecake.com\/en\/wp-json\/wp\/v2\/product\/23463","targetHints":{"allow":["GET"]}}],"collection":[{"href":"https:\/\/store.handsomecake.com\/en\/wp-json\/wp\/v2\/product"}],"about":[{"href":"https:\/\/store.handsomecake.com\/en\/wp-json\/wp\/v2\/types\/product"}],"replies":[{"embeddable":true,"href":"https:\/\/store.handsomecake.com\/en\/wp-json\/wp\/v2\/comments?post=23463"}],"wp:featuredmedia":[{"embeddable":true,"href":"https:\/\/store.handsomecake.com\/en\/wp-json\/wp\/v2\/media\/23464"}],"wp:attachment":[{"href":"https:\/\/store.handsomecake.com\/en\/wp-json\/wp\/v2\/media?parent=23463"}],"wp:term":[{"taxonomy":"product_brand","embeddable":true,"href":"https:\/\/store.handsomecake.com\/en\/wp-json\/wp\/v2\/product_brand?post=23463"},{"taxonomy":"product_cat","embeddable":true,"href":"https:\/\/store.handsomecake.com\/en\/wp-json\/wp\/v2\/product_cat?post=23463"},{"taxonomy":"product_tag","embeddable":true,"href":"https:\/\/store.handsomecake.com\/en\/wp-json\/wp\/v2\/product_tag?post=23463"}],"curies":[{"name":"wp","href":"https:\/\/api.w.org\/{rel}","templated":true}]}}