{"id":23450,"date":"2023-07-11T23:58:05","date_gmt":"2023-07-11T23:58:05","guid":{"rendered":"https:\/\/store.handsomecake.com\/product\/final-fantasy-auron-14-resin-statue-von-solar-studio\/"},"modified":"2025-04-09T00:07:26","modified_gmt":"2025-04-09T00:07:26","slug":"final-fantasy-auron-14-resin-statue-von-solar-studio","status":"publish","type":"product","link":"https:\/\/store.handsomecake.com\/en\/product\/final-fantasy-auron-14-resin-statue-von-solar-studio\/","title":{"rendered":"Final Fantasy &#8211; Auron | 1:4 Resin Statue | von Solar Studio"},"content":{"rendered":"<p>Final Fantasy &#8211; Auron | 1:4 Resin Statue | von Solar Studio<\/p>\n<p>EU Taxfree! I do ship EU-wide, please contact me, should questions arise.<\/p>\n<p><span style=\"color: #ffffff;\"><em><span style=\"background-color: #2c3e50;\">&#8220; Only a jackass can change the world. &#8222;<\/span><\/em><\/span><\/p>\n<p>Tolle Statuen von dem legend\u00e4ren Leibgarde.<br \/>\nWunderbar verarbeitete und sehr detaillierte Auron aus Polystone &#8211; k\u00fcnstlichem Stein-Harz-Gemisch.<\/p>\n<p><strong>Besonderheiten:<\/strong><\/p>\n<ul>\n<li>weltweit 99 St\u00fcck<\/li>\n<\/ul>\n<p><strong>Release-Status:<\/strong><\/p>\n<ul>\n<li>Lagernd vor Ort. Versandfertig in ca. 5 Werktagen.<\/li>\n<\/ul>\n<p>Wie immer bei meinen Aktionen &#8211; s\u00e4mtliche Geb\u00fchren sind, im Gegensatz zu anderen Angeboten, bereits inkludiert. Versand erfolgt ausschlie\u00dflich aus Deutschland, es fallen keine Zoll- und Importgeb\u00fchren an. Ihr kauft keine Katze im Sack \ud83d\ude42<\/p>\n<p><strong>Ma\u00dfe der Statue:<\/strong><\/p>\n<ul>\n<li>Gr\u00f6\u00dfe: H52.44cm x 27.1cm x cm<\/li>\n<li>Gewicht : TBA, gesch\u00e4tzt: ca. 12kg<\/li>\n<\/ul>\n<p>You are not prepared! \ud83d\ude42<\/p>","protected":false},"excerpt":{"rendered":"<p>Final Fantasy &#8211; Auron | 1:4 Resin Statue | von Solar Studio EU Taxfree! I do ship EU-wide, please contact me, should questions arise. &#8220; Only a jackass can change the world. &#8222; Tolle Statuen von dem legend\u00e4ren Leibgarde. Wunderbar verarbeitete und sehr detaillierte Auron aus Polystone &#8211; k\u00fcnstlichem Stein-Harz-Gemisch. Besonderheiten: weltweit 99 St\u00fcck Release-Status: [&hellip;]<\/p>\n","protected":false},"featured_media":23451,"comment_status":"closed","ping_status":"closed","template":"","meta":[],"product_brand":[],"product_cat":[197,826,81],"product_tag":[640,2738,2739,2740,2741,147,251,198,2735,2736,2737,199,200,1147,154,255,136,137,379,381,552,380,382,547],"class_list":{"0":"post-23450","1":"product","2":"type-product","3":"status-publish","4":"has-post-thumbnail","6":"product_cat-final-fantasy","7":"product_cat-lagernd-vor-ort","8":"product_cat-statuen-computerspieluniversum","9":"product_tag-anime-statuen","10":"product_tag-auron","11":"product_tag-auron-collectible","12":"product_tag-auron-figurine","13":"product_tag-auron-statue","14":"product_tag-collectibles","15":"product_tag-collectibles-kaufen","16":"product_tag-final-fantasy","17":"product_tag-final-fantasy-auron","18":"product_tag-final-fantasy-auron-collectible","19":"product_tag-final-fantasy-auron-statue","20":"product_tag-final-fantasy-collectibles","21":"product_tag-final-fantasy-statuen","22":"product_tag-final-fantasy-x","23":"product_tag-resin-collectibles","24":"product_tag-resin-collectibles-kaufen","25":"product_tag-resin-statuen","26":"product_tag-resin-statuen-kaufen","27":"product_tag-statue-collectible","28":"product_tag-statue-collectibles","29":"product_tag-statue-collector","30":"product_tag-statues-collectible","31":"product_tag-statues-collectibles","32":"product_tag-statues-collector","33":"pa_brand-solar-eclipse-studio","34":"pa_scale-1_to_4","36":"first","37":"instock","38":"taxable","39":"shipping-taxable","40":"product-type-simple"},"_links":{"self":[{"href":"https:\/\/store.handsomecake.com\/en\/wp-json\/wp\/v2\/product\/23450","targetHints":{"allow":["GET"]}}],"collection":[{"href":"https:\/\/store.handsomecake.com\/en\/wp-json\/wp\/v2\/product"}],"about":[{"href":"https:\/\/store.handsomecake.com\/en\/wp-json\/wp\/v2\/types\/product"}],"replies":[{"embeddable":true,"href":"https:\/\/store.handsomecake.com\/en\/wp-json\/wp\/v2\/comments?post=23450"}],"wp:featuredmedia":[{"embeddable":true,"href":"https:\/\/store.handsomecake.com\/en\/wp-json\/wp\/v2\/media\/23451"}],"wp:attachment":[{"href":"https:\/\/store.handsomecake.com\/en\/wp-json\/wp\/v2\/media?parent=23450"}],"wp:term":[{"taxonomy":"product_brand","embeddable":true,"href":"https:\/\/store.handsomecake.com\/en\/wp-json\/wp\/v2\/product_brand?post=23450"},{"taxonomy":"product_cat","embeddable":true,"href":"https:\/\/store.handsomecake.com\/en\/wp-json\/wp\/v2\/product_cat?post=23450"},{"taxonomy":"product_tag","embeddable":true,"href":"https:\/\/store.handsomecake.com\/en\/wp-json\/wp\/v2\/product_tag?post=23450"}],"curies":[{"name":"wp","href":"https:\/\/api.w.org\/{rel}","templated":true}]}}