{"id":23371,"date":"2023-07-06T22:20:59","date_gmt":"2023-07-06T22:20:59","guid":{"rendered":"https:\/\/store.handsomecake.com\/product\/diablo-ii-amazon-14-resin-statue-von-dtalon-studio\/"},"modified":"2024-06-12T15:58:24","modified_gmt":"2024-06-12T15:58:24","slug":"diablo-ii-amazon-14-resin-statue-von-dtalon-studio","status":"publish","type":"product","link":"https:\/\/store.handsomecake.com\/en\/product\/diablo-ii-amazon-14-resin-statue-von-dtalon-studio\/","title":{"rendered":"Diablo II &#8211; Amazon | 1:4 Resin Statue | von Dtalon Studio"},"content":{"rendered":"<p><strong>Diablo II &#8211; Amazon | 1:4 Resin Statue | von Dtalon Studio<\/strong><\/p>\n<p>EU Taxfree! I do ship EU-wide, please contact me, should questions arise.<\/p>\n<p><span style=\"color: #ffffff;\"><em><span style=\"background-color: #2c3e50;\">&#8220; A master of the javelin and bow, the Amazon reacts to combat situations with superhuman agility. She relies on magic prowess to enhance her significant martial abilities. &#8222;<\/span><\/em><\/span><\/p>\n<p>Wunderbar verarbeitete und sehr detaillierte Statue einer m\u00e4chtigen Kriegerin der Askar aus Polystone &#8211; k\u00fcnstlichem Stein-Harz-Gemisch.<\/p>\n<p><strong>Besonderheiten:<\/strong><\/p>\n<ul>\n<li>weltweit auf 168 St\u00fcck begrenzt<\/li>\n<li>mit LED<\/li>\n<li>mit austauschbarem K\u00f6rper<\/li>\n<\/ul>\n<p><strong>Release-Status:<\/strong><\/p>\n<ul>\n<li>Preorder. Statue wird voraussichtlich Q1 2024 released. Wir erwarten sie bei uns im Lager gegen Ende Mai 2024.<\/li>\n<\/ul>\n<p>Wie immer bei meinen Artikeln &#8211; s\u00e4mtliche Geb\u00fchren sind, im Gegensatz zu anderen Angeboten, bereits inkludiert. Versand erfolgt ausschlie\u00dflich aus Deutschland, es fallen keine Zoll- und Importgeb\u00fchren an. Ihr kauft keine Katze im Sack \ud83d\ude42<\/p>\n<p><strong>Ma\u00dfe der Statue:<\/strong><\/p>\n<ul>\n<li>Gr\u00f6\u00dfe: H57cm x 25cm x D29cm<\/li>\n<li>Gewicht: TBA, gesch\u00e4tzt: ca. 12 kg<\/li>\n<\/ul>\n<p>You are not prepared! \ud83d\ude42<\/p>","protected":false},"excerpt":{"rendered":"<p>Diablo II &#8211; Amazon | 1:4 Resin Statue | von Dtalon Studio EU Taxfree! I do ship EU-wide, please contact me, should questions arise. &#8220; A master of the javelin and bow, the Amazon reacts to combat situations with superhuman agility. She relies on magic prowess to enhance her significant martial abilities. &#8222; Wunderbar verarbeitete [&hellip;]<\/p>\n","protected":false},"featured_media":23408,"comment_status":"closed","ping_status":"closed","template":"","meta":[],"product_brand":[],"product_cat":[24,315,568,81],"product_tag":[2725,2724,147,251,317,2723,2727,2726,318,320,322,324,319,321,323,154,136,137],"class_list":{"0":"post-23371","1":"product","2":"type-product","3":"status-publish","4":"has-post-thumbnail","6":"product_cat-action-figuren","7":"product_cat-diablo","8":"product_cat-preorder","9":"product_cat-statuen-computerspieluniversum","10":"product_tag-amazon","11":"product_tag-amazon-diablo","12":"product_tag-collectibles","13":"product_tag-collectibles-kaufen","14":"product_tag-diablo","15":"product_tag-diablo-2","16":"product_tag-diablo-2-amazon","17":"product_tag-diablo-amazon","18":"product_tag-diablo-collectibles","19":"product_tag-diablo-collectibles-kaufen","20":"product_tag-diablo-imperius","21":"product_tag-diablo-imperius-statue","22":"product_tag-diablo-statuen","23":"product_tag-diablo-statuen-kaufen","24":"product_tag-imperius-collectible","25":"product_tag-resin-collectibles","26":"product_tag-resin-statuen","27":"product_tag-resin-statuen-kaufen","28":"pa_brand-dtalon-studio","29":"pa_scale-1_to_4","31":"first","32":"instock","33":"taxable","34":"shipping-taxable","35":"product-type-simple"},"_links":{"self":[{"href":"https:\/\/store.handsomecake.com\/en\/wp-json\/wp\/v2\/product\/23371","targetHints":{"allow":["GET"]}}],"collection":[{"href":"https:\/\/store.handsomecake.com\/en\/wp-json\/wp\/v2\/product"}],"about":[{"href":"https:\/\/store.handsomecake.com\/en\/wp-json\/wp\/v2\/types\/product"}],"replies":[{"embeddable":true,"href":"https:\/\/store.handsomecake.com\/en\/wp-json\/wp\/v2\/comments?post=23371"}],"wp:featuredmedia":[{"embeddable":true,"href":"https:\/\/store.handsomecake.com\/en\/wp-json\/wp\/v2\/media\/23408"}],"wp:attachment":[{"href":"https:\/\/store.handsomecake.com\/en\/wp-json\/wp\/v2\/media?parent=23371"}],"wp:term":[{"taxonomy":"product_brand","embeddable":true,"href":"https:\/\/store.handsomecake.com\/en\/wp-json\/wp\/v2\/product_brand?post=23371"},{"taxonomy":"product_cat","embeddable":true,"href":"https:\/\/store.handsomecake.com\/en\/wp-json\/wp\/v2\/product_cat?post=23371"},{"taxonomy":"product_tag","embeddable":true,"href":"https:\/\/store.handsomecake.com\/en\/wp-json\/wp\/v2\/product_tag?post=23371"}],"curies":[{"name":"wp","href":"https:\/\/api.w.org\/{rel}","templated":true}]}}