{"id":23353,"date":"2023-07-06T22:06:34","date_gmt":"2023-07-06T22:06:34","guid":{"rendered":"https:\/\/store.handsomecake.com\/product\/dragon-ball-ultra-instinct-son-goku-great-ape-16-resin-statue-von-hunter-studio\/"},"modified":"2025-04-09T00:27:49","modified_gmt":"2025-04-09T00:27:49","slug":"dragon-ball-ultra-instinct-son-goku-great-ape-16-resin-statue-von-hunter-studio","status":"publish","type":"product","link":"https:\/\/store.handsomecake.com\/en\/product\/dragon-ball-ultra-instinct-son-goku-great-ape-16-resin-statue-von-hunter-studio\/","title":{"rendered":"Dragon Ball &#8211; Ultra Instinct Son Goku Great Ape | 1:6 Resin Statue | von Hunter Studio"},"content":{"rendered":"<p><strong>Dragon Ball &#8211; Ultra Instinct Son Goku Great Ape | 1:6 Resin Statue | von Hunter Studio<\/strong><\/p>\n<p>EU Taxfree! I do ship EU-wide, please contact me, should questions arise.<\/p>\n<p><span style=\"color: #ffffff;\"><em><span style=\"background-color: #2c3e50;\">\u00a0&#8220;\u00a0 Even A Low-Class Warrior Can Surpass An Elite, With Enough Hard Work.\u00a0 &#8220;\u00a0 <\/span><\/em><\/span><\/p>\n<p>Tolle Statue von Gokus Verwandlung in \u014czaru<br \/>\nWunderbar verarbeitete und sehr detaillierte Statue von Son Goku aus Polystone &#8211; k\u00fcnstlichem Stein-Harz-Gemisch.<\/p>\n<p><strong>Besonderheiten:<\/strong><\/p>\n<ul>\n<li>mit LED<\/li>\n<li>weltweit nur 168 St\u00fcck<\/li>\n<\/ul>\n<p><strong>Release-Status:<\/strong><\/p>\n<ul>\n<li>Preorder. Release ca. Q2 2024 erwartet, bei uns im Lager voraussichtlich Ende August 2024.<\/li>\n<\/ul>\n<p>Wie immer bei meinen Artikeln &#8211; s\u00e4mtliche Geb\u00fchren sind, im Gegensatz zu anderen Angeboten, bereits inkludiert. Versand erfolgt ausschlie\u00dflich aus Deutschland, es fallen keine Zoll- und Importgeb\u00fchren an. Ihr kauft keine Katze im Sack \ud83d\ude42<\/p>\n<p><strong>Ma\u00dfe der Statue:<\/strong><\/p>\n<ul>\n<li>Gr\u00f6\u00dfe: ca. 41cm x 50cm x 65cm<\/li>\n<li>Gewicht: TBA, ca.14kg (gesch\u00e4tzt)<\/li>\n<\/ul>\n<p>You are not prepared! \ud83d\ude42<\/p>","protected":false},"excerpt":{"rendered":"<p>Dragon Ball &#8211; Ultra Instinct Son Goku Great Ape | 1:6 Resin Statue | von Hunter Studio EU Taxfree! I do ship EU-wide, please contact me, should questions arise. \u00a0&#8220;\u00a0 Even A Low-Class Warrior Can Surpass An Elite, With Enough Hard Work.\u00a0 &#8220;\u00a0 Tolle Statue von Gokus Verwandlung in \u014czaru Wunderbar verarbeitete und sehr detaillierte [&hellip;]<\/p>\n","protected":false},"featured_media":23354,"comment_status":"closed","ping_status":"closed","template":"","meta":[],"product_brand":[],"product_cat":[24,87,568,84],"product_tag":[147,251,190,2252,191,171,346,97,2223,154,136,137,1273,472,379,381,380,382],"class_list":{"0":"post-23353","1":"product","2":"type-product","3":"status-publish","4":"has-post-thumbnail","6":"product_cat-action-figuren","7":"product_cat-dragon-ball","8":"product_cat-preorder","9":"product_cat-statuen-anime-comic-universum","10":"product_tag-collectibles","11":"product_tag-collectibles-kaufen","12":"product_tag-dragon-ball-collectibles","13":"product_tag-dragon-ball-goku","14":"product_tag-dragon-ball-resin","15":"product_tag-dragon-ball-son-goku","16":"product_tag-dragon-ball-son-goku-collectible","17":"product_tag-dragon-ball-statue","18":"product_tag-dragon-ball-z-goku","19":"product_tag-resin-collectibles","20":"product_tag-resin-statuen","21":"product_tag-resin-statuen-kaufen","22":"product_tag-resincollectors","23":"product_tag-son-goku-statue","24":"product_tag-statue-collectible","25":"product_tag-statue-collectibles","26":"product_tag-statues-collectible","27":"product_tag-statues-collectibles","28":"pa_brand-hunter-studio","29":"pa_scale-1_to_6","31":"first","32":"instock","33":"taxable","34":"shipping-taxable","35":"product-type-simple"},"_links":{"self":[{"href":"https:\/\/store.handsomecake.com\/en\/wp-json\/wp\/v2\/product\/23353","targetHints":{"allow":["GET"]}}],"collection":[{"href":"https:\/\/store.handsomecake.com\/en\/wp-json\/wp\/v2\/product"}],"about":[{"href":"https:\/\/store.handsomecake.com\/en\/wp-json\/wp\/v2\/types\/product"}],"replies":[{"embeddable":true,"href":"https:\/\/store.handsomecake.com\/en\/wp-json\/wp\/v2\/comments?post=23353"}],"wp:featuredmedia":[{"embeddable":true,"href":"https:\/\/store.handsomecake.com\/en\/wp-json\/wp\/v2\/media\/23354"}],"wp:attachment":[{"href":"https:\/\/store.handsomecake.com\/en\/wp-json\/wp\/v2\/media?parent=23353"}],"wp:term":[{"taxonomy":"product_brand","embeddable":true,"href":"https:\/\/store.handsomecake.com\/en\/wp-json\/wp\/v2\/product_brand?post=23353"},{"taxonomy":"product_cat","embeddable":true,"href":"https:\/\/store.handsomecake.com\/en\/wp-json\/wp\/v2\/product_cat?post=23353"},{"taxonomy":"product_tag","embeddable":true,"href":"https:\/\/store.handsomecake.com\/en\/wp-json\/wp\/v2\/product_tag?post=23353"}],"curies":[{"name":"wp","href":"https:\/\/api.w.org\/{rel}","templated":true}]}}