{"id":23306,"date":"2023-07-04T20:57:07","date_gmt":"2023-07-04T20:57:07","guid":{"rendered":"https:\/\/store.handsomecake.com\/product\/dragon-ball-son-goku-kakarotto-migatte-no-gokui-16-resin-statue-von-waigua-bear-studio\/"},"modified":"2025-02-18T18:01:02","modified_gmt":"2025-02-18T18:01:02","slug":"dragon-ball-son-goku-kakarotto-migatte-no-gokui-16-resin-statue-von-waigua-bear-studio","status":"publish","type":"product","link":"https:\/\/store.handsomecake.com\/en\/product\/dragon-ball-son-goku-kakarotto-migatte-no-gokui-16-resin-statue-von-waigua-bear-studio\/","title":{"rendered":"Dragon Ball &#8211; Son Goku (Kakarotto Migatte no Gokui) | 1:6 Resin Statue | von Waigua Bear Studio"},"content":{"rendered":"<p><strong>Dragon Ball &#8211; Son Goku (Kakarotto Migatte no Gokui) | 1:6 Resin Statue | von Waigua Bear Studio<\/strong><\/p>\n<p>I do ship EU-wide, please contact me, should questions arise.<\/p>\n<p>Tolle Statue von unserem geliebten Sayajin<br \/>\nWunderbar verarbeitete und sehr detaillierte Son Goku (Kakarotto Migatte no Gokui) Statue aus Polystone &#8211; k\u00fcnstlichem Stein-Harz-Gemisch.<\/p>\n<p><strong>Besonderheiten:<\/strong><\/p>\n<ul>\n<li>nur 168 St\u00fcck weltweit<\/li>\n<li>mit LED<\/li>\n<\/ul>\n<p><strong>Release-Status:<\/strong><\/p>\n<ul>\n<li>Preorder. Statue wird sch\u00e4tzungsweise Q3 2024 fertiggestellt und wir erwarten sie bei uns im Lager gegen Ende Oktober 2024.<\/li>\n<\/ul>\n<p>Wie immer bei meinen Aktionen &#8211; s\u00e4mtliche Geb\u00fchren sind, im Gegensatz zu anderen Angeboten, bereits inkludiert. Versand erfolgt ausschlie\u00dflich aus Deutschland, es fallen keine Zoll- und Importgeb\u00fchren an. Ihr kauft keine Katze im Sack \ud83d\ude42<\/p>\n<p><strong>Ma\u00dfe der Statue:<\/strong><\/p>\n<ul>\n<li>Gr\u00f6\u00dfe: ca. H48cm x W31.3cm x D25.8cm<\/li>\n<li>Gewicht: TBA, gesch\u00e4tzt ca.11kg<\/li>\n<\/ul>\n<p>You are not prepared! \ud83d\ude42<\/p>","protected":false},"excerpt":{"rendered":"<p>Dragon Ball &#8211; Son Goku (Kakarotto Migatte no Gokui) | 1:6 Resin Statue | von Waigua Bear Studio I do ship EU-wide, please contact me, should questions arise. Tolle Statue von unserem geliebten Sayajin Wunderbar verarbeitete und sehr detaillierte Son Goku (Kakarotto Migatte no Gokui) Statue aus Polystone &#8211; k\u00fcnstlichem Stein-Harz-Gemisch. Besonderheiten: nur 168 St\u00fcck [&hellip;]<\/p>\n","protected":false},"featured_media":23324,"comment_status":"closed","ping_status":"closed","template":"","meta":[],"product_brand":[],"product_cat":[24,87,84,567],"product_tag":[147,251,190,2252,471,191,171,346,97,2223,469,470,154,136,137,1273,472,379,381,380,382],"class_list":{"0":"post-23306","1":"product","2":"type-product","3":"status-publish","4":"has-post-thumbnail","6":"product_cat-action-figuren","7":"product_cat-dragon-ball","8":"product_cat-statuen-anime-comic-universum","9":"product_cat-in_stock_warehouse_china","10":"product_tag-collectibles","11":"product_tag-collectibles-kaufen","12":"product_tag-dragon-ball-collectibles","13":"product_tag-dragon-ball-goku","14":"product_tag-dragon-ball-lifesize","15":"product_tag-dragon-ball-resin","16":"product_tag-dragon-ball-son-goku","17":"product_tag-dragon-ball-son-goku-collectible","18":"product_tag-dragon-ball-statue","19":"product_tag-dragon-ball-z-goku","20":"product_tag-lifesize-collectibles","21":"product_tag-lifesize-statuen","22":"product_tag-resin-collectibles","23":"product_tag-resin-statuen","24":"product_tag-resin-statuen-kaufen","25":"product_tag-resincollectors","26":"product_tag-son-goku-statue","27":"product_tag-statue-collectible","28":"product_tag-statue-collectibles","29":"product_tag-statues-collectible","30":"product_tag-statues-collectibles","31":"pa_brand-waigua-bear-studio","32":"pa_scale-1_to_6","34":"first","35":"outofstock","36":"taxable","37":"shipping-taxable","38":"product-type-simple"},"_links":{"self":[{"href":"https:\/\/store.handsomecake.com\/en\/wp-json\/wp\/v2\/product\/23306","targetHints":{"allow":["GET"]}}],"collection":[{"href":"https:\/\/store.handsomecake.com\/en\/wp-json\/wp\/v2\/product"}],"about":[{"href":"https:\/\/store.handsomecake.com\/en\/wp-json\/wp\/v2\/types\/product"}],"replies":[{"embeddable":true,"href":"https:\/\/store.handsomecake.com\/en\/wp-json\/wp\/v2\/comments?post=23306"}],"wp:featuredmedia":[{"embeddable":true,"href":"https:\/\/store.handsomecake.com\/en\/wp-json\/wp\/v2\/media\/23324"}],"wp:attachment":[{"href":"https:\/\/store.handsomecake.com\/en\/wp-json\/wp\/v2\/media?parent=23306"}],"wp:term":[{"taxonomy":"product_brand","embeddable":true,"href":"https:\/\/store.handsomecake.com\/en\/wp-json\/wp\/v2\/product_brand?post=23306"},{"taxonomy":"product_cat","embeddable":true,"href":"https:\/\/store.handsomecake.com\/en\/wp-json\/wp\/v2\/product_cat?post=23306"},{"taxonomy":"product_tag","embeddable":true,"href":"https:\/\/store.handsomecake.com\/en\/wp-json\/wp\/v2\/product_tag?post=23306"}],"curies":[{"name":"wp","href":"https:\/\/api.w.org\/{rel}","templated":true}]}}