{"id":23170,"date":"2023-06-27T23:24:03","date_gmt":"2023-06-27T23:24:03","guid":{"rendered":"https:\/\/store.handsomecake.com\/product\/final-fantasy-yuna-valefore-14-resin-statue-von-solar-studio\/"},"modified":"2025-07-09T01:36:48","modified_gmt":"2025-07-09T01:36:48","slug":"final-fantasy-yuna-valefore-14-resin-statue-von-solar-studio","status":"publish","type":"product","link":"https:\/\/store.handsomecake.com\/en\/product\/final-fantasy-yuna-valefore-14-resin-statue-von-solar-studio\/","title":{"rendered":"Final Fantasy &#8211; Yuna &amp; Valefore | 1:4 Resin Statue | von Solar Studio"},"content":{"rendered":"<p><strong>Final Fantasy &#8211; Yuna &amp; Valefore | 1:4 Resin Statue | von Solar Studio<\/strong><\/p>\n<p>EU Taxfree! I do ship EU-wide, please contact me, should questions arise.<\/p>\n<p>Tolle Statue der Beschw\u00f6rungsmeisterin und der Liebe von Tidus<br \/>\nWunderbar verarbeitete und sehr detaillierte Yuna Statue aus Polystone &#8211; k\u00fcnstlichem Stein-Harz-Gemisch.<\/p>\n<p><strong>Besonderheiten:<\/strong><\/p>\n<ul>\n<li>Yuna Statue auch separat verf\u00fcgbar<\/li>\n<li>Glasaugen (Yuna)<\/li>\n<li>Halskette aus Metall<\/li>\n<li>Blumenmuster des G\u00fcrtels wird vollst\u00e4ndig von Hand bemalt<\/li>\n<li>Blumenmuster des Kleides wird vollst\u00e4ndig von Hand bemalt<\/li>\n<li>Nirvana Celestial -Waffe wird hinzugef\u00fcgt<\/li>\n<\/ul>\n<p><strong>Release-Status:<\/strong><\/p>\n<ul>\n<li>PreOrder. Statue wird voraussichtlich Ende Q2 2024 released und wir erwarten sie bei uns sch\u00e4tzungsweise gegen Ende August 2024.<\/li>\n<\/ul>\n<p>Wie immer bei meinen Aktionen &#8211; s\u00e4mtliche Geb\u00fchren sind, im Gegensatz zu anderen Angeboten, bereits inkludiert. Versand erfolgt ausschlie\u00dflich aus Deutschland, es fallen keine Zoll- und Importgeb\u00fchren an. Ihr kauft keine Katze im Sack \ud83d\ude42<\/p>\n<p><strong>Ma\u00dfe der Statue:<\/strong><\/p>\n<ul>\n<li>Gr\u00f6\u00dfe (Yuna &amp; Valefore) : H63.8cm x 59cm x 62.8cm<\/li>\n<li>Gr\u00f6\u00dfe (Yuna) : H44.8cm x 34.3cm x 33.5cm<\/li>\n<li>Gewicht: TBA, gesch\u00e4tzt: ca. 16 kg<\/li>\n<\/ul>\n<p>You are not prepared! \ud83d\ude42<\/p>","protected":false},"excerpt":{"rendered":"<p>Final Fantasy &#8211; Yuna &amp; Valefore | 1:4 Resin Statue | von Solar Studio EU Taxfree! I do ship EU-wide, please contact me, should questions arise. Tolle Statue der Beschw\u00f6rungsmeisterin und der Liebe von Tidus Wunderbar verarbeitete und sehr detaillierte Yuna Statue aus Polystone &#8211; k\u00fcnstlichem Stein-Harz-Gemisch. Besonderheiten: Yuna Statue auch separat verf\u00fcgbar Glasaugen (Yuna) [&hellip;]<\/p>\n","protected":false},"featured_media":23174,"comment_status":"closed","ping_status":"closed","template":"","meta":[],"product_brand":[],"product_cat":[24,197,568,81],"product_tag":[640,147,251,198,201,199,200,694,698,697,154,255,136,137,379,381,552,380,382,547,257,258,693,699,696,695],"class_list":{"0":"post-23170","1":"product","2":"type-product","3":"status-publish","4":"has-post-thumbnail","6":"product_cat-action-figuren","7":"product_cat-final-fantasy","8":"product_cat-preorder","9":"product_cat-statuen-computerspieluniversum","10":"product_tag-anime-statuen","11":"product_tag-collectibles","12":"product_tag-collectibles-kaufen","13":"product_tag-final-fantasy","14":"product_tag-final-fantasy-7-remake","15":"product_tag-final-fantasy-collectibles","16":"product_tag-final-fantasy-statuen","17":"product_tag-final-fantasy-yuna","18":"product_tag-final-fantasy-yuna-collectible","19":"product_tag-final-fantasy-yuna-statue","20":"product_tag-resin-collectibles","21":"product_tag-resin-collectibles-kaufen","22":"product_tag-resin-statuen","23":"product_tag-resin-statuen-kaufen","24":"product_tag-statue-collectible","25":"product_tag-statue-collectibles","26":"product_tag-statue-collector","27":"product_tag-statues-collectible","28":"product_tag-statues-collectibles","29":"product_tag-statues-collector","30":"product_tag-tifa-lockhart","31":"product_tag-tifa-lockhart-collectible","32":"product_tag-yuna","33":"product_tag-yuna-collectible","34":"product_tag-yuna-figurine","35":"product_tag-yuna-statue","36":"pa_brand-solar-eclipse-studio","37":"pa_scale-1_to_4","39":"first","40":"instock","41":"taxable","42":"shipping-taxable","43":"product-type-variable"},"_links":{"self":[{"href":"https:\/\/store.handsomecake.com\/en\/wp-json\/wp\/v2\/product\/23170","targetHints":{"allow":["GET"]}}],"collection":[{"href":"https:\/\/store.handsomecake.com\/en\/wp-json\/wp\/v2\/product"}],"about":[{"href":"https:\/\/store.handsomecake.com\/en\/wp-json\/wp\/v2\/types\/product"}],"replies":[{"embeddable":true,"href":"https:\/\/store.handsomecake.com\/en\/wp-json\/wp\/v2\/comments?post=23170"}],"wp:featuredmedia":[{"embeddable":true,"href":"https:\/\/store.handsomecake.com\/en\/wp-json\/wp\/v2\/media\/23174"}],"wp:attachment":[{"href":"https:\/\/store.handsomecake.com\/en\/wp-json\/wp\/v2\/media?parent=23170"}],"wp:term":[{"taxonomy":"product_brand","embeddable":true,"href":"https:\/\/store.handsomecake.com\/en\/wp-json\/wp\/v2\/product_brand?post=23170"},{"taxonomy":"product_cat","embeddable":true,"href":"https:\/\/store.handsomecake.com\/en\/wp-json\/wp\/v2\/product_cat?post=23170"},{"taxonomy":"product_tag","embeddable":true,"href":"https:\/\/store.handsomecake.com\/en\/wp-json\/wp\/v2\/product_tag?post=23170"}],"curies":[{"name":"wp","href":"https:\/\/api.w.org\/{rel}","templated":true}]}}