{"id":23162,"date":"2023-06-27T23:13:20","date_gmt":"2023-06-27T23:13:20","guid":{"rendered":"https:\/\/store.handsomecake.com\/product\/pokemon-super-ancient-pokemon-16-resin-statue-von-ppap-studio\/"},"modified":"2025-06-26T04:31:57","modified_gmt":"2025-06-26T04:31:57","slug":"pokemon-super-ancient-pokemon-16-resin-statue-von-ppap-studio","status":"publish","type":"product","link":"https:\/\/store.handsomecake.com\/en\/product\/pokemon-super-ancient-pokemon-16-resin-statue-von-ppap-studio\/","title":{"rendered":"Pok\u00e9mon &#8211; Super-ancient Pok\u00e9mon | 1:6 Resin Statue | von PPAP Studio"},"content":{"rendered":"<p><strong>Pok\u00e9mon &#8211; Super-ancient Pok\u00e9mon | 1:6 Resin Statue | von PPAP Studio<\/strong><\/p>\n<p>I do ship EU-wide, please contact me, should questions arise.<\/p>\n<p>Tolle Statue von Groudon, Kyogre, and Rayquaza<br \/>\nWunderbar verarbeitete und sehr detaillierte Super-ancient Pok\u00e9mon Statue aus Polystone &#8211; k\u00fcnstlichem Stein-Harz-Gemisch.<\/p>\n<p><strong>Besonderheiten:<\/strong><\/p>\n<ul>\n<li>166 St\u00fcck weltweit<\/li>\n<\/ul>\n<p><strong>Release-Status:<\/strong><\/p>\n<ul>\n<li>Preorder. Statue wird sch\u00e4tzungsweise am Ende Q1 2024 fertiggestellt und wir erwarten sie bei uns im Lager gegen Ende Mai 2024.<\/li>\n<\/ul>\n<p>Wie immer bei meinen Aktionen &#8211; s\u00e4mtliche Geb\u00fchren sind, im Gegensatz zu anderen Angeboten, bereits inkludiert. Versand erfolgt ausschlie\u00dflich aus Deutschland, es fallen keine Zoll- und Importgeb\u00fchren an. Ihr kauft keine Katze im Sack \ud83d\ude42<\/p>\n<p><strong>Ma\u00dfe der Statue:<\/strong><\/p>\n<ul>\n<li>Gr\u00f6\u00dfe: ca. H36cm x W37cm x D34cm<\/li>\n<li>Gewicht: TBA, gesch\u00e4tzt: ca. 8kg<\/li>\n<\/ul>\n<p>You are not prepared! \ud83d\ude42<\/p>","protected":false},"excerpt":{"rendered":"<p>Pok\u00e9mon &#8211; Super-ancient Pok\u00e9mon | 1:6 Resin Statue | von PPAP Studio I do ship EU-wide, please contact me, should questions arise. Tolle Statue von Groudon, Kyogre, and Rayquaza Wunderbar verarbeitete und sehr detaillierte Super-ancient Pok\u00e9mon Statue aus Polystone &#8211; k\u00fcnstlichem Stein-Harz-Gemisch. Besonderheiten: 166 St\u00fcck weltweit Release-Status: Preorder. Statue wird sch\u00e4tzungsweise am Ende Q1 2024 [&hellip;]<\/p>\n","protected":false},"featured_media":23169,"comment_status":"closed","ping_status":"closed","template":"","meta":[],"product_brand":[],"product_cat":[24,125,568,84],"product_tag":[147,251,2715,1957,1959,1958,211,213,212,2716,154,136,137],"class_list":{"0":"post-23162","1":"product","2":"type-product","3":"status-publish","4":"has-post-thumbnail","6":"product_cat-action-figuren","7":"product_cat-pokemon","8":"product_cat-preorder","9":"product_cat-statuen-anime-comic-universum","10":"product_tag-collectibles","11":"product_tag-collectibles-kaufen","12":"product_tag-groudon","13":"product_tag-kyogre","14":"product_tag-kyogre-pokemon","15":"product_tag-kyogre-statue","16":"product_tag-pokemon","17":"product_tag-pokemon-collectibles","18":"product_tag-pokemon-statuen","19":"product_tag-rayquaza","20":"product_tag-resin-collectibles","21":"product_tag-resin-statuen","22":"product_tag-resin-statuen-kaufen","23":"pa_brand-ppap","24":"pa_scale-1_to_6","26":"first","27":"outofstock","28":"taxable","29":"shipping-taxable","30":"product-type-simple"},"_links":{"self":[{"href":"https:\/\/store.handsomecake.com\/en\/wp-json\/wp\/v2\/product\/23162","targetHints":{"allow":["GET"]}}],"collection":[{"href":"https:\/\/store.handsomecake.com\/en\/wp-json\/wp\/v2\/product"}],"about":[{"href":"https:\/\/store.handsomecake.com\/en\/wp-json\/wp\/v2\/types\/product"}],"replies":[{"embeddable":true,"href":"https:\/\/store.handsomecake.com\/en\/wp-json\/wp\/v2\/comments?post=23162"}],"wp:featuredmedia":[{"embeddable":true,"href":"https:\/\/store.handsomecake.com\/en\/wp-json\/wp\/v2\/media\/23169"}],"wp:attachment":[{"href":"https:\/\/store.handsomecake.com\/en\/wp-json\/wp\/v2\/media?parent=23162"}],"wp:term":[{"taxonomy":"product_brand","embeddable":true,"href":"https:\/\/store.handsomecake.com\/en\/wp-json\/wp\/v2\/product_brand?post=23162"},{"taxonomy":"product_cat","embeddable":true,"href":"https:\/\/store.handsomecake.com\/en\/wp-json\/wp\/v2\/product_cat?post=23162"},{"taxonomy":"product_tag","embeddable":true,"href":"https:\/\/store.handsomecake.com\/en\/wp-json\/wp\/v2\/product_tag?post=23162"}],"curies":[{"name":"wp","href":"https:\/\/api.w.org\/{rel}","templated":true}]}}