{"id":23144,"date":"2023-06-27T22:56:10","date_gmt":"2023-06-27T22:56:10","guid":{"rendered":"https:\/\/store.handsomecake.com\/product\/attack-on-titan-eren-jaeger-13-resin-statue-von-panda-studio\/"},"modified":"2024-06-12T15:57:33","modified_gmt":"2024-06-12T15:57:33","slug":"attack-on-titan-eren-jaeger-13-resin-statue-von-panda-studio","status":"publish","type":"product","link":"https:\/\/store.handsomecake.com\/en\/product\/attack-on-titan-eren-jaeger-13-resin-statue-von-panda-studio\/","title":{"rendered":"Attack on Titan &#8211; Eren Jaeger | 1:3 Resin Statue | von Panda Studio"},"content":{"rendered":"<p><strong>Attack on Titan &#8211; Eren Jaeger | 1:3 Resin Statue | von Panda Studio<\/strong><\/p>\n<p>I do ship EU-wide, please contact me, should questions arise.<\/p>\n<p><span style=\"color: #ffffff;\"><em><span style=\"background-color: #2c3e50;\">&#8220;\u00a0 If people knew it would come to this, nobody would go to war. But most people are pushed by something, forced to march into hell. That &#8217;something&#8216; wasn&#8217;t their choice. Their situation or others made them do it. &#8222;<\/span><\/em><\/span><\/p>\n<p>Tolle Statue von unserem geliebten Titanenwandler<br \/>\nWunderbar verarbeitete und sehr detaillierte Eren Jaeger Statue aus Polystone &#8211; k\u00fcnstlichem Stein-Harz-Gemisch.<\/p>\n<p><strong>Besonderheiten<\/strong>:<\/p>\n<ul>\n<li>weltweit auf nur 50 St\u00fcck begrenzt<\/li>\n<\/ul>\n<p><strong>Release-Status:<\/strong><\/p>\n<ul>\n<li>Preorder. Statue wird sch\u00e4tzungsweise Ende Q1 2024 fertiggestellt und wir erwarten sie bei uns im Lager gegen Ende Mai 2024.<\/li>\n<\/ul>\n<p>Wie immer bei meinen Aktionen &#8211; s\u00e4mtliche Geb\u00fchren sind, im Gegensatz zu anderen Angeboten, bereits inkludiert. Versand erfolgt ausschlie\u00dflich aus Deutschland, es fallen keine Zoll- und Importgeb\u00fchren an. Ihr kauft keine Katze im Sack \ud83d\ude42<\/p>\n<p><strong>Ma\u00dfe der Statue:<\/strong><\/p>\n<ul>\n<li>Gr\u00f6\u00dfe: ca. H64.5cm x W47.1cm x D37.2cm<\/li>\n<li>Gewicht: TBA, gesch\u00e4tzt: ca. 14kg<\/li>\n<\/ul>\n<p>You are not prepared! \ud83d\ude42<\/p>\n<p>&nbsp;<\/p>","protected":false},"excerpt":{"rendered":"<p>Attack on Titan &#8211; Eren Jaeger | 1:3 Resin Statue | von Panda Studio I do ship EU-wide, please contact me, should questions arise. &#8220;\u00a0 If people knew it would come to this, nobody would go to war. But most people are pushed by something, forced to march into hell. That &#8217;something&#8216; wasn&#8217;t their choice. [&hellip;]<\/p>\n","protected":false},"featured_media":23145,"comment_status":"closed","ping_status":"closed","template":"","meta":[],"product_brand":[],"product_cat":[24,714,568,84],"product_tag":[612,656,659,666,708,1185,1186,1188,1008,709,1184,710,850,795,379,381,665,380,382,547],"class_list":{"0":"post-23144","1":"product","2":"type-product","3":"status-publish","4":"has-post-thumbnail","6":"product_cat-action-figuren","7":"product_cat-attack-on-titan","8":"product_cat-preorder","9":"product_cat-statuen-anime-comic-universum","10":"product_tag-anime","11":"product_tag-anime-collectibles","12":"product_tag-anime-figuren","13":"product_tag-anime-figuren-shop","14":"product_tag-anime-statuen-shop","15":"product_tag-aot-eren","16":"product_tag-aot-eren-jaeger","17":"product_tag-aot-figurine","18":"product_tag-aot-toys","19":"product_tag-attack-on-titan","20":"product_tag-attack-on-titan-eren","21":"product_tag-attack-on-titan-figure","22":"product_tag-eren-jaeger","23":"product_tag-handsomecake","24":"product_tag-statue-collectible","25":"product_tag-statue-collectibles","26":"product_tag-statuen-shop","27":"product_tag-statues-collectible","28":"product_tag-statues-collectibles","29":"product_tag-statues-collector","30":"pa_brand-panda-studio","31":"pa_scale-1_to_3","33":"first","34":"instock","35":"taxable","36":"shipping-taxable","37":"product-type-simple"},"_links":{"self":[{"href":"https:\/\/store.handsomecake.com\/en\/wp-json\/wp\/v2\/product\/23144","targetHints":{"allow":["GET"]}}],"collection":[{"href":"https:\/\/store.handsomecake.com\/en\/wp-json\/wp\/v2\/product"}],"about":[{"href":"https:\/\/store.handsomecake.com\/en\/wp-json\/wp\/v2\/types\/product"}],"replies":[{"embeddable":true,"href":"https:\/\/store.handsomecake.com\/en\/wp-json\/wp\/v2\/comments?post=23144"}],"wp:featuredmedia":[{"embeddable":true,"href":"https:\/\/store.handsomecake.com\/en\/wp-json\/wp\/v2\/media\/23145"}],"wp:attachment":[{"href":"https:\/\/store.handsomecake.com\/en\/wp-json\/wp\/v2\/media?parent=23144"}],"wp:term":[{"taxonomy":"product_brand","embeddable":true,"href":"https:\/\/store.handsomecake.com\/en\/wp-json\/wp\/v2\/product_brand?post=23144"},{"taxonomy":"product_cat","embeddable":true,"href":"https:\/\/store.handsomecake.com\/en\/wp-json\/wp\/v2\/product_cat?post=23144"},{"taxonomy":"product_tag","embeddable":true,"href":"https:\/\/store.handsomecake.com\/en\/wp-json\/wp\/v2\/product_tag?post=23144"}],"curies":[{"name":"wp","href":"https:\/\/api.w.org\/{rel}","templated":true}]}}