{"id":23116,"date":"2023-06-27T20:45:31","date_gmt":"2023-06-27T20:45:31","guid":{"rendered":"https:\/\/store.handsomecake.com\/product\/jujutsu-kaisen-itadori-yuji-16-resin-statue-von-threeartisan-studio\/"},"modified":"2024-06-25T21:53:21","modified_gmt":"2024-06-25T21:53:21","slug":"jujutsu-kaisen-itadori-yuji-16-resin-statue-von-threeartisan-studio","status":"publish","type":"product","link":"https:\/\/store.handsomecake.com\/en\/product\/jujutsu-kaisen-itadori-yuji-16-resin-statue-von-threeartisan-studio\/","title":{"rendered":"Jujutsu Kaisen &#8211; Itadori Yuji | 1:6 Resin Statue | von ThreeArtisan Studio"},"content":{"rendered":"<p><strong>Jujutsu Kaisen &#8211; Itadori Yuji | 1:6 Resin Statue | von ThreeArtisan Studio<\/strong><\/p>\n<p>I do ship EU-wide, please contact me, should questions arise.<\/p>\n<p><span style=\"color: #ffffff;\"><em><span style=\"background-color: #2c3e50;\">\u00a0&#8220;\u00a0 People who are smart don&#8217;t really go around saying that themselves. &#8220; \u00a0 <\/span><\/em><\/span><\/p>\n<p>Tolle Statue des Gef\u00e4\u00dfes von K\u00f6nig der Fl\u00fcche<br \/>\nWunderbar verarbeitete und sehr detaillierte Itadori Yuji Statue aus Polystone &#8211; k\u00fcnstlichem Stein-Harz-Gemisch.<\/p>\n<p><strong>Besonderheiten:<\/strong><\/p>\n<ul>\n<li>keine<\/li>\n<\/ul>\n<p><strong>Release-Status:<\/strong><\/p>\n<ul>\n<li>Preorder. Statue wird voraussichtlich in Q2 2024 released und wir erwarten sie sch\u00e4tzungsweise Ende August 2024 bei uns im Warenlager.<\/li>\n<\/ul>\n<p>Wie immer bei meinen Aktionen &#8211; s\u00e4mtliche Geb\u00fchren sind, im Gegensatz zu anderen Angeboten, bereits inkludiert. Versand erfolgt ausschlie\u00dflich aus Deutschland, es fallen keine Zoll- und Importgeb\u00fchren an. Ihr kauft keine Katze im Sack \ud83d\ude42<\/p>\n<p><strong>Ma\u00dfe der Statue:<\/strong><\/p>\n<ul>\n<li>Gr\u00f6\u00dfe: ca. H44.5cm x W45cm x D24cm<\/li>\n<li>Gewicht: TBA, ca. 12kg (gesch\u00e4tzt)<\/li>\n<\/ul>\n<p>You are not prepared! \ud83d\ude42<\/p>","protected":false},"excerpt":{"rendered":"<p>Jujutsu Kaisen &#8211; Itadori Yuji | 1:6 Resin Statue | von ThreeArtisan Studio I do ship EU-wide, please contact me, should questions arise. \u00a0&#8220;\u00a0 People who are smart don&#8217;t really go around saying that themselves. &#8220; \u00a0 Tolle Statue des Gef\u00e4\u00dfes von K\u00f6nig der Fl\u00fcche Wunderbar verarbeitete und sehr detaillierte Itadori Yuji Statue aus Polystone [&hellip;]<\/p>\n","protected":false},"featured_media":33657,"comment_status":"closed","ping_status":"closed","template":"","meta":[],"product_brand":[],"product_cat":[24,1237,568,84],"product_tag":[612,659,666,658,147,251,383,553,1371,795,1369,1372,1374,154,136,554,1416,1431,1420,379,381,552,547,1415,1421,1418,1419],"class_list":{"0":"post-23116","1":"product","2":"type-product","3":"status-publish","4":"has-post-thumbnail","6":"product_cat-action-figuren","7":"product_cat-jujutsu-kaisen","8":"product_cat-preorder","9":"product_cat-statuen-anime-comic-universum","10":"product_tag-anime","11":"product_tag-anime-figuren","12":"product_tag-anime-figuren-shop","13":"product_tag-anime-toys","14":"product_tag-collectibles","15":"product_tag-collectibles-kaufen","16":"product_tag-collector","17":"product_tag-figure-collector","18":"product_tag-fushiguro-resin","19":"product_tag-handsomecake","20":"product_tag-jujutsu-kaisen","21":"product_tag-jujutsu-kaisen-statue","22":"product_tag-jujutsu-kaisen-toys","23":"product_tag-resin-collectibles","24":"product_tag-resin-statuen","25":"product_tag-resin-statues","26":"product_tag-ryomen-sukuna","27":"product_tag-ryomen-sukuna-collectibles","28":"product_tag-ryomen-sukuna-toys","29":"product_tag-statue-collectible","30":"product_tag-statue-collectibles","31":"product_tag-statue-collector","32":"product_tag-statues-collector","33":"product_tag-sukuna","34":"product_tag-sukuna-collectibles","35":"product_tag-sukuna-resin","36":"product_tag-sukuna-statues","37":"pa_brand-threeartisan-studio","38":"pa_scale-1_to_6","40":"first","41":"instock","42":"taxable","43":"shipping-taxable","44":"product-type-simple"},"_links":{"self":[{"href":"https:\/\/store.handsomecake.com\/en\/wp-json\/wp\/v2\/product\/23116","targetHints":{"allow":["GET"]}}],"collection":[{"href":"https:\/\/store.handsomecake.com\/en\/wp-json\/wp\/v2\/product"}],"about":[{"href":"https:\/\/store.handsomecake.com\/en\/wp-json\/wp\/v2\/types\/product"}],"replies":[{"embeddable":true,"href":"https:\/\/store.handsomecake.com\/en\/wp-json\/wp\/v2\/comments?post=23116"}],"wp:featuredmedia":[{"embeddable":true,"href":"https:\/\/store.handsomecake.com\/en\/wp-json\/wp\/v2\/media\/33657"}],"wp:attachment":[{"href":"https:\/\/store.handsomecake.com\/en\/wp-json\/wp\/v2\/media?parent=23116"}],"wp:term":[{"taxonomy":"product_brand","embeddable":true,"href":"https:\/\/store.handsomecake.com\/en\/wp-json\/wp\/v2\/product_brand?post=23116"},{"taxonomy":"product_cat","embeddable":true,"href":"https:\/\/store.handsomecake.com\/en\/wp-json\/wp\/v2\/product_cat?post=23116"},{"taxonomy":"product_tag","embeddable":true,"href":"https:\/\/store.handsomecake.com\/en\/wp-json\/wp\/v2\/product_tag?post=23116"}],"curies":[{"name":"wp","href":"https:\/\/api.w.org\/{rel}","templated":true}]}}