{"id":23003,"date":"2023-06-19T23:56:27","date_gmt":"2023-06-19T23:56:27","guid":{"rendered":"https:\/\/store.handsomecake.com\/product\/demon-slayer-nezuko-kamado-14-resin-statue-von-au-studio\/"},"modified":"2024-06-12T15:56:49","modified_gmt":"2024-06-12T15:56:49","slug":"demon-slayer-nezuko-kamado-14-resin-statue-von-au-studio","status":"publish","type":"product","link":"https:\/\/store.handsomecake.com\/en\/product\/demon-slayer-nezuko-kamado-14-resin-statue-von-au-studio\/","title":{"rendered":"Demon Slayer &#8211; Nezuko Kamado | 1:4 Resin Statue | von AU Studio"},"content":{"rendered":"<p><strong>Demon Slayer &#8211; Nezuko Kamado | 1:4 Resin Statue | von AU Studio<\/strong><\/p>\n<p>I do ship EU-wide, please contact me, should questions arise.<\/p>\n<p>Tolle Statue der j\u00fcngeren Schwester von Tanjiro Kamado.<\/p>\n<p>Wunderbar verarbeitete und sehr detaillierte Nezuko Kamado Statue aus Polystone &#8211; k\u00fcnstlichem Stein-Harz-Gemisch.<\/p>\n<p><strong>Besonderheiten: <\/strong><\/p>\n<ul>\n<li>Exclusive Version ( A+ B)<\/li>\n<li>auch verf\u00fcgbar sind A (mit Kleid) und B ( mit Bikini) Versionen<\/li>\n<\/ul>\n<p><strong>Release-Status:<\/strong><\/p>\n<ul>\n<li>Preorder. Statue wird voraussichtlich in Q1 2024 released und wir erwarten sie sch\u00e4tzungsweise Ende Mai 2024 bei uns im Warenlager.<\/li>\n<\/ul>\n<p>Wie immer bei meinen Aktionen &#8211; s\u00e4mtliche Geb\u00fchren sind, im Gegensatz zu anderen Angeboten, bereits inkludiert. Versand erfolgt ausschlie\u00dflich aus Deutschland, es fallen keine Zoll- und Importgeb\u00fchren an. Ihr kauft keine Katze im Sack \ud83d\ude42<\/p>\n<p><strong>Ma\u00dfe der Statue:<\/strong><\/p>\n<ul>\n<li>Gr\u00f6\u00dfe: ca. H55 x L31 x D31cm<\/li>\n<li>Gewicht: TBA, ca. 12 kg (gesch\u00e4tzt)<\/li>\n<\/ul>\n<p>You are not prepared! \ud83d\ude42<\/p>","protected":false},"excerpt":{"rendered":"<p>Demon Slayer &#8211; Nezuko Kamado | 1:4 Resin Statue | von AU Studio I do ship EU-wide, please contact me, should questions arise. Tolle Statue der j\u00fcngeren Schwester von Tanjiro Kamado. Wunderbar verarbeitete und sehr detaillierte Nezuko Kamado Statue aus Polystone &#8211; k\u00fcnstlichem Stein-Harz-Gemisch. Besonderheiten: Exclusive Version ( A+ B) auch verf\u00fcgbar sind A (mit [&hellip;]<\/p>\n","protected":false},"featured_media":23053,"comment_status":"closed","ping_status":"closed","template":"","meta":[],"product_brand":[],"product_cat":[24,568,84],"product_tag":[612,656,666,708,1043,658,479,147,251,383,1432,2707,1433,1424,795,2708,2709,2633,255,136,137],"class_list":{"0":"post-23003","1":"product","2":"type-product","3":"status-publish","4":"has-post-thumbnail","6":"product_cat-action-figuren","7":"product_cat-preorder","8":"product_cat-statuen-anime-comic-universum","9":"product_tag-anime","10":"product_tag-anime-collectibles","11":"product_tag-anime-figuren-shop","12":"product_tag-anime-statuen-shop","13":"product_tag-anime-statues","14":"product_tag-anime-toys","15":"product_tag-collectible","16":"product_tag-collectibles","17":"product_tag-collectibles-kaufen","18":"product_tag-collector","19":"product_tag-demon-slayer-figure","20":"product_tag-demon-slayer-nezuko","21":"product_tag-demon-slayer-resin-statue","22":"product_tag-demon-slayer-statue","23":"product_tag-handsomecake","24":"product_tag-nezuko","25":"product_tag-nezuko-kamado","26":"product_tag-resin-collectible","27":"product_tag-resin-collectibles-kaufen","28":"product_tag-resin-statuen","29":"product_tag-resin-statuen-kaufen","30":"pa_brand-au-studio","32":"first","33":"instock","34":"taxable","35":"shipping-taxable","36":"product-type-variable"},"_links":{"self":[{"href":"https:\/\/store.handsomecake.com\/en\/wp-json\/wp\/v2\/product\/23003","targetHints":{"allow":["GET"]}}],"collection":[{"href":"https:\/\/store.handsomecake.com\/en\/wp-json\/wp\/v2\/product"}],"about":[{"href":"https:\/\/store.handsomecake.com\/en\/wp-json\/wp\/v2\/types\/product"}],"replies":[{"embeddable":true,"href":"https:\/\/store.handsomecake.com\/en\/wp-json\/wp\/v2\/comments?post=23003"}],"wp:featuredmedia":[{"embeddable":true,"href":"https:\/\/store.handsomecake.com\/en\/wp-json\/wp\/v2\/media\/23053"}],"wp:attachment":[{"href":"https:\/\/store.handsomecake.com\/en\/wp-json\/wp\/v2\/media?parent=23003"}],"wp:term":[{"taxonomy":"product_brand","embeddable":true,"href":"https:\/\/store.handsomecake.com\/en\/wp-json\/wp\/v2\/product_brand?post=23003"},{"taxonomy":"product_cat","embeddable":true,"href":"https:\/\/store.handsomecake.com\/en\/wp-json\/wp\/v2\/product_cat?post=23003"},{"taxonomy":"product_tag","embeddable":true,"href":"https:\/\/store.handsomecake.com\/en\/wp-json\/wp\/v2\/product_tag?post=23003"}],"curies":[{"name":"wp","href":"https:\/\/api.w.org\/{rel}","templated":true}]}}