{"id":22866,"date":"2023-06-11T23:28:09","date_gmt":"2023-06-11T23:28:09","guid":{"rendered":"https:\/\/store.handsomecake.com\/product\/king-of-fighters-mai-shiranui-14-resin-statue-von-acy-studio\/"},"modified":"2025-01-17T00:21:36","modified_gmt":"2025-01-17T00:21:36","slug":"king-of-fighters-mai-shiranui-14-resin-statue-von-acy-studio","status":"publish","type":"product","link":"https:\/\/store.handsomecake.com\/en\/product\/king-of-fighters-mai-shiranui-14-resin-statue-von-acy-studio\/","title":{"rendered":"King of Fighters &#8211; Mai Shiranui | 1:4 Resin Statue | von Acy Studio"},"content":{"rendered":"<p><strong>King of Fighters &#8211; Mai Shiranui | 1:4 Resin Statue | von Acy Studio<\/strong><\/p>\n<p>EU Taxfree! I do ship EU-wide, please contact me, should questions arise.<\/p>\n<p><em><span style=\"color: #ffffff;\"><span style=\"background-color: #2c3e50;\">&#8222;How&#8217;d you like a humble Japanese woman who fights? &#8230;My strength adds to my beauty, you know!&#8220;<\/span><\/span><\/em><\/p>\n<p>Tolle Statue des Alluring Ninja Girls<br \/>\nWunderbar verarbeitete und sehr detaillierte Statue von Mai Shiranui aus Polystone &#8211; k\u00fcnstlichem Stein-Harz-Gemisch.<\/p>\n<p><strong>Besonderheiten:<\/strong><\/p>\n<ul>\n<li>weltweit 288 St\u00fcck<\/li>\n<li>EX Version ( A + B )<\/li>\n<li>A Version (Kleidung abnehmbar)<\/li>\n<li>B Version ( Oberk\u00f6rperkleidung abnehmbar)<\/li>\n<\/ul>\n<p><strong>Release-Status:<\/strong><\/p>\n<ul>\n<li>Preorder. Release ca. Q2 2024 erwartet, bei uns im Lager voraussichtlich Ende August 2024.<\/li>\n<\/ul>\n<p>Wie immer bei meinen Artikeln &#8211; s\u00e4mtliche Geb\u00fchren sind, im Gegensatz zu anderen Angeboten, bereits inkludiert. Versand erfolgt ausschlie\u00dflich aus Deutschland, es fallen keine Zoll- und Importgeb\u00fchren an. Ihr kauft keine Katze im Sack \ud83d\ude42<\/p>\n<p><strong>Ma\u00dfe der Statue:<\/strong><\/p>\n<ul>\n<li>Gr\u00f6\u00dfe: EX: ca. H69cm x W58cm x D40cm<\/li>\n<\/ul>\n<p>A: ca. H62cm x W28cm x D32cm<br \/>\nB: ca. H40cm x W58cm x D36cm<\/p>\n<ul>\n<li>Gewicht: TBA ca. 15kg (gesch\u00e4tzt)<\/li>\n<\/ul>\n<p>You are not prepared! \ud83d\ude42<\/p>","protected":false},"excerpt":{"rendered":"<p>King of Fighters &#8211; Mai Shiranui | 1:4 Resin Statue | von Acy Studio EU Taxfree! I do ship EU-wide, please contact me, should questions arise. &#8222;How&#8217;d you like a humble Japanese woman who fights? &#8230;My strength adds to my beauty, you know!&#8220; Tolle Statue des Alluring Ninja Girls Wunderbar verarbeitete und sehr detaillierte Statue [&hellip;]<\/p>\n","protected":false},"featured_media":22897,"comment_status":"closed","ping_status":"closed","template":"","meta":[],"product_brand":[],"product_cat":[24,568,81,430],"product_tag":[612,656,1043,658,479,147,251,383,795,1091,1098,1097,1092,1093,1094,1095,1088,1089,1090,154,255,136,137,1096],"class_list":{"0":"post-22866","1":"product","2":"type-product","3":"status-publish","4":"has-post-thumbnail","6":"product_cat-action-figuren","7":"product_cat-preorder","8":"product_cat-statuen-computerspieluniversum","9":"product_cat-street-fighter","10":"product_tag-anime","11":"product_tag-anime-collectibles","12":"product_tag-anime-statues","13":"product_tag-anime-toys","14":"product_tag-collectible","15":"product_tag-collectibles","16":"product_tag-collectibles-kaufen","17":"product_tag-collector","18":"product_tag-handsomecake","19":"product_tag-king-of-fighters","20":"product_tag-king-of-fighters-statues","21":"product_tag-king-of-fighters-toys","22":"product_tag-kof-mai","23":"product_tag-kof-mai-shiranui","24":"product_tag-kof-mai-shiranui-statue","25":"product_tag-mai-shiranui","26":"product_tag-mai-shiranui-figure","27":"product_tag-mai-shiranui-resin-statue","28":"product_tag-mai-shiranui-statue","29":"product_tag-resin-collectibles","30":"product_tag-resin-collectibles-kaufen","31":"product_tag-resin-statuen","32":"product_tag-resin-statuen-kaufen","33":"product_tag-shiranui","34":"pa_brand-acy-studio","35":"pa_scale-1_to_4","37":"first","38":"instock","39":"taxable","40":"shipping-taxable","41":"product-type-variable"},"_links":{"self":[{"href":"https:\/\/store.handsomecake.com\/en\/wp-json\/wp\/v2\/product\/22866","targetHints":{"allow":["GET"]}}],"collection":[{"href":"https:\/\/store.handsomecake.com\/en\/wp-json\/wp\/v2\/product"}],"about":[{"href":"https:\/\/store.handsomecake.com\/en\/wp-json\/wp\/v2\/types\/product"}],"replies":[{"embeddable":true,"href":"https:\/\/store.handsomecake.com\/en\/wp-json\/wp\/v2\/comments?post=22866"}],"wp:featuredmedia":[{"embeddable":true,"href":"https:\/\/store.handsomecake.com\/en\/wp-json\/wp\/v2\/media\/22897"}],"wp:attachment":[{"href":"https:\/\/store.handsomecake.com\/en\/wp-json\/wp\/v2\/media?parent=22866"}],"wp:term":[{"taxonomy":"product_brand","embeddable":true,"href":"https:\/\/store.handsomecake.com\/en\/wp-json\/wp\/v2\/product_brand?post=22866"},{"taxonomy":"product_cat","embeddable":true,"href":"https:\/\/store.handsomecake.com\/en\/wp-json\/wp\/v2\/product_cat?post=22866"},{"taxonomy":"product_tag","embeddable":true,"href":"https:\/\/store.handsomecake.com\/en\/wp-json\/wp\/v2\/product_tag?post=22866"}],"curies":[{"name":"wp","href":"https:\/\/api.w.org\/{rel}","templated":true}]}}