{"id":22803,"date":"2023-06-08T14:55:46","date_gmt":"2023-06-08T14:55:46","guid":{"rendered":"https:\/\/store.handsomecake.com\/product\/pokemon-groudon-16-resin-statue-von-pchouse-studio\/"},"modified":"2024-07-28T20:18:39","modified_gmt":"2024-07-28T20:18:39","slug":"pokemon-groudon-16-resin-statue-von-pchouse-studio","status":"publish","type":"product","link":"https:\/\/store.handsomecake.com\/en\/product\/pokemon-groudon-16-resin-statue-von-pchouse-studio\/","title":{"rendered":"Pok\u00e9mon &#8211; Groudon | 1:6 Resin Statue | von PcHouse Studio"},"content":{"rendered":"<p><strong>Pok\u00e9mon &#8211; Groudon | 1:6 Resin Statue | von PcHouse Studio<\/strong><\/p>\n<p>I do ship EU-wide, please contact me, should questions arise.<\/p>\n<p>Tolle Statue von legend\u00e4rem Pok\u00e9mon mit dem Typ Boden<br \/>\nWunderbar verarbeitete und sehr detaillierte Groudon Statue aus Polystone &#8211; k\u00fcnstlichem Stein-Harz-Gemisch.<\/p>\n<p><strong>Besonderheiten:<\/strong><\/p>\n<ul>\n<li>Regular Version 228 St\u00fcck weltweit<\/li>\n<li>Black Version 30 St\u00fcck weltweit<\/li>\n<\/ul>\n<p><strong>Release-Status:<\/strong><\/p>\n<ul>\n<li>Preorder. Statue wird sch\u00e4tzungsweise Q1 2024 fertiggestellt und wir erwarten sie bei uns im Lager gegen Ende Mai 2024.<\/li>\n<\/ul>\n<p>Wie immer bei meinen Aktionen &#8211; s\u00e4mtliche Geb\u00fchren sind, im Gegensatz zu anderen Angeboten, bereits inkludiert. Versand erfolgt ausschlie\u00dflich aus Deutschland, es fallen keine Zoll- und Importgeb\u00fchren an. Ihr kauft keine Katze im Sack \ud83d\ude42<\/p>\n<p><strong>Ma\u00dfe der Statue:<\/strong><\/p>\n<ul>\n<li>Gr\u00f6\u00dfe: ca. H40cm x W24.5cm x D41cm<\/li>\n<li>Gewicht: TBA, gesch\u00e4tzt: ca. 11kg<\/li>\n<\/ul>\n<p>You are not prepared! \ud83d\ude42<\/p>","protected":false},"excerpt":{"rendered":"<p>Pok\u00e9mon &#8211; Groudon | 1:6 Resin Statue | von PcHouse Studio I do ship EU-wide, please contact me, should questions arise. Tolle Statue von legend\u00e4rem Pok\u00e9mon mit dem Typ Boden Wunderbar verarbeitete und sehr detaillierte Groudon Statue aus Polystone &#8211; k\u00fcnstlichem Stein-Harz-Gemisch. Besonderheiten: Regular Version 228 St\u00fcck weltweit Black Version 30 St\u00fcck weltweit Release-Status: Preorder. [&hellip;]<\/p>\n","protected":false},"featured_media":22806,"comment_status":"closed","ping_status":"closed","template":"","meta":[],"product_brand":[],"product_cat":[24,125,568,84],"product_tag":[147,251,2687,2686,2684,2685,211,213,212,154,136,137],"class_list":{"0":"post-22803","1":"product","2":"type-product","3":"status-publish","4":"has-post-thumbnail","6":"product_cat-action-figuren","7":"product_cat-pokemon","8":"product_cat-preorder","9":"product_cat-statuen-anime-comic-universum","10":"product_tag-collectibles","11":"product_tag-collectibles-kaufen","12":"product_tag-groudon-pokemon","13":"product_tag-groudon-statue","14":"product_tag-ground-type","15":"product_tag-ground-type-pokemon","16":"product_tag-pokemon","17":"product_tag-pokemon-collectibles","18":"product_tag-pokemon-statuen","19":"product_tag-resin-collectibles","20":"product_tag-resin-statuen","21":"product_tag-resin-statuen-kaufen","22":"pa_brand-pc-house-studio","23":"pa_scale-1_to_6","25":"first","26":"instock","27":"taxable","28":"shipping-taxable","29":"product-type-variable"},"_links":{"self":[{"href":"https:\/\/store.handsomecake.com\/en\/wp-json\/wp\/v2\/product\/22803","targetHints":{"allow":["GET"]}}],"collection":[{"href":"https:\/\/store.handsomecake.com\/en\/wp-json\/wp\/v2\/product"}],"about":[{"href":"https:\/\/store.handsomecake.com\/en\/wp-json\/wp\/v2\/types\/product"}],"replies":[{"embeddable":true,"href":"https:\/\/store.handsomecake.com\/en\/wp-json\/wp\/v2\/comments?post=22803"}],"wp:featuredmedia":[{"embeddable":true,"href":"https:\/\/store.handsomecake.com\/en\/wp-json\/wp\/v2\/media\/22806"}],"wp:attachment":[{"href":"https:\/\/store.handsomecake.com\/en\/wp-json\/wp\/v2\/media?parent=22803"}],"wp:term":[{"taxonomy":"product_brand","embeddable":true,"href":"https:\/\/store.handsomecake.com\/en\/wp-json\/wp\/v2\/product_brand?post=22803"},{"taxonomy":"product_cat","embeddable":true,"href":"https:\/\/store.handsomecake.com\/en\/wp-json\/wp\/v2\/product_cat?post=22803"},{"taxonomy":"product_tag","embeddable":true,"href":"https:\/\/store.handsomecake.com\/en\/wp-json\/wp\/v2\/product_tag?post=22803"}],"curies":[{"name":"wp","href":"https:\/\/api.w.org\/{rel}","templated":true}]}}