{"id":22707,"date":"2023-06-07T17:23:23","date_gmt":"2023-06-07T17:23:23","guid":{"rendered":"https:\/\/store.handsomecake.com\/product\/street-fighter-cammy-white-14-resin-statue-von-lazydog-studio\/"},"modified":"2025-11-07T12:59:28","modified_gmt":"2025-11-07T12:59:28","slug":"street-fighter-cammy-white-14-resin-statue-von-lazydog-studio","status":"publish","type":"product","link":"https:\/\/store.handsomecake.com\/en\/product\/street-fighter-cammy-white-14-resin-statue-von-lazydog-studio\/","title":{"rendered":"Street Fighter &#8211; Cammy White | 1:4 Resin Statue | von Lazydog Studio"},"content":{"rendered":"<p><strong>Street Fighter &#8211; Cammy White | 1:4 Resin Statue | von Lazydog Studio<\/strong><\/p>\n<p>I do ship EU-wide, please contact me, should questions arise.<\/p>\n<p><span style=\"color: #ffffff;\"><em><span style=\"background-color: #2c3e50;\">&#8220;\u00a0\u00a0\u00a0\u00a0 Were my killer combos too much for you, huh?!\u00a0\u00a0\u00a0 &#8222;<\/span><\/em><\/span><\/p>\n<p>Tolle Statue unserer geliebten MI6 Agentin &#8211; Killer Bee<br \/>\nWunderbar verarbeitete und sehr detaillierte Cammy White Statue aus Polystone &#8211; k\u00fcnstlichem Stein-Harz-Gemisch.<\/p>\n<p><strong>Besonderheiten:<\/strong><\/p>\n<ul>\n<li>Version mit Cammys Kopf<\/li>\n<li>auch Version mit Android 18 Kopf verf\u00fcgbar<\/li>\n<li>beide Versionen mit austauschbarem nacktem K\u00f6rper<\/li>\n<\/ul>\n<p><strong>Release-Status:<\/strong><\/p>\n<ul>\n<li>Preorder. Statue wird voraussichtlich Q2 2024 released. Wir erwarten sie im Warenlager sch\u00e4tzungsweise Ende August 2024.<\/li>\n<\/ul>\n<p>Wie immer bei meinen Aktionen &#8211; s\u00e4mtliche Geb\u00fchren sind, im Gegensatz zu anderen Angeboten, bereits inkludiert. Versand erfolgt ausschlie\u00dflich aus Deutschland, es fallen keine Zoll- und Importgeb\u00fchren an. Ihr kauft keine Katze im Sack \ud83d\ude42<\/p>\n<p><strong>Ma\u00dfe der Statue:<\/strong><\/p>\n<ul>\n<li>Gr\u00f6\u00dfe: ca. 48cm x 34cm x 24cm<\/li>\n<li>Gewicht: ca. 12kg (gesch\u00e4tzt)<\/li>\n<\/ul>\n<p>You are not prepared! \ud83d\ude42<\/p>","protected":false},"excerpt":{"rendered":"<p>Street Fighter &#8211; Cammy White | 1:4 Resin Statue | von Lazydog Studio I do ship EU-wide, please contact me, should questions arise. &#8220;\u00a0\u00a0\u00a0\u00a0 Were my killer combos too much for you, huh?!\u00a0\u00a0\u00a0 &#8222; Tolle Statue unserer geliebten MI6 Agentin &#8211; Killer Bee Wunderbar verarbeitete und sehr detaillierte Cammy White Statue aus Polystone &#8211; k\u00fcnstlichem [&hellip;]<\/p>\n","protected":false},"featured_media":22735,"comment_status":"closed","ping_status":"closed","template":"","meta":[],"product_brand":[],"product_cat":[24,87,568,84,81,430],"product_tag":[612,717,640,658,1159,1156,1158,1157,479,147,251,383,553,795,154,255,136,137,554,379,381,552,380,382,547,432,1160,433,434],"class_list":{"0":"post-22707","1":"product","2":"type-product","3":"status-publish","4":"has-post-thumbnail","6":"product_cat-action-figuren","7":"product_cat-dragon-ball","8":"product_cat-preorder","9":"product_cat-statuen-anime-comic-universum","10":"product_cat-statuen-computerspieluniversum","11":"product_cat-street-fighter","12":"product_tag-anime","13":"product_tag-anime-shop","14":"product_tag-anime-statuen","15":"product_tag-anime-toys","16":"product_tag-cammy-collectible","17":"product_tag-cammy-figurine","18":"product_tag-cammy-statue","19":"product_tag-cammy-toy","20":"product_tag-collectible","21":"product_tag-collectibles","22":"product_tag-collectibles-kaufen","23":"product_tag-collector","24":"product_tag-figure-collector","25":"product_tag-handsomecake","26":"product_tag-resin-collectibles","27":"product_tag-resin-collectibles-kaufen","28":"product_tag-resin-statuen","29":"product_tag-resin-statuen-kaufen","30":"product_tag-resin-statues","31":"product_tag-statue-collectible","32":"product_tag-statue-collectibles","33":"product_tag-statue-collector","34":"product_tag-statues-collectible","35":"product_tag-statues-collectibles","36":"product_tag-statues-collector","37":"product_tag-street-fighter","38":"product_tag-street-fighter-cammy","39":"product_tag-street-fighter-collectibles","40":"product_tag-street-fighter-statuen","41":"pa_brand-lazy-dog-studio","42":"pa_scale-1_to_4","44":"first","45":"instock","46":"taxable","47":"shipping-taxable","48":"product-type-variable"},"_links":{"self":[{"href":"https:\/\/store.handsomecake.com\/en\/wp-json\/wp\/v2\/product\/22707","targetHints":{"allow":["GET"]}}],"collection":[{"href":"https:\/\/store.handsomecake.com\/en\/wp-json\/wp\/v2\/product"}],"about":[{"href":"https:\/\/store.handsomecake.com\/en\/wp-json\/wp\/v2\/types\/product"}],"replies":[{"embeddable":true,"href":"https:\/\/store.handsomecake.com\/en\/wp-json\/wp\/v2\/comments?post=22707"}],"wp:featuredmedia":[{"embeddable":true,"href":"https:\/\/store.handsomecake.com\/en\/wp-json\/wp\/v2\/media\/22735"}],"wp:attachment":[{"href":"https:\/\/store.handsomecake.com\/en\/wp-json\/wp\/v2\/media?parent=22707"}],"wp:term":[{"taxonomy":"product_brand","embeddable":true,"href":"https:\/\/store.handsomecake.com\/en\/wp-json\/wp\/v2\/product_brand?post=22707"},{"taxonomy":"product_cat","embeddable":true,"href":"https:\/\/store.handsomecake.com\/en\/wp-json\/wp\/v2\/product_cat?post=22707"},{"taxonomy":"product_tag","embeddable":true,"href":"https:\/\/store.handsomecake.com\/en\/wp-json\/wp\/v2\/product_tag?post=22707"}],"curies":[{"name":"wp","href":"https:\/\/api.w.org\/{rel}","templated":true}]}}