{"id":227,"date":"2020-07-08T10:46:50","date_gmt":"2020-07-08T10:46:50","guid":{"rendered":"https:\/\/store.handsomecake.com\/?post_type=product&#038;p=227"},"modified":"2024-06-12T14:27:46","modified_gmt":"2024-06-12T14:27:46","slug":"cyberpunk-2077-collectors-edition-xbox-ps4","status":"publish","type":"product","link":"https:\/\/store.handsomecake.com\/en\/product\/cyberpunk-2077-collectors-edition-xbox-ps4\/","title":{"rendered":"Cyberpunk 2077 &#8211; Collectors Edition (XBOX|PS4)"},"content":{"rendered":"<h2 class=\"prodSecHead\"><span style=\"font-family: -apple-system, BlinkMacSystemFont, 'Segoe UI', Roboto, Oxygen-Sans, Ubuntu, Cantarell, 'Helvetica Neue', sans-serif; font-size: 16px;\">Cyberpunk 2077 ist ein Open-World-Action-Adventure, das in Night City spielt \u2013 einer Megalopolis, deren Bewohner von Macht, Glamour und K\u00f6rpermodifikationen besessen sind. Du schl\u00fcpfst in die Rolle von V, einem gesetzlosen S\u00f6ldner auf der Suche nach einem einzigartigen Implantat \u2013 dem Schl\u00fcssel zur Unsterblichkeit. Cyberware, Skillset und Spielstil deines Charakters k\u00f6nnen dabei nach Belieben angepasst werden. Entdecke eine riesige Stadt, in der deine Entscheidungen alles ver\u00e4ndern werden.<\/span><\/h2>\n<div class=\"textDesc\">\n<ul>\n<li>SPIELE ALS GESETZLOSER S\u00d6LDNER<\/li>\n<\/ul>\n<p>Steige als Cyberpunk, einem Gro\u00dfstadt-S\u00f6ldner ausgestattet mit kybernetischen Verbesserungen, in den Stra\u00dfen von Night City zur Legende auf.<\/p>\n<ul>\n<li>LEBE IN DER STADT DER ZUKUNFT<\/li>\n<\/ul>\n<p>Betritt die riesige offene Welt von Night City, einem Ort, der in Sachen Grafik, Komplexit\u00e4t und Spieltiefe neue Standards setzt.<\/p>\n<ul>\n<li>KLAUE DAS IMPLANTAT, DAS EWIGES LEBEN VERSPRICHT<\/li>\n<\/ul>\n<p>\u00dcbernimm den riskantesten Job deines Lebens und begib dich auf die Jagd nach dem Schl\u00fcssel zur Unsterblichkeit.<\/p>\n<\/div>\n<div>\n<h4>Zus\u00e4tzliche Inhalte<\/h4>\n<div class=\"textDesc\">\n<p>Die \u201eCollector\u2019s Edition\u201c beinhaltet die folgenden Gegenst\u00e4nde:<\/p>\n<ul>\n<li>\u201eCollector\u2019s Edition\u201c-Box<\/li>\n<li>H\u00fclle mit Spieldiscs<\/li>\n<li>Sammler-SteelBook\u00ae<\/li>\n<li>25 cm hohe Figur von V, der Hauptfigur des Spiels, in Aktion<\/li>\n<li>Gebundenes Artbook<\/li>\n<li>Metallanstecker-Set<\/li>\n<li>\u201eQuadra V-Tech\u201c-Metallschl\u00fcsselanh\u00e4nger<\/li>\n<li>Eine kommentierte Ausgabe des \u201eNight City-Reisef\u00fchrers\u201c, versiegelt in einer NCPD-Asservatent\u00fcte<\/li>\n<li>Gestickte Aufn\u00e4her<\/li>\n<li>Weltkompendium mit Details zu Setting und Hintergrundgeschichte des Spiels<\/li>\n<li>Postkarten aus Night City<\/li>\n<li>Karte von Night City<\/li>\n<li>Stickerbomb-Set<\/li>\n<\/ul>\n<p>Enthaltene digitale Boni:<\/p>\n<ul>\n<li>Soundtrack zum Spiel<\/li>\n<li>Art-Booklet mit einer Auswahl von Artworks aus dem Spiel<\/li>\n<li>\u201eCyberpunk 2020\u201c-Quellensammlung<\/li>\n<li>Bildschirmhintergr\u00fcnde f\u00fcr Desktop und Mobilger\u00e4te<\/li>\n<\/ul>\n<\/div>\n<\/div>","protected":false},"excerpt":{"rendered":"<h2 class=\"prodSecHead\"><span style=\"font-family: -apple-system, BlinkMacSystemFont, 'Segoe UI', Roboto, Oxygen-Sans, Ubuntu, Cantarell, 'Helvetica Neue', sans-serif; font-size: 16px;\">Die Sammelausgabe des preisgekr\u00f6nten Spiels der Witcher-Macher, Cyberpunk 2077 bei uns im Shop. Collectors Edition im HandsomeCake Goodies Store kaufen.<\/span><\/h2>","protected":false},"featured_media":228,"comment_status":"open","ping_status":"closed","template":"","meta":[],"product_brand":[],"product_cat":[17],"product_tag":[56,55,59,61,53],"class_list":{"0":"post-227","1":"product","2":"type-product","3":"status-publish","4":"has-post-thumbnail","6":"product_cat-collectors-editions","7":"product_tag-cyberpunk-2077-ce-kaufen","8":"product_tag-cyberpunk-2077-ps4-ce","9":"product_tag-cyberpunk-2077-xbox-ce","10":"product_tag-cyberpunk-2077-xbox-collectors-edition-kaufen","11":"product_tag-cyberpunkt-2077-collectors-edition","13":"first","14":"instock","15":"sale","16":"taxable","17":"shipping-taxable","18":"product-type-variable"},"_links":{"self":[{"href":"https:\/\/store.handsomecake.com\/en\/wp-json\/wp\/v2\/product\/227","targetHints":{"allow":["GET"]}}],"collection":[{"href":"https:\/\/store.handsomecake.com\/en\/wp-json\/wp\/v2\/product"}],"about":[{"href":"https:\/\/store.handsomecake.com\/en\/wp-json\/wp\/v2\/types\/product"}],"replies":[{"embeddable":true,"href":"https:\/\/store.handsomecake.com\/en\/wp-json\/wp\/v2\/comments?post=227"}],"wp:featuredmedia":[{"embeddable":true,"href":"https:\/\/store.handsomecake.com\/en\/wp-json\/wp\/v2\/media\/228"}],"wp:attachment":[{"href":"https:\/\/store.handsomecake.com\/en\/wp-json\/wp\/v2\/media?parent=227"}],"wp:term":[{"taxonomy":"product_brand","embeddable":true,"href":"https:\/\/store.handsomecake.com\/en\/wp-json\/wp\/v2\/product_brand?post=227"},{"taxonomy":"product_cat","embeddable":true,"href":"https:\/\/store.handsomecake.com\/en\/wp-json\/wp\/v2\/product_cat?post=227"},{"taxonomy":"product_tag","embeddable":true,"href":"https:\/\/store.handsomecake.com\/en\/wp-json\/wp\/v2\/product_tag?post=227"}],"curies":[{"name":"wp","href":"https:\/\/api.w.org\/{rel}","templated":true}]}}